{"id":16659,"date":"2022-05-30T10:24:27","date_gmt":"2022-05-30T08:24:27","guid":{"rendered":"https:\/\/www.raschvin.com\/vare\/ratzeputz-originale-58-70-cl\/"},"modified":"2022-12-02T18:49:38","modified_gmt":"2022-12-02T17:49:38","slug":"ratzeputz-originale-58-70-cl","status":"publish","type":"product","link":"https:\/\/www.raschvin.com\/sv\/produkt\/ratzeputz-originale-58-70-cl\/","title":{"rendered":"Ratzeputz 70 cl. 58%"},"content":{"rendered":"<p>RatzePutz Bitter \u00e4r en unik, tysk bitter inneh\u00e5llande extrakt och destillat av ingef\u00e4ra rot, vilket s\u00e4gs vara bra f\u00f6r magen. Smaken \u00e4r kraftfull och stark och l\u00e4mnar en l\u00e5ng eftersmak. Trots det faktum att alkoholprocent idag ligger under 58, har det tidigare varit betydligt h\u00f6gre.<\/p>\n","protected":false},"excerpt":{"rendered":"<p>German Herbal Bitter\/Krauterlik\u00f6r<\/p>\n","protected":false},"featured_media":7271,"template":"","meta":{"_acf_changed":false,"rs_blank_template":"","rs_page_bg_color":"","slide_template_v7":""},"product_brand":[],"product_cat":[2394,2402,2407],"product_tag":[],"class_list":{"0":"post-16659","1":"product","2":"type-product","3":"status-publish","4":"has-post-thumbnail","6":"product_cat-bitter-sv","7":"product_cat-sprit-sv","8":"product_cat-shots-sv","9":"pa_land-tyskland-sv","10":"pa_procent-58-sv","11":"pa_producent-schwarze-and-schlichte-in-oelde-sv","12":"pa_volume-70-sv-2","14":"first","15":"instock","16":"sale","17":"taxable","18":"shipping-taxable","19":"purchasable","20":"product-type-simple"},"bundled_by":[],"bundle_stock_status":"instock","bundle_stock_quantity":null,"bundle_virtual":false,"bundle_layout":"","bundle_add_to_cart_form_location":"","bundle_editable_in_cart":false,"bundle_sold_individually_context":"","bundle_item_grouping":"","bundle_min_size":"","bundle_max_size":"","bundle_price":[],"bundled_items":[],"bundle_sell_ids":[],"acf":[],"_links":{"self":[{"href":"https:\/\/www.raschvin.com\/sv\/wp-json\/wp\/v2\/product\/16659","targetHints":{"allow":["GET"]}}],"collection":[{"href":"https:\/\/www.raschvin.com\/sv\/wp-json\/wp\/v2\/product"}],"about":[{"href":"https:\/\/www.raschvin.com\/sv\/wp-json\/wp\/v2\/types\/product"}],"wp:featuredmedia":[{"embeddable":true,"href":"https:\/\/www.raschvin.com\/sv\/wp-json\/wp\/v2\/media\/7271"}],"wp:attachment":[{"href":"https:\/\/www.raschvin.com\/sv\/wp-json\/wp\/v2\/media?parent=16659"}],"wp:term":[{"taxonomy":"product_brand","embeddable":true,"href":"https:\/\/www.raschvin.com\/sv\/wp-json\/wp\/v2\/product_brand?post=16659"},{"taxonomy":"product_cat","embeddable":true,"href":"https:\/\/www.raschvin.com\/sv\/wp-json\/wp\/v2\/product_cat?post=16659"},{"taxonomy":"product_tag","embeddable":true,"href":"https:\/\/www.raschvin.com\/sv\/wp-json\/wp\/v2\/product_tag?post=16659"}],"curies":[{"name":"wp","href":"https:\/\/api.w.org\/{rel}","templated":true}]}}