{"id":16658,"date":"2022-05-30T10:24:27","date_gmt":"2022-05-30T08:24:27","guid":{"rendered":"https:\/\/www.raschvin.com\/vare\/von-oosten-bitter\/"},"modified":"2022-12-12T19:53:16","modified_gmt":"2022-12-12T18:53:16","slug":"von-oosten-bitter","status":"publish","type":"product","link":"https:\/\/www.raschvin.com\/sv\/produkt\/von-oosten-bitter\/","title":{"rendered":"Von Oosten Bitter 70 cl. 35%"},"content":{"rendered":"<p>VINAVISEN ****<\/p>\n<p>Von oost bitter \u00e4r en gammal bitter med en mycket karakteristisk och kraftfull smak. Skaparen, Simon Levy van Oosten, f\u00f6ddes tillbaka 1799 i Nederl\u00e4nderna. \u00c5r 1841 flyttade han sig och d\u00e4rmed ocks\u00e5 produktion till Hamburg i Tyskland. H\u00e4r bytte han van till den tyska von. S.l. von Oost dog i h\u00f6g \u00e5lder p\u00e5 79 \u00e5r.<\/p>\n<p>Von oost bitter importerades till FAD fr\u00e5n Hamburg, knackade och f\u00f6rhandlades av vin och sprit grossistf\u00f6retag Emanuel M\u00f8ller &#038; Co., K\u00f6penhamn V \/ Michael Sejersen. Den 9 oktober 1908, Emanuel M\u00f8ller &#038; Co, tillsammans med Vinagenturfirmaet k\u00f6pt Marinus M\u00f8ller &#038; Co, K\u00f6penhamn V \/ William Beylegaard Herseth och S\u00f8ren Engel Rights to Name and Production f\u00f6r Danmark av f\u00f6rs\u00e4ljaren Eduard Zaun, Hamburg.<\/p>\n<p>Tillverkningen i Hamburg upph\u00f6rde under andra v\u00e4rldskriget och \u00e5terupptogs aldrig. Danmark \u00e4r d\u00e4rf\u00f6r det enda landet som idag tillverkar den ursprungliga von Oost Bitter &#8211; ensam anpassad till tiden.<\/p>\n<p>Von oost bitter har en h\u00e4rlig karakteristisk och kraftfull smak av kanel, nellike, apelsin och enb\u00e4r.<\/p>\n<p>Bland trofasta f\u00f6ljare har den l\u00e4ngsta uppn\u00e5dda kultstatusen: N\u00e4r von Oost alltid biter von Oosten.<\/p>\n<p>Njut av den h\u00e4r bittera som en v\u00e4lg\u00f6renhet morgonkedja eller att v\u00e4rma.<\/p>\n<p>Von Oost serveras vid rumstemperatur.<\/p>\n<p>Vinavis har gett von oost bitter 5 stj\u00e4rnor och skrev f\u00f6ljande om det &#8211; &#8221;det gamla receptet p\u00e5 den h\u00e4r bitteren kom 1899 till Danmark, vilket \u00e4r det enda landet d\u00e4r drycken \u00e4r tillverkad. Och det \u00e4r en riktigt trevlig och sp\u00e4nnande bitter Med en kraftfull (naturligtvis), rik, ganska mjuk smak med tonnam och nejlikor. Den \u00e4ldsta smaken av kamfer \u00e4r inte lika framtr\u00e4dande. Von Oost \u00e4r l\u00e5ngt, l\u00e5ngt b\u00e4ttre \u00e4n den vanliga gamla danska och inte s\u00e5 skarpa. &#8221;<\/p>\n","protected":false},"excerpt":{"rendered":"<p>Danish Bitter<\/p>\n","protected":false},"featured_media":7258,"template":"","meta":{"_acf_changed":false,"rs_blank_template":"","rs_page_bg_color":"","slide_template_v7":""},"product_brand":[],"product_cat":[2394,2743],"product_tag":[],"class_list":{"0":"post-16658","1":"product","2":"type-product","3":"status-publish","4":"has-post-thumbnail","6":"product_cat-bitter-sv","7":"product_cat-brannvin-sv","8":"pa_land-danmark-sv","9":"pa_procent-35-sv","10":"pa_producent-taster-wine-sv","11":"pa_volume-70-sv-2","13":"first","14":"instock","15":"taxable","16":"shipping-taxable","17":"purchasable","18":"product-type-simple"},"bundled_by":[],"bundle_stock_status":"instock","bundle_stock_quantity":null,"bundle_virtual":false,"bundle_layout":"","bundle_add_to_cart_form_location":"","bundle_editable_in_cart":false,"bundle_sold_individually_context":"","bundle_item_grouping":"","bundle_min_size":"","bundle_max_size":"","bundle_price":[],"bundled_items":[],"bundle_sell_ids":[],"acf":[],"_links":{"self":[{"href":"https:\/\/www.raschvin.com\/sv\/wp-json\/wp\/v2\/product\/16658","targetHints":{"allow":["GET"]}}],"collection":[{"href":"https:\/\/www.raschvin.com\/sv\/wp-json\/wp\/v2\/product"}],"about":[{"href":"https:\/\/www.raschvin.com\/sv\/wp-json\/wp\/v2\/types\/product"}],"wp:featuredmedia":[{"embeddable":true,"href":"https:\/\/www.raschvin.com\/sv\/wp-json\/wp\/v2\/media\/7258"}],"wp:attachment":[{"href":"https:\/\/www.raschvin.com\/sv\/wp-json\/wp\/v2\/media?parent=16658"}],"wp:term":[{"taxonomy":"product_brand","embeddable":true,"href":"https:\/\/www.raschvin.com\/sv\/wp-json\/wp\/v2\/product_brand?post=16658"},{"taxonomy":"product_cat","embeddable":true,"href":"https:\/\/www.raschvin.com\/sv\/wp-json\/wp\/v2\/product_cat?post=16658"},{"taxonomy":"product_tag","embeddable":true,"href":"https:\/\/www.raschvin.com\/sv\/wp-json\/wp\/v2\/product_tag?post=16658"}],"curies":[{"name":"wp","href":"https:\/\/api.w.org\/{rel}","templated":true}]}}