{"id":16656,"date":"2022-05-30T10:24:27","date_gmt":"2022-05-30T08:24:27","guid":{"rendered":"https:\/\/www.raschvin.com\/vare\/original-dr-nielsens-bitter\/"},"modified":"2022-11-29T16:39:28","modified_gmt":"2022-11-29T15:39:28","slug":"original-dr-nielsens-bitter","status":"publish","type":"product","link":"https:\/\/www.raschvin.com\/sv\/produkt\/original-dr-nielsens-bitter\/","title":{"rendered":"Original Dr. Nielsen&#8217;s Bitter 70 cl. 38%"},"content":{"rendered":"<p>Internationellt vin och spritkonkurrens &#8211; Silver<\/p>\n<p>Original Dr. Nielsen bitter \u00e4r bland annat en utvinning av \u00e5tta olika \u00f6rter. Pomerans och stj\u00e4rnanis. Det k\u00e4nnetecknas av en mild, karakt\u00e4ristisk och bekv\u00e4m smak och en raffinerad, perfekt anpassad eftersmak. Denna unika smak \u00e5terspeglar alla de anv\u00e4nda \u00f6rterna.<\/p>\n<p>Det kan avnjutas vid rumstemperatur som en uppv\u00e4rmningsdram i kallt v\u00e4der eller helt enkelt med en \u00f6l.<\/p>\n<p>Dr. Nielsen var en ivrig j\u00e4gare och utomhusmaskiner, som fram till 1937 bodde i en sidoving till Hobro Pharmacy, d\u00e4r han, tillsammans med sina goda v\u00e4nner, apoteksfamilj, satte mycket arbete med att hitta &#8221;r\u00e4tt bitter&#8221;. M\u00e5nga kv\u00e4llar anv\u00e4ndes f\u00f6re den en dag i det annars m\u00f6rka 30-talet upplyst &#8211; en m\u00e5ngsidig bitter med m\u00e5nga applikationer hittades! 1988, Dr. Nielsens familjrecept vidare och l\u00e5t Johs. M. KLEIN DISTRIBUTION A \/ S &#8217;VINTYP Slutf\u00f6r arbetet.<\/p>\n","protected":false},"excerpt":{"rendered":"<p>Danish Classic Bitter<\/p>\n","protected":false},"featured_media":7244,"template":"","meta":{"_acf_changed":false,"rs_blank_template":"","rs_page_bg_color":"","slide_template_v7":""},"product_brand":[],"product_cat":[2394],"product_tag":[],"class_list":{"0":"post-16656","1":"product","2":"type-product","3":"status-publish","4":"has-post-thumbnail","6":"product_cat-bitter-sv","7":"pa_land-danmark-sv","8":"pa_procent-38-sv","9":"pa_producent-johs-m-klein-distribution-sv","10":"pa_volume-70-sv-2","12":"first","13":"instock","14":"taxable","15":"shipping-taxable","16":"purchasable","17":"product-type-simple"},"bundled_by":[],"bundle_stock_status":"instock","bundle_stock_quantity":null,"bundle_virtual":false,"bundle_layout":"","bundle_add_to_cart_form_location":"","bundle_editable_in_cart":false,"bundle_sold_individually_context":"","bundle_item_grouping":"","bundle_min_size":"","bundle_max_size":"","bundle_price":[],"bundled_items":[],"bundle_sell_ids":[],"acf":[],"_links":{"self":[{"href":"https:\/\/www.raschvin.com\/sv\/wp-json\/wp\/v2\/product\/16656","targetHints":{"allow":["GET"]}}],"collection":[{"href":"https:\/\/www.raschvin.com\/sv\/wp-json\/wp\/v2\/product"}],"about":[{"href":"https:\/\/www.raschvin.com\/sv\/wp-json\/wp\/v2\/types\/product"}],"wp:featuredmedia":[{"embeddable":true,"href":"https:\/\/www.raschvin.com\/sv\/wp-json\/wp\/v2\/media\/7244"}],"wp:attachment":[{"href":"https:\/\/www.raschvin.com\/sv\/wp-json\/wp\/v2\/media?parent=16656"}],"wp:term":[{"taxonomy":"product_brand","embeddable":true,"href":"https:\/\/www.raschvin.com\/sv\/wp-json\/wp\/v2\/product_brand?post=16656"},{"taxonomy":"product_cat","embeddable":true,"href":"https:\/\/www.raschvin.com\/sv\/wp-json\/wp\/v2\/product_cat?post=16656"},{"taxonomy":"product_tag","embeddable":true,"href":"https:\/\/www.raschvin.com\/sv\/wp-json\/wp\/v2\/product_tag?post=16656"}],"curies":[{"name":"wp","href":"https:\/\/api.w.org\/{rel}","templated":true}]}}