{"id":16655,"date":"2022-05-30T10:24:27","date_gmt":"2022-05-30T08:24:27","guid":{"rendered":"https:\/\/www.raschvin.com\/vare\/arnbitter-70-cl-50\/"},"modified":"2023-03-13T09:40:32","modified_gmt":"2023-03-13T08:40:32","slug":"arnbitter-70-cl-50","status":"publish","type":"product","link":"https:\/\/www.raschvin.com\/sv\/produkt\/arnbitter-70-cl-50\/","title":{"rendered":"Arnbitter 70 cl. 50%"},"content":{"rendered":"<p>Arnbitter \u00e4r en tv\u00e4tt unik dansk bitter, som uppfanns av Arne M. Hansen, som driver sin ving\u00e5rd p\u00e5 Aarhus Harbour. Exakt n\u00e4r har tyv\u00e4rr f\u00f6rlorat i det os\u00e4kra. Men vi h\u00f6r om f\u00f6rsta g\u00e5ngen i b\u00f6rjan av 60-talet, d\u00e4r Arne med sina vintyper Harald P. S\u00f8rensen experimenterar sig till det f\u00e4rdiga resultatet. Kommersiellt f\u00e5r det sitt genombrott 1970. H\u00e4r vinner det sin f\u00f6rsta guldmedalj p\u00e5 den internationella vin- och spritutst\u00e4llningen i Rotterdam den 2 oktober 1970.<\/p>\n<p>F\u00f6retaget Anthon Thorup tog \u00f6ver Arnbitter 1978. Ett f\u00f6retag grundades 1893 av Vinhandler Anthon Thorup.<\/p>\n<p>Arnbitter har s\u00e5ledes sedan 60-talet p\u00e5 grund av fasta hantverk och en speciell speciell styrka, karakt\u00e4r och smak, skapat sin speciella nisch p\u00e5 de bittera befintliga danskarna.<\/p>\n<p>Med 50% i alkoholstyrka och ett hemligt recept p\u00e5 uts\u00f6kta \u00f6rter \u00e4r Arnbitter en dansk klassiker som \u00e4r den egen. Den genereras i 2500 liter stora tankar, d\u00e4r bitteret omr\u00f6res och lagrar i 3 m\u00e5nader innan det \u00e4r helt klart.<\/p>\n<p>Receptet \u00e4r en v\u00e4lbevarad hemlighet, som bland annat best\u00e5r av kardemumma, nejlikor, saffran och lakritsrot.<\/p>\n<p>Bara drycker \u00e4r ett aff\u00e4rsf\u00f6retag som distribuerar ett antal k\u00e4nda sprit, inklusive Arnbitter som tidigare producerats av Anton Thorup &#038; Son i \u00c5rhus. Bara drycker \u00e4gs av hans Just Group A \/ S.<\/p>\n","protected":false},"excerpt":{"rendered":"<p>Danish Strong Bitter<\/p>\n","protected":false},"featured_media":33606,"template":"","meta":{"_acf_changed":false,"rs_blank_template":"","rs_page_bg_color":"","slide_template_v7":""},"product_brand":[],"product_cat":[2394],"product_tag":[],"class_list":{"0":"post-16655","1":"product","2":"type-product","3":"status-publish","4":"has-post-thumbnail","6":"product_cat-bitter-sv","7":"pa_land-danmark-sv","8":"pa_procent-50-sv","9":"pa_producent-just-drinks-sv","10":"pa_volume-70-sv-2","12":"first","13":"instock","14":"taxable","15":"shipping-taxable","16":"purchasable","17":"product-type-simple"},"bundled_by":[],"bundle_stock_status":"instock","bundle_stock_quantity":null,"bundle_virtual":false,"bundle_layout":"","bundle_add_to_cart_form_location":"","bundle_editable_in_cart":false,"bundle_sold_individually_context":"","bundle_item_grouping":"","bundle_min_size":"","bundle_max_size":"","bundle_price":[],"bundled_items":[],"bundle_sell_ids":[],"acf":[],"_links":{"self":[{"href":"https:\/\/www.raschvin.com\/sv\/wp-json\/wp\/v2\/product\/16655","targetHints":{"allow":["GET"]}}],"collection":[{"href":"https:\/\/www.raschvin.com\/sv\/wp-json\/wp\/v2\/product"}],"about":[{"href":"https:\/\/www.raschvin.com\/sv\/wp-json\/wp\/v2\/types\/product"}],"wp:featuredmedia":[{"embeddable":true,"href":"https:\/\/www.raschvin.com\/sv\/wp-json\/wp\/v2\/media\/33606"}],"wp:attachment":[{"href":"https:\/\/www.raschvin.com\/sv\/wp-json\/wp\/v2\/media?parent=16655"}],"wp:term":[{"taxonomy":"product_brand","embeddable":true,"href":"https:\/\/www.raschvin.com\/sv\/wp-json\/wp\/v2\/product_brand?post=16655"},{"taxonomy":"product_cat","embeddable":true,"href":"https:\/\/www.raschvin.com\/sv\/wp-json\/wp\/v2\/product_cat?post=16655"},{"taxonomy":"product_tag","embeddable":true,"href":"https:\/\/www.raschvin.com\/sv\/wp-json\/wp\/v2\/product_tag?post=16655"}],"curies":[{"name":"wp","href":"https:\/\/api.w.org\/{rel}","templated":true}]}}