{"id":16654,"date":"2022-05-30T10:24:27","date_gmt":"2022-05-30T08:24:27","guid":{"rendered":"https:\/\/www.raschvin.com\/vare\/mummelmann-jagtbitter-37-5\/"},"modified":"2022-11-28T18:58:57","modified_gmt":"2022-11-28T17:58:57","slug":"muemmelmann-jagtbitter-37-5","status":"publish","type":"product","link":"https:\/\/www.raschvin.com\/sv\/produkt\/muemmelmann-jagtbitter-37-5\/","title":{"rendered":"M\u00fcmmelmann Jagdbitter 70 cl. 35%"},"content":{"rendered":"<p>En typisk tysk herbicator, hj\u00e4rtlig och mild p\u00e5 samma g\u00e5ng. Mittstycket \u00e4r ett extrakt av \u00f6ver 20 olika \u00f6rter, r\u00f6tter och kryddor baserat p\u00e5 ett internt recept.<\/p>\n","protected":false},"excerpt":{"rendered":"<p>Kr\u00e4uterlik\u00f6r &#8211; Germany<\/p>\n","protected":false},"featured_media":30458,"template":"","meta":{"_acf_changed":false,"rs_blank_template":"","rs_page_bg_color":"","slide_template_v7":""},"product_brand":[],"product_cat":[2387,2390,2394,4714],"product_tag":[],"class_list":{"0":"post-16654","1":"product","2":"type-product","3":"status-publish","4":"has-post-thumbnail","6":"product_cat-avec-sv","7":"product_cat-sprit","8":"product_cat-bitter-sv","9":"product_cat-ort","10":"pa_land-tyskland-sv","11":"pa_procent-35-sv","12":"pa_volume-70-sv-2","14":"first","15":"outofstock","16":"sale","17":"taxable","18":"shipping-taxable","19":"purchasable","20":"product-type-simple"},"bundled_by":[],"bundle_stock_status":"outofstock","bundle_stock_quantity":null,"bundle_virtual":false,"bundle_layout":"","bundle_add_to_cart_form_location":"","bundle_editable_in_cart":false,"bundle_sold_individually_context":"","bundle_item_grouping":"","bundle_min_size":"","bundle_max_size":"","bundle_price":[],"bundled_items":[],"bundle_sell_ids":[],"acf":[],"_links":{"self":[{"href":"https:\/\/www.raschvin.com\/sv\/wp-json\/wp\/v2\/product\/16654","targetHints":{"allow":["GET"]}}],"collection":[{"href":"https:\/\/www.raschvin.com\/sv\/wp-json\/wp\/v2\/product"}],"about":[{"href":"https:\/\/www.raschvin.com\/sv\/wp-json\/wp\/v2\/types\/product"}],"wp:featuredmedia":[{"embeddable":true,"href":"https:\/\/www.raschvin.com\/sv\/wp-json\/wp\/v2\/media\/30458"}],"wp:attachment":[{"href":"https:\/\/www.raschvin.com\/sv\/wp-json\/wp\/v2\/media?parent=16654"}],"wp:term":[{"taxonomy":"product_brand","embeddable":true,"href":"https:\/\/www.raschvin.com\/sv\/wp-json\/wp\/v2\/product_brand?post=16654"},{"taxonomy":"product_cat","embeddable":true,"href":"https:\/\/www.raschvin.com\/sv\/wp-json\/wp\/v2\/product_cat?post=16654"},{"taxonomy":"product_tag","embeddable":true,"href":"https:\/\/www.raschvin.com\/sv\/wp-json\/wp\/v2\/product_tag?post=16654"}],"curies":[{"name":"wp","href":"https:\/\/api.w.org\/{rel}","templated":true}]}}