{"id":16651,"date":"2022-05-30T10:23:19","date_gmt":"2022-05-30T08:23:19","guid":{"rendered":"https:\/\/www.raschvin.com\/vare\/dailuaine-1998-19-years-gm-c-c-new\/"},"modified":"2023-03-20T18:34:09","modified_gmt":"2023-03-20T17:34:09","slug":"dailuaine-1998-19-years-gm-c-c-new","status":"publish","type":"product","link":"https:\/\/www.raschvin.com\/sv\/produkt\/dailuaine-1998-19-years-gm-c-c-new\/","title":{"rendered":"Dailuaine 1998 19 Years &#8211; G&#038;M C.C 70 cl. 46%"},"content":{"rendered":"<p>Batch 18\/021 \u00e4r en 1998 Dailuaine i 2018 av G &#038; M f\u00f6r deras nya och f\u00f6rb\u00e4ttrade Connoisseurs valutbud.<\/p>\n<p>Detta \u00e4r en vattning av tv\u00e5 blekna som har mognat i minst 19 \u00e5r i p\u00e5fyllning amerikanska hogsheads.<\/p>\n<p>Endast 670 flaskor producerades.<\/p>\n<p>Om du aldrig har f\u00f6rs\u00f6kt dailuaine tidigare, \u00e4r du i en behandling med det 19-\u00e5riga exemplet fr\u00e5n Indy Bottler Gordon &#038; MacPhail. En fullst\u00e4ndig och s\u00f6t n\u00e4sa av glaserad ananas och vaniljkr\u00e4m utvecklas till en kryddig gom av chokladtrumpet, tropisk frukt och vitpeppar med subtil gingerf\u00e6rdderi p\u00e5 m\u00e5l.<\/p>\n","protected":false},"excerpt":{"rendered":"<p>Speyside Single Malt Scotch Whisky<\/p>\n","protected":false},"featured_media":7212,"template":"","meta":{"_acf_changed":false,"rs_blank_template":"","rs_page_bg_color":"","slide_template_v7":""},"product_brand":[],"product_cat":[2387,4651,2392],"product_tag":[],"class_list":{"0":"post-16651","1":"product","2":"type-product","3":"status-publish","4":"has-post-thumbnail","6":"product_cat-avec-sv","7":"product_cat-single-malt-sv","8":"product_cat-whisky-sv","9":"pa_land-skottland","10":"pa_procent-46-sv","11":"pa_producent-gordon-macphail-sv","12":"pa_region-speyside-sv","13":"pa_vintage-1998-sv","14":"pa_volume-70-sv-2","16":"first","17":"instock","18":"taxable","19":"shipping-taxable","20":"purchasable","21":"product-type-simple"},"bundled_by":[],"bundle_stock_status":"instock","bundle_stock_quantity":null,"bundle_virtual":false,"bundle_layout":"","bundle_add_to_cart_form_location":"","bundle_editable_in_cart":false,"bundle_sold_individually_context":"","bundle_item_grouping":"","bundle_min_size":"","bundle_max_size":"","bundle_price":[],"bundled_items":[],"bundle_sell_ids":[],"acf":[],"_links":{"self":[{"href":"https:\/\/www.raschvin.com\/sv\/wp-json\/wp\/v2\/product\/16651","targetHints":{"allow":["GET"]}}],"collection":[{"href":"https:\/\/www.raschvin.com\/sv\/wp-json\/wp\/v2\/product"}],"about":[{"href":"https:\/\/www.raschvin.com\/sv\/wp-json\/wp\/v2\/types\/product"}],"wp:featuredmedia":[{"embeddable":true,"href":"https:\/\/www.raschvin.com\/sv\/wp-json\/wp\/v2\/media\/7212"}],"wp:attachment":[{"href":"https:\/\/www.raschvin.com\/sv\/wp-json\/wp\/v2\/media?parent=16651"}],"wp:term":[{"taxonomy":"product_brand","embeddable":true,"href":"https:\/\/www.raschvin.com\/sv\/wp-json\/wp\/v2\/product_brand?post=16651"},{"taxonomy":"product_cat","embeddable":true,"href":"https:\/\/www.raschvin.com\/sv\/wp-json\/wp\/v2\/product_cat?post=16651"},{"taxonomy":"product_tag","embeddable":true,"href":"https:\/\/www.raschvin.com\/sv\/wp-json\/wp\/v2\/product_tag?post=16651"}],"curies":[{"name":"wp","href":"https:\/\/api.w.org\/{rel}","templated":true}]}}