{"id":16647,"date":"2022-05-30T10:23:19","date_gmt":"2022-05-30T08:23:19","guid":{"rendered":"https:\/\/www.raschvin.com\/vare\/isle-of-jura-1991-28-years-gm-c-c-new\/"},"modified":"2022-11-21T09:58:43","modified_gmt":"2022-11-21T08:58:43","slug":"isle-of-jura-1991-28-years-gm-c-c-new","status":"publish","type":"product","link":"https:\/\/www.raschvin.com\/sv\/produkt\/isle-of-jura-1991-28-years-gm-c-c-new\/","title":{"rendered":"Isle of Jura 28 Years Connoisseurs Choice 1991 G&#038;M 70 cl. 53%"},"content":{"rendered":"<p>JURA 1991 Gordon och MacPhail 28-\u00e5rig batch # 19\/081<\/p>\n<p>Denna lagdestillerades 1991 och flaskades 2019 av Gordon och MacPhail.<\/p>\n<p>\u00c4ldre i 28 \u00e5r i en fyllning amerikansk hogsheadr\u00e4tt.<\/p>\n<p>Connoisseurs Choice-m\u00e4rket \u00e4r en av de mest igenk\u00e4nnliga oberoende marknadsavloppet, och denna utg\u00e5va f\u00f6ljer f\u00f6ryngringen av varum\u00e4rket 2018, vilket s\u00e5g det \u00e5terst\u00e4llt som en premium-serie av enstaka matr\u00e4tt.<\/p>\n<p>Aromas av \u00e4pple smula, honung, saltade citroner och nyskuren gr\u00e4s fyller n\u00e4san, och gommen ger anteckningar av karamelll, svartpeppar, bakning riktningar och saftiga persikor.<\/p>\n","protected":false},"excerpt":{"rendered":"<p>Limited Scotch Single Malt Whisky<\/p>\n","protected":false},"featured_media":7196,"template":"","meta":{"_acf_changed":false,"rs_blank_template":"","rs_page_bg_color":"","slide_template_v7":""},"product_brand":[],"product_cat":[2387,4651,2392],"product_tag":[],"class_list":{"0":"post-16647","1":"product","2":"type-product","3":"status-publish","4":"has-post-thumbnail","6":"product_cat-avec-sv","7":"product_cat-single-malt-sv","8":"product_cat-whisky-sv","9":"pa_champagne-type-single-cask-sv","10":"pa_land-skottland","11":"pa_procent-53-sv","12":"pa_producent-gordon-macphail-sv","13":"pa_region-islands-sv","14":"pa_traefad-hogshead-sv","15":"pa_vintage-1991-sv","16":"pa_volume-70-sv-2","18":"first","19":"instock","20":"taxable","21":"shipping-taxable","22":"purchasable","23":"product-type-simple"},"bundled_by":[],"bundle_stock_status":"instock","bundle_stock_quantity":1,"bundle_virtual":false,"bundle_layout":"","bundle_add_to_cart_form_location":"","bundle_editable_in_cart":false,"bundle_sold_individually_context":"","bundle_item_grouping":"","bundle_min_size":"","bundle_max_size":"","bundle_price":[],"bundled_items":[],"bundle_sell_ids":[],"acf":[],"_links":{"self":[{"href":"https:\/\/www.raschvin.com\/sv\/wp-json\/wp\/v2\/product\/16647","targetHints":{"allow":["GET"]}}],"collection":[{"href":"https:\/\/www.raschvin.com\/sv\/wp-json\/wp\/v2\/product"}],"about":[{"href":"https:\/\/www.raschvin.com\/sv\/wp-json\/wp\/v2\/types\/product"}],"wp:featuredmedia":[{"embeddable":true,"href":"https:\/\/www.raschvin.com\/sv\/wp-json\/wp\/v2\/media\/7196"}],"wp:attachment":[{"href":"https:\/\/www.raschvin.com\/sv\/wp-json\/wp\/v2\/media?parent=16647"}],"wp:term":[{"taxonomy":"product_brand","embeddable":true,"href":"https:\/\/www.raschvin.com\/sv\/wp-json\/wp\/v2\/product_brand?post=16647"},{"taxonomy":"product_cat","embeddable":true,"href":"https:\/\/www.raschvin.com\/sv\/wp-json\/wp\/v2\/product_cat?post=16647"},{"taxonomy":"product_tag","embeddable":true,"href":"https:\/\/www.raschvin.com\/sv\/wp-json\/wp\/v2\/product_tag?post=16647"}],"curies":[{"name":"wp","href":"https:\/\/api.w.org\/{rel}","templated":true}]}}