{"id":16645,"date":"2022-05-30T10:23:19","date_gmt":"2022-05-30T08:23:19","guid":{"rendered":"https:\/\/www.raschvin.com\/vare\/ardbeg-chieftains-20-years\/"},"modified":"2022-10-30T19:27:46","modified_gmt":"2022-10-30T18:27:46","slug":"ardbeg-chieftains-20-years","status":"publish","type":"product","link":"https:\/\/www.raschvin.com\/sv\/produkt\/ardbeg-chieftains-20-years\/","title":{"rendered":"Ardbeg 20 Years Chieftain&#8217;s Choice 1996 70 cl. 46,5%"},"content":{"rendered":"<p>Chieftains val Ardbeg 20 \u00e5r \u00e4r en enda malt whisky fr\u00e5n \u00f6n Islay p\u00e5 Skottlands v\u00e4stkust. Whiskyen destilleras i mars 1996 och tillsattes f\u00f6r att lagra tv\u00e5 blekna &#8221;fat&#8221;. \u00c5r 2016 tappades disken vid 46,5% alkohol (utan tillsatt f\u00e4rg eller kylfiltrering) till denna fris\u00e4ttning &#8211; ett s\u00e4llsynt exempel p\u00e5 oberoende flaskan Ardeg.<\/p>\n<p>F\u00e4rg: Golden.<br \/>\nFragrance: Typisk ARDBbeg i doften, med tj\u00e4ra, havsluft, citroner och tigerbollar.<br \/>\nSmak Anm\u00e4rkningar: Mer citrus anteckningar och mycket r\u00f6k. Olive, salt och mandel i eftersmak.<\/p>\n<p>Serveringsf\u00f6rslag: b\u00f6r avnjutas ren, eventuellt. med n\u00e5gra droppar vatten.<\/p>\n<p>Ardbeg \u00e4r ett whisky-destilleri p\u00e5 den skotska \u00f6ns sydkust, Islay. \u00d6n \u00e4r k\u00e4nd f\u00f6r sina starkt r\u00f6kt whiskys, och Ardbbeg \u00e4r inget undantag med en ppm som vanligtvis \u00e4r omkring 55. Distilleren grundades 1815 och de m\u00f6rkgr\u00f6na flaskorna med den f\u00f6rseglade och h\u00e4rliga maltwhisky fr\u00e5n Ardbeg har varit otroligt popul\u00e4r. Kapaciteten \u00e4r 1,4 miljoner liter ren alkohol per \u00e5r och ArdBbeg k\u00f6rs f\u00f6r full \u00e5nga. F\u00f6rl\u00e4ngningar \u00e4r planerade som kommer att \u00f6ka kapaciteten p\u00e5 2,4 miljoner liter, vilket \u00e4r en bra id\u00e9 f\u00f6r Ardegmanien som inte vill sluta.<\/p>\n<p>M\u00e5nga av Ardbegs enda fat och destillat fr\u00e5n 1970-talet, d\u00e4r Hiram Walker \u00e4gde destilleriet \u00e4r legendarisk idag. Det \u00e4r inte ofta du ser whiskyen i oberoende dekanter, och s\u00e5dana utsl\u00e4pp \u00e4r n\u00e4stan s\u00e5 eftertraktade som den officiella tappningen<\/p>\n<p>Ian MacLeod Distillers \u00e4r ett skotskt spritf\u00f6retag, startat 1933 och idag ett av de st\u00f6rsta familje\u00e4gda f\u00f6retagen i spritindustrin. F\u00f6rutom att \u00e4ga destilleri Glengoyne och Tamdhu samt Edinburgh Gin har Ian MacLeod ocks\u00e5 l\u00e4nge fungerat som en av de mest respekterade oberoende dekanterna, med serie som Chieftain, Dun Bheaagan, som vi f\u00e5r det och r\u00f6khuvudet. I 80 \u00e5r har Ian MacLeod viktat kvalitet \u00f6ver kvantitet, och till och med utn\u00e4mnd de b\u00e4sta tillverkarna att arbeta med, vilket har resulterat i den avundsv\u00e4rda portf\u00f6ljen av whisky, gin och Rom, har de idag.<\/p>\n<p>H\u00f6sten 2017, whisky n\u00f6rdar v\u00e4rlden \u00f6ver i h\u00e4nderna, n\u00e4r Ian MacLeod meddelade att de planerade att \u00f6ppna den hedniska (och mycket missade) Lowland Distillery, Rosebank.<\/p>\n","protected":false},"excerpt":{"rendered":"<p>Limited Single Malt Scotch Whisky<\/p>\n","protected":false},"featured_media":7179,"template":"","meta":{"_acf_changed":false,"rs_blank_template":"","rs_page_bg_color":"","slide_template_v7":""},"product_brand":[],"product_cat":[2387,4651,2392],"product_tag":[],"class_list":{"0":"post-16645","1":"product","2":"type-product","3":"status-publish","4":"has-post-thumbnail","6":"product_cat-avec-sv","7":"product_cat-single-malt-sv","8":"product_cat-whisky-sv","9":"pa_land-skottland","10":"pa_procent-46-5-sv","11":"pa_producent-ian-macleod-distillers-sv","12":"pa_region-islay-sv","13":"pa_volume-70-sv-2","15":"first","16":"instock","17":"taxable","18":"shipping-taxable","19":"purchasable","20":"product-type-simple"},"bundled_by":[],"bundle_stock_status":"instock","bundle_stock_quantity":1,"bundle_virtual":false,"bundle_layout":"","bundle_add_to_cart_form_location":"","bundle_editable_in_cart":false,"bundle_sold_individually_context":"","bundle_item_grouping":"","bundle_min_size":"","bundle_max_size":"","bundle_price":[],"bundled_items":[],"bundle_sell_ids":[],"acf":[],"_links":{"self":[{"href":"https:\/\/www.raschvin.com\/sv\/wp-json\/wp\/v2\/product\/16645","targetHints":{"allow":["GET"]}}],"collection":[{"href":"https:\/\/www.raschvin.com\/sv\/wp-json\/wp\/v2\/product"}],"about":[{"href":"https:\/\/www.raschvin.com\/sv\/wp-json\/wp\/v2\/types\/product"}],"wp:featuredmedia":[{"embeddable":true,"href":"https:\/\/www.raschvin.com\/sv\/wp-json\/wp\/v2\/media\/7179"}],"wp:attachment":[{"href":"https:\/\/www.raschvin.com\/sv\/wp-json\/wp\/v2\/media?parent=16645"}],"wp:term":[{"taxonomy":"product_brand","embeddable":true,"href":"https:\/\/www.raschvin.com\/sv\/wp-json\/wp\/v2\/product_brand?post=16645"},{"taxonomy":"product_cat","embeddable":true,"href":"https:\/\/www.raschvin.com\/sv\/wp-json\/wp\/v2\/product_cat?post=16645"},{"taxonomy":"product_tag","embeddable":true,"href":"https:\/\/www.raschvin.com\/sv\/wp-json\/wp\/v2\/product_tag?post=16645"}],"curies":[{"name":"wp","href":"https:\/\/api.w.org\/{rel}","templated":true}]}}