{"id":16640,"date":"2022-05-30T10:21:43","date_gmt":"2022-05-30T08:21:43","guid":{"rendered":"https:\/\/www.raschvin.com\/vare\/absolut-vodka-original-bla-40-5-cl\/"},"modified":"2023-08-10T14:26:32","modified_gmt":"2023-08-10T12:26:32","slug":"absolut-vodka-original-blaa-40-5-cl","status":"publish","type":"product","link":"https:\/\/www.raschvin.com\/sv\/produkt\/absolut-vodka-original-blaa-40-5-cl\/","title":{"rendered":"Absolut Vodka Original Bl\u00e5 5 cl. 40%"},"content":{"rendered":"<p>Absolut vodka bl\u00e5 \u00e4r gjord av 100% naturliga ingredienser och inneh\u00e5ller inte tillsatt socker. Denna rena vodka har en full, komplex och rik smak med mjuka, tydliga anteckningar av spannm\u00e5l och torkade frukter.<\/p>\n<p>En billig, god kvalitet vodka, som kan anv\u00e4ndas f\u00f6r alla drycker. Absolut vodka \u00e4r en svensk vodka som produceras i \u00c5hus. Absolut vodka \u00e4r gjord p\u00e5 vintervete och vatten. Vattnet plockas upp fr\u00e5n en djup brunn i \u00c5hus, d\u00e4r det \u00e4r v\u00e4l skyddat mot f\u00f6roreningar. Vinterh\u00e5rarna \u00e4r s\u00e5dda p\u00e5 h\u00f6sten och sk\u00f6rdas f\u00f6ljande h\u00f6st och d\u00e4rigenom v\u00e4xer det under den svenska sn\u00f6n och utvecklar det h\u00e5rda kornet. Absolut vodka destilleras en myriad av tider f\u00f6r att f\u00e5 en s\u00e5dan ren smak som m\u00f6jligt. Absolut vodka \u00e4r en mycket bra vodka f\u00f6r priset<\/p>\n","protected":false},"excerpt":{"rendered":"<p>Swedish Plain Vodka<\/p>\n","protected":false},"featured_media":7117,"template":"","meta":{"_acf_changed":false,"rs_blank_template":"","rs_page_bg_color":"","slide_template_v7":""},"product_brand":[],"product_cat":[4609,2402,2409],"product_tag":[],"class_list":{"0":"post-16640","1":"product","2":"type-product","3":"status-publish","4":"has-post-thumbnail","6":"product_cat-plain-sv","7":"product_cat-sprit-sv","8":"product_cat-vodka-sv","9":"pa_land-sverige-sv","10":"pa_procent-40-sv-2","11":"pa_producent-absolut-sv","12":"pa_region-skaane-sv","13":"pa_volume-5-sv","15":"first","16":"instock","17":"taxable","18":"shipping-taxable","19":"purchasable","20":"product-type-simple"},"bundled_by":[],"bundle_stock_status":"instock","bundle_stock_quantity":null,"bundle_virtual":false,"bundle_layout":"","bundle_add_to_cart_form_location":"","bundle_editable_in_cart":false,"bundle_sold_individually_context":"","bundle_item_grouping":"","bundle_min_size":"","bundle_max_size":"","bundle_price":[],"bundled_items":[],"bundle_sell_ids":[],"acf":[],"_links":{"self":[{"href":"https:\/\/www.raschvin.com\/sv\/wp-json\/wp\/v2\/product\/16640","targetHints":{"allow":["GET"]}}],"collection":[{"href":"https:\/\/www.raschvin.com\/sv\/wp-json\/wp\/v2\/product"}],"about":[{"href":"https:\/\/www.raschvin.com\/sv\/wp-json\/wp\/v2\/types\/product"}],"wp:featuredmedia":[{"embeddable":true,"href":"https:\/\/www.raschvin.com\/sv\/wp-json\/wp\/v2\/media\/7117"}],"wp:attachment":[{"href":"https:\/\/www.raschvin.com\/sv\/wp-json\/wp\/v2\/media?parent=16640"}],"wp:term":[{"taxonomy":"product_brand","embeddable":true,"href":"https:\/\/www.raschvin.com\/sv\/wp-json\/wp\/v2\/product_brand?post=16640"},{"taxonomy":"product_cat","embeddable":true,"href":"https:\/\/www.raschvin.com\/sv\/wp-json\/wp\/v2\/product_cat?post=16640"},{"taxonomy":"product_tag","embeddable":true,"href":"https:\/\/www.raschvin.com\/sv\/wp-json\/wp\/v2\/product_tag?post=16640"}],"curies":[{"name":"wp","href":"https:\/\/api.w.org\/{rel}","templated":true}]}}