{"id":16639,"date":"2022-05-30T10:21:43","date_gmt":"2022-05-30T08:21:43","guid":{"rendered":"https:\/\/www.raschvin.com\/vare\/ballantines-finest-mini-5-cl\/"},"modified":"2022-10-26T09:09:16","modified_gmt":"2022-10-26T07:09:16","slug":"ballantines-finest-mini-5-cl","status":"publish","type":"product","link":"https:\/\/www.raschvin.com\/sv\/produkt\/ballantines-finest-mini-5-cl\/","title":{"rendered":"Ballantines Finest Mini 5 cl. 40%"},"content":{"rendered":"<p>Ballantines finaste blandade Scotch Whisky \u00e4r den ledande Scotch Whisky i Europa och heter v\u00e4rldens b\u00e4sta blandade scotch whisky med det ursprungliga receptet fr\u00e5n 1910.<\/p>\n<p>Denna eleganta whisky har en liten gyllene f\u00e4rg och en doft penetrerad av mjuka, eleganta aromer av ljung honung och en touch av kryddor. I smaken hittar du en fin balans av subtil, s\u00f6t smak som mj\u00f6lkchoklad, r\u00f6da \u00e4pplen och vanilj.<\/p>\n<p>Ballantin<br \/>\nBallantins whisky startade som en familje\u00e4gd mataff\u00e4r d\u00e4r de s\u00e5lde sin egen lokala whisky. Efterfr\u00e5gan p\u00e5 sin lokala whisky v\u00e4xte, och det gjorde ocks\u00e5 sin verksamhet och export av whisky. \u00d6ver hela v\u00e4rlden \u00e4r Ballentine s nu ett v\u00e4lk\u00e4nt namn inom whiskyindustrin.<\/p>\n","protected":false},"excerpt":{"rendered":"<p>Blended Scotch Whisky<\/p>\n","protected":false},"featured_media":7104,"template":"","meta":{"_acf_changed":false,"rs_blank_template":"","rs_page_bg_color":"","slide_template_v7":""},"product_brand":[],"product_cat":[2387,4765,2392],"product_tag":[],"class_list":{"0":"post-16639","1":"product","2":"type-product","3":"status-publish","4":"has-post-thumbnail","6":"product_cat-avec-sv","7":"product_cat-blended-sv","8":"product_cat-whisky-sv","9":"pa_land-skottland","10":"pa_procent-40-sv-2","11":"pa_volume-5-sv","13":"first","14":"instock","15":"taxable","16":"shipping-taxable","17":"purchasable","18":"product-type-simple"},"bundled_by":[],"bundle_stock_status":"instock","bundle_stock_quantity":null,"bundle_virtual":false,"bundle_layout":"","bundle_add_to_cart_form_location":"","bundle_editable_in_cart":false,"bundle_sold_individually_context":"","bundle_item_grouping":"","bundle_min_size":"","bundle_max_size":"","bundle_price":[],"bundled_items":[],"bundle_sell_ids":[],"acf":[],"_links":{"self":[{"href":"https:\/\/www.raschvin.com\/sv\/wp-json\/wp\/v2\/product\/16639","targetHints":{"allow":["GET"]}}],"collection":[{"href":"https:\/\/www.raschvin.com\/sv\/wp-json\/wp\/v2\/product"}],"about":[{"href":"https:\/\/www.raschvin.com\/sv\/wp-json\/wp\/v2\/types\/product"}],"wp:featuredmedia":[{"embeddable":true,"href":"https:\/\/www.raschvin.com\/sv\/wp-json\/wp\/v2\/media\/7104"}],"wp:attachment":[{"href":"https:\/\/www.raschvin.com\/sv\/wp-json\/wp\/v2\/media?parent=16639"}],"wp:term":[{"taxonomy":"product_brand","embeddable":true,"href":"https:\/\/www.raschvin.com\/sv\/wp-json\/wp\/v2\/product_brand?post=16639"},{"taxonomy":"product_cat","embeddable":true,"href":"https:\/\/www.raschvin.com\/sv\/wp-json\/wp\/v2\/product_cat?post=16639"},{"taxonomy":"product_tag","embeddable":true,"href":"https:\/\/www.raschvin.com\/sv\/wp-json\/wp\/v2\/product_tag?post=16639"}],"curies":[{"name":"wp","href":"https:\/\/api.w.org\/{rel}","templated":true}]}}