{"id":16635,"date":"2022-05-30T10:21:43","date_gmt":"2022-05-30T08:21:43","guid":{"rendered":"https:\/\/www.raschvin.com\/vare\/johnnie-walker-red-label-mini-5-cl\/"},"modified":"2022-11-21T11:56:43","modified_gmt":"2022-11-21T10:56:43","slug":"johnnie-walker-red-label-mini-5-cl","status":"publish","type":"product","link":"https:\/\/www.raschvin.com\/sv\/produkt\/johnnie-walker-red-label-mini-5-cl\/","title":{"rendered":"Johnnie Walker Red Label 5 cl. 40%"},"content":{"rendered":"<p>Johnnie Walker Red Label \u00e4r v\u00e4rldens mest s\u00e5lda whisky. Whiskyen har en karakteristisk smak, som \u00e4r b\u00e5de kraftfull, lite r\u00f6kt, varm och s\u00f6t. Whiskyen domineras av peppar och ingef\u00e4ra anteckningar, f\u00f6ljt av en l\u00e5ng r\u00f6kt eftersmak. Whiskyen \u00e4r l\u00e4mplig som en bas i cocktails eller ren med isbitar.<\/p>\n<p>Johnnie Walker grundades 1820. Johnnie Walker \u00e4r v\u00e4rldens ledande skotska whiskybrand. Johnnie Walker Blended Scotch Whisky var en av v\u00e4rldens f\u00f6rsta \u00e4kta globala varum\u00e4rken. Redan 1920 distribuerades whisky i \u00f6ver 120 l\u00e4nder, idag distribueras det i n\u00e4stan 200 l\u00e4nder. \u00d6ver hela v\u00e4rlden s\u00e4ljs sex flaskor Johnnie Walker till blandad Scotch Whisky varje sekund. P\u00e5 1920-talet hade Johnnie Walker tagit \u00f6ver 120 marknader.<\/p>\n","protected":false},"excerpt":{"rendered":"<p>Blended Scotch Whisky<\/p>\n","protected":false},"featured_media":7064,"template":"","meta":{"_acf_changed":false,"rs_blank_template":"","rs_page_bg_color":"","slide_template_v7":""},"product_brand":[],"product_cat":[2387,4765,2392],"product_tag":[],"class_list":{"0":"post-16635","1":"product","2":"type-product","3":"status-publish","4":"has-post-thumbnail","6":"product_cat-avec-sv","7":"product_cat-blended-sv","8":"product_cat-whisky-sv","9":"pa_land-skottland","10":"pa_procent-40-sv-2","11":"pa_producent-john-walker-sons-sv","12":"pa_volume-5-sv","14":"first","15":"instock","16":"taxable","17":"shipping-taxable","18":"purchasable","19":"product-type-simple"},"bundled_by":[],"bundle_stock_status":"instock","bundle_stock_quantity":null,"bundle_virtual":false,"bundle_layout":"","bundle_add_to_cart_form_location":"","bundle_editable_in_cart":false,"bundle_sold_individually_context":"","bundle_item_grouping":"","bundle_min_size":"","bundle_max_size":"","bundle_price":[],"bundled_items":[],"bundle_sell_ids":[],"acf":[],"_links":{"self":[{"href":"https:\/\/www.raschvin.com\/sv\/wp-json\/wp\/v2\/product\/16635","targetHints":{"allow":["GET"]}}],"collection":[{"href":"https:\/\/www.raschvin.com\/sv\/wp-json\/wp\/v2\/product"}],"about":[{"href":"https:\/\/www.raschvin.com\/sv\/wp-json\/wp\/v2\/types\/product"}],"wp:featuredmedia":[{"embeddable":true,"href":"https:\/\/www.raschvin.com\/sv\/wp-json\/wp\/v2\/media\/7064"}],"wp:attachment":[{"href":"https:\/\/www.raschvin.com\/sv\/wp-json\/wp\/v2\/media?parent=16635"}],"wp:term":[{"taxonomy":"product_brand","embeddable":true,"href":"https:\/\/www.raschvin.com\/sv\/wp-json\/wp\/v2\/product_brand?post=16635"},{"taxonomy":"product_cat","embeddable":true,"href":"https:\/\/www.raschvin.com\/sv\/wp-json\/wp\/v2\/product_cat?post=16635"},{"taxonomy":"product_tag","embeddable":true,"href":"https:\/\/www.raschvin.com\/sv\/wp-json\/wp\/v2\/product_tag?post=16635"}],"curies":[{"name":"wp","href":"https:\/\/api.w.org\/{rel}","templated":true}]}}