{"id":16634,"date":"2022-05-30T10:21:43","date_gmt":"2022-05-30T08:21:43","guid":{"rendered":"https:\/\/www.raschvin.com\/vare\/johnnie-walker-double-black\/"},"modified":"2022-11-21T11:48:04","modified_gmt":"2022-11-21T10:48:04","slug":"johnnie-walker-double-black","status":"publish","type":"product","link":"https:\/\/www.raschvin.com\/sv\/produkt\/johnnie-walker-double-black\/","title":{"rendered":"Johnnie Walker Double Black 70 cl. 40%"},"content":{"rendered":"<p>Johnnie Walker Double Black \u00e4r storebror till Johnnie Walker Black Label, som \u00e4r k\u00e4nd v\u00e4rlden \u00f6ver f\u00f6r sin h\u00e4rliga r\u00f6kt smak. Johnnie Walker dubbel svart ger dig dubbla upp p\u00e5 r\u00f6ken, som titeln f\u00f6resl\u00e5r &#8211; h\u00e4rliga komplexa r\u00f6knoteringar, m\u00f6rk i f\u00e4rg med n\u00f6tter i doften. Kryddas i smaken med toffee, kaffeb\u00f6nor, vitpeppar och vanilj. En liten r\u00f6k i eftersmaken. L\u00e5ng kryddat finish i Johnnie Walker dubbel svart.<\/p>\n","protected":false},"excerpt":{"rendered":"<p>Blended Scotch Whisky<\/p>\n","protected":false},"featured_media":7051,"template":"","meta":{"_acf_changed":false,"rs_blank_template":"","rs_page_bg_color":"","slide_template_v7":""},"product_brand":[],"product_cat":[2387,4765,2392],"product_tag":[],"class_list":{"0":"post-16634","1":"product","2":"type-product","3":"status-publish","4":"has-post-thumbnail","6":"product_cat-avec-sv","7":"product_cat-blended-sv","8":"product_cat-whisky-sv","9":"pa_land-skottland","10":"pa_procent-40-sv-2","11":"pa_producent-john-walker-sons-sv","12":"pa_volume-70-sv-2","14":"first","15":"instock","16":"taxable","17":"shipping-taxable","18":"purchasable","19":"product-type-simple"},"bundled_by":[],"bundle_stock_status":"instock","bundle_stock_quantity":null,"bundle_virtual":false,"bundle_layout":"","bundle_add_to_cart_form_location":"","bundle_editable_in_cart":false,"bundle_sold_individually_context":"","bundle_item_grouping":"","bundle_min_size":"","bundle_max_size":"","bundle_price":[],"bundled_items":[],"bundle_sell_ids":[],"acf":[],"_links":{"self":[{"href":"https:\/\/www.raschvin.com\/sv\/wp-json\/wp\/v2\/product\/16634","targetHints":{"allow":["GET"]}}],"collection":[{"href":"https:\/\/www.raschvin.com\/sv\/wp-json\/wp\/v2\/product"}],"about":[{"href":"https:\/\/www.raschvin.com\/sv\/wp-json\/wp\/v2\/types\/product"}],"wp:featuredmedia":[{"embeddable":true,"href":"https:\/\/www.raschvin.com\/sv\/wp-json\/wp\/v2\/media\/7051"}],"wp:attachment":[{"href":"https:\/\/www.raschvin.com\/sv\/wp-json\/wp\/v2\/media?parent=16634"}],"wp:term":[{"taxonomy":"product_brand","embeddable":true,"href":"https:\/\/www.raschvin.com\/sv\/wp-json\/wp\/v2\/product_brand?post=16634"},{"taxonomy":"product_cat","embeddable":true,"href":"https:\/\/www.raschvin.com\/sv\/wp-json\/wp\/v2\/product_cat?post=16634"},{"taxonomy":"product_tag","embeddable":true,"href":"https:\/\/www.raschvin.com\/sv\/wp-json\/wp\/v2\/product_tag?post=16634"}],"curies":[{"name":"wp","href":"https:\/\/api.w.org\/{rel}","templated":true}]}}