{"id":16633,"date":"2022-05-30T10:20:12","date_gmt":"2022-05-30T08:20:12","guid":{"rendered":"https:\/\/www.raschvin.com\/vare\/johnnie-walker-blue-label\/"},"modified":"2022-11-21T11:44:17","modified_gmt":"2022-11-21T10:44:17","slug":"johnnie-walker-blue-label","status":"publish","type":"product","link":"https:\/\/www.raschvin.com\/sv\/produkt\/johnnie-walker-blue-label\/","title":{"rendered":"Johnnie Walker Blue Label 70 cl. 40%"},"content":{"rendered":"<p>Johnnie Walker Blue Label \u00e4r ett m\u00e4sterverk i kategorin blandade whisky. Detta beror p\u00e5 den unika sammans\u00e4ttningen av f\u00e5 noggrant utvalda och s\u00e4llsynta whiskyer. Johnnie Walker Blue Label \u00e5terst\u00e4ller den autentiska rika och lite r\u00f6ka smaken fr\u00e5n 1800-talet &#8211; kompletterat av en distinkt madrera. Dessutom har whiskyen en h\u00e4rlig smak bland andra med kaffe sm\u00f6r, blommor och n\u00f6tter. Johnnie Walker Blue Label \u00e4r en favorit bland m\u00e5nga whisky\u00e4lskare \u00f6ver hela v\u00e4rlden och borde definitivt f\u00f6rs\u00f6kas &#8211; njut av Johnnie Walker Blue Label med dina v\u00e4nner<\/p>\n","protected":false},"excerpt":{"rendered":"<p>Blended Scotch Whisky<\/p>\n","protected":false},"featured_media":7038,"template":"","meta":{"_acf_changed":false,"rs_blank_template":"","rs_page_bg_color":"","slide_template_v7":""},"product_brand":[],"product_cat":[2387,4765,2392],"product_tag":[],"class_list":{"0":"post-16633","1":"product","2":"type-product","3":"status-publish","4":"has-post-thumbnail","6":"product_cat-avec-sv","7":"product_cat-blended-sv","8":"product_cat-whisky-sv","9":"pa_land-skottland","10":"pa_procent-40-sv-2","11":"pa_producent-john-walker-sons-sv","12":"pa_volume-70-sv-2","14":"first","15":"instock","16":"taxable","17":"shipping-taxable","18":"purchasable","19":"product-type-simple"},"bundled_by":[],"bundle_stock_status":"instock","bundle_stock_quantity":null,"bundle_virtual":false,"bundle_layout":"","bundle_add_to_cart_form_location":"","bundle_editable_in_cart":false,"bundle_sold_individually_context":"","bundle_item_grouping":"","bundle_min_size":"","bundle_max_size":"","bundle_price":[],"bundled_items":[],"bundle_sell_ids":[],"acf":[],"_links":{"self":[{"href":"https:\/\/www.raschvin.com\/sv\/wp-json\/wp\/v2\/product\/16633","targetHints":{"allow":["GET"]}}],"collection":[{"href":"https:\/\/www.raschvin.com\/sv\/wp-json\/wp\/v2\/product"}],"about":[{"href":"https:\/\/www.raschvin.com\/sv\/wp-json\/wp\/v2\/types\/product"}],"wp:featuredmedia":[{"embeddable":true,"href":"https:\/\/www.raschvin.com\/sv\/wp-json\/wp\/v2\/media\/7038"}],"wp:attachment":[{"href":"https:\/\/www.raschvin.com\/sv\/wp-json\/wp\/v2\/media?parent=16633"}],"wp:term":[{"taxonomy":"product_brand","embeddable":true,"href":"https:\/\/www.raschvin.com\/sv\/wp-json\/wp\/v2\/product_brand?post=16633"},{"taxonomy":"product_cat","embeddable":true,"href":"https:\/\/www.raschvin.com\/sv\/wp-json\/wp\/v2\/product_cat?post=16633"},{"taxonomy":"product_tag","embeddable":true,"href":"https:\/\/www.raschvin.com\/sv\/wp-json\/wp\/v2\/product_tag?post=16633"}],"curies":[{"name":"wp","href":"https:\/\/api.w.org\/{rel}","templated":true}]}}