{"id":16632,"date":"2022-05-30T10:20:12","date_gmt":"2022-05-30T08:20:12","guid":{"rendered":"https:\/\/www.raschvin.com\/vare\/johnnie-walker-green-label-15-years\/"},"modified":"2022-11-21T11:51:54","modified_gmt":"2022-11-21T10:51:54","slug":"johnnie-walker-green-label-15-years","status":"publish","type":"product","link":"https:\/\/www.raschvin.com\/sv\/produkt\/johnnie-walker-green-label-15-years\/","title":{"rendered":"Johnnie Walker Green Label 15 Years 70 cl. 43%"},"content":{"rendered":"<p>Johnnie Walker Green Label 15 \u00e5r \u00e4r en blandad malt scotch whisky, som best\u00e5r av malt whisky fr\u00e5n 4 olika distrider runt Skottland. De fyra destillerierna \u00e4r Talisker, Caol Ila, Cragganmore och Linkwood. Johnnie Walker Greeen etikett 15 \u00e5r gammal, 2012, men f\u00f6r dess popularitet, \u00e4r det igen att hitta p\u00e5 den globala whiskymarknaden sedan 2016. F\u00f6rs\u00f6k Johnie Walker Green Etikett 15 \u00e5r om du gillar en lite r\u00f6kt whisky, med mjuka och runda smaker .<\/p>\n<p>Du f\u00e5r en rik arom av ny gr\u00e4s p\u00e5 en skotsk sommardag, f\u00e4rsk frukt, torkning, kaffe, choklad, vanilj och ek. P\u00e5 tungan mer choklad, datum, kaffeb\u00f6nor och valn\u00f6tter, inom en l\u00e5ng och kryddig eftersmak tar \u00f6ver med honung och ek.<\/p>\n<p>Johnnie Walker grundades 1820, och Johnnie Walker Blended Scotch Whisky var en av v\u00e4rldens f\u00f6rsta \u00e4kta globala varum\u00e4rken. Redan 1920, 100 \u00e5r efter den f\u00f6rsta lanseringen, f\u00f6rdelades whiskyen i \u00f6ver 120 l\u00e4nder. Idag distribueras det i n\u00e4stan 200 l\u00e4nder.<\/p>\n","protected":false},"excerpt":{"rendered":"<p>Blended Scotch Whisky<\/p>\n","protected":false},"featured_media":7025,"template":"","meta":{"_acf_changed":false,"rs_blank_template":"","rs_page_bg_color":"","slide_template_v7":""},"product_brand":[],"product_cat":[2387,4648,2392],"product_tag":[],"class_list":{"0":"post-16632","1":"product","2":"type-product","3":"status-publish","4":"has-post-thumbnail","6":"product_cat-avec-sv","7":"product_cat-blended-malt","8":"product_cat-whisky-sv","9":"pa_land-skottland","10":"pa_procent-43-sv","11":"pa_producent-john-walker-sons-sv","12":"pa_volume-70-sv-2","14":"first","15":"instock","16":"taxable","17":"shipping-taxable","18":"purchasable","19":"product-type-simple"},"bundled_by":[],"bundle_stock_status":"instock","bundle_stock_quantity":null,"bundle_virtual":false,"bundle_layout":"","bundle_add_to_cart_form_location":"","bundle_editable_in_cart":false,"bundle_sold_individually_context":"","bundle_item_grouping":"","bundle_min_size":"","bundle_max_size":"","bundle_price":[],"bundled_items":[],"bundle_sell_ids":[],"acf":[],"_links":{"self":[{"href":"https:\/\/www.raschvin.com\/sv\/wp-json\/wp\/v2\/product\/16632","targetHints":{"allow":["GET"]}}],"collection":[{"href":"https:\/\/www.raschvin.com\/sv\/wp-json\/wp\/v2\/product"}],"about":[{"href":"https:\/\/www.raschvin.com\/sv\/wp-json\/wp\/v2\/types\/product"}],"wp:featuredmedia":[{"embeddable":true,"href":"https:\/\/www.raschvin.com\/sv\/wp-json\/wp\/v2\/media\/7025"}],"wp:attachment":[{"href":"https:\/\/www.raschvin.com\/sv\/wp-json\/wp\/v2\/media?parent=16632"}],"wp:term":[{"taxonomy":"product_brand","embeddable":true,"href":"https:\/\/www.raschvin.com\/sv\/wp-json\/wp\/v2\/product_brand?post=16632"},{"taxonomy":"product_cat","embeddable":true,"href":"https:\/\/www.raschvin.com\/sv\/wp-json\/wp\/v2\/product_cat?post=16632"},{"taxonomy":"product_tag","embeddable":true,"href":"https:\/\/www.raschvin.com\/sv\/wp-json\/wp\/v2\/product_tag?post=16632"}],"curies":[{"name":"wp","href":"https:\/\/api.w.org\/{rel}","templated":true}]}}