{"id":16626,"date":"2022-05-30T10:20:12","date_gmt":"2022-05-30T08:20:12","guid":{"rendered":"https:\/\/www.raschvin.com\/vare\/el-pasador-de-oro-x-o\/"},"modified":"2022-11-15T21:21:00","modified_gmt":"2022-11-15T20:21:00","slug":"el-pasador-de-oro-x-o","status":"publish","type":"product","link":"https:\/\/www.raschvin.com\/sv\/produkt\/el-pasador-de-oro-x-o\/","title":{"rendered":"El Pasador de Oro &#8211; XO 70 cl. 40%"},"content":{"rendered":"<p>Guldmedalj vid San Francisco World Spirit Competition 2020<\/p>\n<p>El Pasador de Oro X.O. \u00c4r ett helblod lyxigt Rom fr\u00e5n Guatemala. Rummet \u00e4r destillerat, blandat och delvis lagrat av Industrias Licoreras de Guatemala &#8211; samma destilleri bakom de ultra popul\u00e4ra varum\u00e4rkena Ron Zacapa och Botran. El Pasador de Oro X.O. \u00c4r en blandning av Rom som \u00e4r lagrad f\u00f6r mellan 8 och 15 \u00e5r och har raffinerats i ex-cognacs r\u00e4tter.<\/p>\n<p>F\u00e4rg: djup, gyllene karamelll.<\/p>\n<p>Fragrance: Mjuk och kryddig doft med anteckningar av mogen lampa, saftiga daddlar, vaniljst\u00e5ng, vitpeppar och en touch av k\u00f6rsb\u00e4r.<\/p>\n<p>Smak: En mjuk varm s\u00f6tma omger tungan och utvecklas i nyanser av kryddig vanilj, russin, l\u00e4tt karamelll och mogen ljusfrukt.<\/p>\n","protected":false},"excerpt":{"rendered":"<p>Premium Aged Guatemala Rum<\/p>\n","protected":false},"featured_media":31050,"template":"","meta":{"_acf_changed":false,"rs_blank_template":"","rs_page_bg_color":"","slide_template_v7":""},"product_brand":[],"product_cat":[4634,2387,2391],"product_tag":[],"class_list":{"0":"post-16626","1":"product","2":"type-product","3":"status-publish","4":"has-post-thumbnail","6":"product_cat-premium-aged-sv","7":"product_cat-avec-sv","8":"product_cat-rom-sv","9":"pa_land-guatemala-sv","10":"pa_procent-40-sv-2","11":"pa_producent-ronera-del-pasador-de-oro-sv","12":"pa_volume-70-sv-2","14":"first","15":"outofstock","16":"sale","17":"taxable","18":"shipping-taxable","19":"purchasable","20":"product-type-simple"},"bundled_by":[],"bundle_stock_status":"outofstock","bundle_stock_quantity":null,"bundle_virtual":false,"bundle_layout":"","bundle_add_to_cart_form_location":"","bundle_editable_in_cart":false,"bundle_sold_individually_context":"","bundle_item_grouping":"","bundle_min_size":"","bundle_max_size":"","bundle_price":[],"bundled_items":[],"bundle_sell_ids":[],"acf":[],"_links":{"self":[{"href":"https:\/\/www.raschvin.com\/sv\/wp-json\/wp\/v2\/product\/16626","targetHints":{"allow":["GET"]}}],"collection":[{"href":"https:\/\/www.raschvin.com\/sv\/wp-json\/wp\/v2\/product"}],"about":[{"href":"https:\/\/www.raschvin.com\/sv\/wp-json\/wp\/v2\/types\/product"}],"wp:featuredmedia":[{"embeddable":true,"href":"https:\/\/www.raschvin.com\/sv\/wp-json\/wp\/v2\/media\/31050"}],"wp:attachment":[{"href":"https:\/\/www.raschvin.com\/sv\/wp-json\/wp\/v2\/media?parent=16626"}],"wp:term":[{"taxonomy":"product_brand","embeddable":true,"href":"https:\/\/www.raschvin.com\/sv\/wp-json\/wp\/v2\/product_brand?post=16626"},{"taxonomy":"product_cat","embeddable":true,"href":"https:\/\/www.raschvin.com\/sv\/wp-json\/wp\/v2\/product_cat?post=16626"},{"taxonomy":"product_tag","embeddable":true,"href":"https:\/\/www.raschvin.com\/sv\/wp-json\/wp\/v2\/product_tag?post=16626"}],"curies":[{"name":"wp","href":"https:\/\/api.w.org\/{rel}","templated":true}]}}