{"id":16625,"date":"2022-05-30T10:20:12","date_gmt":"2022-05-30T08:20:12","guid":{"rendered":"https:\/\/www.raschvin.com\/vare\/el-pasador-de-oro-gran-reserva\/"},"modified":"2022-11-15T21:16:56","modified_gmt":"2022-11-15T20:16:56","slug":"el-pasador-de-oro-gran-reserva","status":"publish","type":"product","link":"https:\/\/www.raschvin.com\/sv\/produkt\/el-pasador-de-oro-gran-reserva\/","title":{"rendered":"El Pasador de Oro &#8211; Gran Reserva 70 cl. 40%"},"content":{"rendered":"<p>Dubbelt guld vid San Francisco World Spirits Competition 2020<\/p>\n<p>Pasador de Oro Gran Reserva \u00e4r Guatemala rom n\u00e4r den \u00e4r som allra b\u00e4st! Efter destillering lagras rommen i m\u00e5nga \u00e5r p\u00e5 amerikanska vita ekfat och f\u00e5r d\u00e4rifr\u00e5n de karakteristiska tonerna av vanilj och sm\u00f6rkola. De b\u00e4sta faten v\u00e4ljs ut f\u00f6r en slutlig lagring \u2013 kort men avg\u00f6rande \u2013 p\u00e5 franska konjakfat, d\u00e4r den utvecklar ytterligare komplexitet och kryddiga toner av kryddnejlika och cedertr\u00e4, som bara ger den s\u00f6ta rommen en touch av fransk sofistikering.<\/p>\n<p>F\u00e4rg: Djupt b\u00e4rnstensguld.<br \/>\nDoft: Stor och varm doft av sm\u00e4lt sm\u00f6r, kola, choklad, russin, cedertr\u00e4 och kryddnejlika.<br \/>\nSmaknoter: P\u00e5 tungan \u00e4r rommen fyllig, mjuk och rund. Det finns god s\u00f6tma, men inte \u00f6verv\u00e4ldigande. Du k\u00e4nner bakkryddor (kardemumma, kanel, vanilj), inslag av tropisk frukt och en l\u00e5ng avslutning med en touch av kaffe.<\/p>\n<p>Serveringsf\u00f6rslag: B\u00f6r avnjutas snyggt, ev som avec efter en god m\u00e5ltid.<\/p>\n","protected":false},"excerpt":{"rendered":"<p>Premium Aged Guatemala Rum<\/p>\n","protected":false},"featured_media":31110,"template":"","meta":{"_acf_changed":false,"rs_blank_template":"","rs_page_bg_color":"","slide_template_v7":""},"product_brand":[],"product_cat":[2387,4634,2391],"product_tag":[],"class_list":{"0":"post-16625","1":"product","2":"type-product","3":"status-publish","4":"has-post-thumbnail","6":"product_cat-avec-sv","7":"product_cat-premium-aged-sv","8":"product_cat-rom-sv","9":"pa_land-guatemala-sv","10":"pa_procent-40-sv-2","11":"pa_producent-ronera-del-pasador-de-oro-sv","12":"pa_traefad-american-white-oak-casks-sv","13":"pa_traefad-cognac-cask-sv","14":"pa_volume-70-sv-2","16":"first","17":"outofstock","18":"taxable","19":"shipping-taxable","20":"purchasable","21":"product-type-simple"},"bundled_by":[],"bundle_stock_status":"outofstock","bundle_stock_quantity":null,"bundle_virtual":false,"bundle_layout":"","bundle_add_to_cart_form_location":"","bundle_editable_in_cart":false,"bundle_sold_individually_context":"","bundle_item_grouping":"","bundle_min_size":"","bundle_max_size":"","bundle_price":[],"bundled_items":[],"bundle_sell_ids":[],"acf":[],"_links":{"self":[{"href":"https:\/\/www.raschvin.com\/sv\/wp-json\/wp\/v2\/product\/16625","targetHints":{"allow":["GET"]}}],"collection":[{"href":"https:\/\/www.raschvin.com\/sv\/wp-json\/wp\/v2\/product"}],"about":[{"href":"https:\/\/www.raschvin.com\/sv\/wp-json\/wp\/v2\/types\/product"}],"wp:featuredmedia":[{"embeddable":true,"href":"https:\/\/www.raschvin.com\/sv\/wp-json\/wp\/v2\/media\/31110"}],"wp:attachment":[{"href":"https:\/\/www.raschvin.com\/sv\/wp-json\/wp\/v2\/media?parent=16625"}],"wp:term":[{"taxonomy":"product_brand","embeddable":true,"href":"https:\/\/www.raschvin.com\/sv\/wp-json\/wp\/v2\/product_brand?post=16625"},{"taxonomy":"product_cat","embeddable":true,"href":"https:\/\/www.raschvin.com\/sv\/wp-json\/wp\/v2\/product_cat?post=16625"},{"taxonomy":"product_tag","embeddable":true,"href":"https:\/\/www.raschvin.com\/sv\/wp-json\/wp\/v2\/product_tag?post=16625"}],"curies":[{"name":"wp","href":"https:\/\/api.w.org\/{rel}","templated":true}]}}