{"id":16621,"date":"2022-05-30T10:18:40","date_gmt":"2022-05-30T08:18:40","guid":{"rendered":"https:\/\/www.raschvin.com\/vare\/ron-barcelo-imperial\/"},"modified":"2022-12-03T07:42:33","modified_gmt":"2022-12-03T06:42:33","slug":"ron-barcelo-imperial","status":"publish","type":"product","link":"https:\/\/www.raschvin.com\/sv\/produkt\/ron-barcelo-imperial\/","title":{"rendered":"Ron Barcel\u00f3 Imperial 70 cl. 38%"},"content":{"rendered":"<p>En \u00e4delprodukt skapad genom att anv\u00e4nda oceaner av tid och den b\u00e4sta karibiska sockerr\u00f6ret.<\/p>\n<p>Den mjuka, ganska rika, vackert kopparf\u00e4rgade Rom \u00e4r fylld med livet med smak av s\u00f6t toffee, torkade \u00e4pplen och p\u00e4ron s\u00e5v\u00e4l som bruna kryddor. Efter magan \u00e4r l\u00e5ng, frukt och med buttery toffee och en touch av peppar och tobaksblad. I n\u00e4san kombineras en kraftfull s\u00f6t toffee med blommor och torkade \u00e4pplen.<\/p>\n<p>Guldmedalj i kategorin &#8221;Old Aged&#8221;, Miami Rum Festival 2013.<\/p>\n","protected":false},"excerpt":{"rendered":"<p>Ron Dominicano<\/p>\n","protected":false},"featured_media":6894,"template":"","meta":{"_acf_changed":false,"rs_blank_template":"","rs_page_bg_color":"","slide_template_v7":""},"product_brand":[],"product_cat":[2387,4634,2391],"product_tag":[],"class_list":{"0":"post-16621","1":"product","2":"type-product","3":"status-publish","4":"has-post-thumbnail","6":"product_cat-avec-sv","7":"product_cat-premium-aged-sv","8":"product_cat-rom-sv","9":"pa_land-dominikanska-republiken","10":"pa_procent-38-sv","11":"pa_producent-anguilla-rums-ltd-sv","12":"pa_volume-70-sv-2","14":"first","15":"instock","16":"taxable","17":"shipping-taxable","18":"purchasable","19":"product-type-simple"},"bundled_by":[],"bundle_stock_status":"instock","bundle_stock_quantity":null,"bundle_virtual":false,"bundle_layout":"","bundle_add_to_cart_form_location":"","bundle_editable_in_cart":false,"bundle_sold_individually_context":"","bundle_item_grouping":"","bundle_min_size":"","bundle_max_size":"","bundle_price":[],"bundled_items":[],"bundle_sell_ids":[],"acf":[],"_links":{"self":[{"href":"https:\/\/www.raschvin.com\/sv\/wp-json\/wp\/v2\/product\/16621","targetHints":{"allow":["GET"]}}],"collection":[{"href":"https:\/\/www.raschvin.com\/sv\/wp-json\/wp\/v2\/product"}],"about":[{"href":"https:\/\/www.raschvin.com\/sv\/wp-json\/wp\/v2\/types\/product"}],"wp:featuredmedia":[{"embeddable":true,"href":"https:\/\/www.raschvin.com\/sv\/wp-json\/wp\/v2\/media\/6894"}],"wp:attachment":[{"href":"https:\/\/www.raschvin.com\/sv\/wp-json\/wp\/v2\/media?parent=16621"}],"wp:term":[{"taxonomy":"product_brand","embeddable":true,"href":"https:\/\/www.raschvin.com\/sv\/wp-json\/wp\/v2\/product_brand?post=16621"},{"taxonomy":"product_cat","embeddable":true,"href":"https:\/\/www.raschvin.com\/sv\/wp-json\/wp\/v2\/product_cat?post=16621"},{"taxonomy":"product_tag","embeddable":true,"href":"https:\/\/www.raschvin.com\/sv\/wp-json\/wp\/v2\/product_tag?post=16621"}],"curies":[{"name":"wp","href":"https:\/\/api.w.org\/{rel}","templated":true}]}}