{"id":16619,"date":"2022-05-30T10:18:40","date_gmt":"2022-05-30T08:18:40","guid":{"rendered":"https:\/\/www.raschvin.com\/vare\/benromach-contrasts-organic\/"},"modified":"2022-10-26T12:43:54","modified_gmt":"2022-10-26T10:43:54","slug":"benromach-contrasts-organic","status":"publish","type":"product","link":"https:\/\/www.raschvin.com\/sv\/produkt\/benromach-contrasts-organic\/","title":{"rendered":"Benromach Contrasts: Organic ECO 70 cl. 46%"},"content":{"rendered":"<p>V\u00e4rldens f\u00f6rsta certifierade organiska singelmalt whisky sedan 2006. Den brittiska jordf\u00f6reningen ackrediterade fr\u00e5n b\u00f6rjan till slut, Benromach Organiska mognar i Virgin American Oak och ge s\u00f6ta, maltade anteckningar med kr\u00e4mig peppar, banan, kaffe och kakao. Mjuk och mycket rik maltwhisky. Anv\u00e4ndningen av Virgin Fresh American Oakefade bidrar till en mycket rik karakt\u00e4r, robusthet och f\u00e4rg.<\/p>\n<p>Den \u00e4r gjord av 100% organisk korn och mognad i Virgin American Oak R\u00e4tter, som ger s\u00f6ta, tropiska fruktkarakt\u00e4rer med banan och kakao. Denna utg\u00e5va destillerades 2012 och flaskades \u00e5r 2020.<\/p>\n<p>Officiella smaklistor<\/p>\n<p>N\u00e4sa: s\u00f6t vanilj och mogen frukt som \u00e5tf\u00f6ljer citrusskal. Rostad malt leder till gr\u00f6na \u00e4pplen.<\/p>\n<p>Gom: Creamy med mjukpeppar och butterscotch. F\u00e4rskm\u00e5lat kaffe utvecklas med torkad banan och en subtil herbant.<\/p>\n<p>Yta: Medium full och l\u00e5ng med anis och kakaopulver<\/p>\n","protected":false},"excerpt":{"rendered":"<p>Speyside Single Malt Scotch Whisky<\/p>\n","protected":false},"featured_media":31108,"template":"","meta":{"_acf_changed":false,"rs_blank_template":"","rs_page_bg_color":"","slide_template_v7":""},"product_brand":[],"product_cat":[2387,4651,2392],"product_tag":[],"class_list":{"0":"post-16619","1":"product","2":"type-product","3":"status-publish","4":"has-post-thumbnail","6":"product_cat-avec-sv","7":"product_cat-single-malt-sv","8":"product_cat-whisky-sv","9":"pa_land-skottland","10":"pa_oekologisk-ja-sv","11":"pa_procent-46-sv","12":"pa_producent-the-benromach-distillery-co-ltd-sv","13":"pa_region-speyside-sv","14":"pa_volume-70-sv-2","16":"first","17":"instock","18":"sale","19":"taxable","20":"shipping-taxable","21":"purchasable","22":"product-type-simple"},"bundled_by":[],"bundle_stock_status":"instock","bundle_stock_quantity":null,"bundle_virtual":false,"bundle_layout":"","bundle_add_to_cart_form_location":"","bundle_editable_in_cart":false,"bundle_sold_individually_context":"","bundle_item_grouping":"","bundle_min_size":"","bundle_max_size":"","bundle_price":[],"bundled_items":[],"bundle_sell_ids":[],"acf":[],"_links":{"self":[{"href":"https:\/\/www.raschvin.com\/sv\/wp-json\/wp\/v2\/product\/16619","targetHints":{"allow":["GET"]}}],"collection":[{"href":"https:\/\/www.raschvin.com\/sv\/wp-json\/wp\/v2\/product"}],"about":[{"href":"https:\/\/www.raschvin.com\/sv\/wp-json\/wp\/v2\/types\/product"}],"wp:featuredmedia":[{"embeddable":true,"href":"https:\/\/www.raschvin.com\/sv\/wp-json\/wp\/v2\/media\/31108"}],"wp:attachment":[{"href":"https:\/\/www.raschvin.com\/sv\/wp-json\/wp\/v2\/media?parent=16619"}],"wp:term":[{"taxonomy":"product_brand","embeddable":true,"href":"https:\/\/www.raschvin.com\/sv\/wp-json\/wp\/v2\/product_brand?post=16619"},{"taxonomy":"product_cat","embeddable":true,"href":"https:\/\/www.raschvin.com\/sv\/wp-json\/wp\/v2\/product_cat?post=16619"},{"taxonomy":"product_tag","embeddable":true,"href":"https:\/\/www.raschvin.com\/sv\/wp-json\/wp\/v2\/product_tag?post=16619"}],"curies":[{"name":"wp","href":"https:\/\/api.w.org\/{rel}","templated":true}]}}