{"id":16617,"date":"2022-05-30T10:18:40","date_gmt":"2022-05-30T08:18:40","guid":{"rendered":"https:\/\/www.raschvin.com\/vare\/courvoisier-v-s-cognac-mini-5-cl\/"},"modified":"2022-11-10T18:12:28","modified_gmt":"2022-11-10T17:12:28","slug":"courvoisier-v-s-cognac-mini-5-cl","status":"publish","type":"product","link":"https:\/\/www.raschvin.com\/sv\/produkt\/courvoisier-v-s-cognac-mini-5-cl\/","title":{"rendered":"Courvoisier V.S Cognac 5 cl. 40%"},"content":{"rendered":"<p>Mini Cognac!<\/p>\n<p>Courvoisier vs Cognac har lagrat l\u00e4ngre \u00e4n andra VSS f\u00f6r att ge det mer karakt\u00e4r och en ropare smak. Dess f\u00e4rg \u00e4r gyllene och dess doft \u00e4r f\u00e4rsk med toner av ek. Dess smak \u00e4r fruktig och k\u00e4nslig.<\/p>\n<p>F\u00e4rg: Courvoisier v.s. Ha en vacker gult f\u00e4rg.<\/p>\n<p>Arom: Arom \u00e4r rik, fr\u00e4sch och balanserad. OG noterar med en ung konjaks kraft.<\/p>\n<p>Smak: hamna i en snabb och mycket varm tretonr\u00e4tter.<\/p>\n<p>Destillationen i destilleringens mindre 25 hektar av alambiska pottstills ger l\u00e4ckra anteckningar av f\u00e4rska druvor, p\u00e4ron, citron, apelsin och andra mogna frukter.<\/p>\n<p>Courvoisier v.s. har blivit mytisk i konjakv\u00e4rlden. Rykten s\u00e4ger att Napoleon tog med sig hundratals flaskor tillsammans med honom till Saint Helena. Courvoisier v.s. \u00e4r 8 \u00e5r i fat f\u00f6re tappning. Hans karakt\u00e4r kommer fr\u00e5n noggrann omsorg av destilleriet under hela processen, fr\u00e5n den unika terroir, sorten, matr\u00e4tten och \u00e5ldrandet.<\/p>\n","protected":false},"excerpt":{"rendered":"<p>Cognac de France<\/p>\n","protected":false},"featured_media":6851,"template":"","meta":{"_acf_changed":false,"rs_blank_template":"","rs_page_bg_color":"","slide_template_v7":""},"product_brand":[],"product_cat":[2387,2389,4603],"product_tag":[],"class_list":{"0":"post-16617","1":"product","2":"type-product","3":"status-publish","4":"has-post-thumbnail","6":"product_cat-avec-sv","7":"product_cat-cognac-sv","8":"product_cat-v-s-sv","9":"pa_land-frankrike","10":"pa_procent-40-sv-2","11":"pa_producent-courvoisier-sv","12":"pa_region-cognac-sv","13":"pa_volume-5-sv","15":"first","16":"outofstock","17":"taxable","18":"shipping-taxable","19":"purchasable","20":"product-type-simple"},"bundled_by":[],"bundle_stock_status":"outofstock","bundle_stock_quantity":null,"bundle_virtual":false,"bundle_layout":"","bundle_add_to_cart_form_location":"","bundle_editable_in_cart":false,"bundle_sold_individually_context":"","bundle_item_grouping":"","bundle_min_size":"","bundle_max_size":"","bundle_price":[],"bundled_items":[],"bundle_sell_ids":[],"acf":[],"_links":{"self":[{"href":"https:\/\/www.raschvin.com\/sv\/wp-json\/wp\/v2\/product\/16617","targetHints":{"allow":["GET"]}}],"collection":[{"href":"https:\/\/www.raschvin.com\/sv\/wp-json\/wp\/v2\/product"}],"about":[{"href":"https:\/\/www.raschvin.com\/sv\/wp-json\/wp\/v2\/types\/product"}],"wp:featuredmedia":[{"embeddable":true,"href":"https:\/\/www.raschvin.com\/sv\/wp-json\/wp\/v2\/media\/6851"}],"wp:attachment":[{"href":"https:\/\/www.raschvin.com\/sv\/wp-json\/wp\/v2\/media?parent=16617"}],"wp:term":[{"taxonomy":"product_brand","embeddable":true,"href":"https:\/\/www.raschvin.com\/sv\/wp-json\/wp\/v2\/product_brand?post=16617"},{"taxonomy":"product_cat","embeddable":true,"href":"https:\/\/www.raschvin.com\/sv\/wp-json\/wp\/v2\/product_cat?post=16617"},{"taxonomy":"product_tag","embeddable":true,"href":"https:\/\/www.raschvin.com\/sv\/wp-json\/wp\/v2\/product_tag?post=16617"}],"curies":[{"name":"wp","href":"https:\/\/api.w.org\/{rel}","templated":true}]}}