{"id":16615,"date":"2022-05-30T10:18:40","date_gmt":"2022-05-30T08:18:40","guid":{"rendered":"https:\/\/www.raschvin.com\/vare\/santos-dumont-x-o-gewurztraminer\/"},"modified":"2022-12-06T10:51:33","modified_gmt":"2022-12-06T09:51:33","slug":"santos-dumont-x-o-gewuerztraminer","status":"publish","type":"product","link":"https:\/\/www.raschvin.com\/sv\/produkt\/santos-dumont-x-o-gewuerztraminer\/","title":{"rendered":"Santos Dumont &#8211; XO Gew\u00fcrztraminer 70 cl. 40%"},"content":{"rendered":"<p>En sp\u00e4nnande rombaserat spiritus med en extremt fyllig s\u00f6tme, Den appellerer till alla, det \u00e4r v\u00e4rdefullt och spiritus av h\u00f6g kvalitet. Den \u00e4r afbalanceret mellan en krydret komplexitet och en l\u00e5ngvarig fl\u00f8jlsagtig s\u00f8dme.<\/p>\n<p>Denna blandning \u00e4r lagret i gamla och omhyggeligt utvalda fade, som tidigare anv\u00e4ndes til modning af den krydrede och yndefulde hvidvinsdrue kaldet Gew\u00fcrztraminer. Indflydelsen fra Gew\u00fcrztraminer-fadene kan m\u00e4rkes med det samma genom den store intensiteten der \u00e4r i glasset.<\/p>\n<p>Urternes fremtoning, tillsammans med tropiska noter g\u00f6r detta till en underbar upplevelse. Detta \u00e4r verkligen en unik kombination av fine traditioner i skapalsen av b\u00e5de eleganta vine och fantastisk spiritus.<\/p>\n<p>Santos Dumont XO Gew\u00fcrztraminer producerar i sm\u00e5 portioner och individuella flaskor.<\/p>\n<p>Duft<\/p>\n<p>Tropiska frukter, vingummier, m\u00e6lkechokolade och et lite strejf af l\u00f8vstikke<\/p>\n<p>Smag<\/p>\n<p>Varme b\u00f8lger af orange och abrikoser tillsammans med kokosn\u00f8dder och krydret smak<\/p>\n<p>Afslutning<\/p>\n<p>Vidunderligt s\u00f6t och en evigt varm krydret not kombinerat med tropisk frukter legemliggjort i en saftig vinber\u00f6ring<\/p>\n","protected":false},"excerpt":{"rendered":"<p>Premium Aged Spirit Drink<\/p>\n","protected":false},"featured_media":6831,"template":"","meta":{"_acf_changed":false,"rs_blank_template":"","rs_page_bg_color":"","slide_template_v7":""},"product_brand":[],"product_cat":[2387,4634,2391],"product_tag":[],"class_list":{"0":"post-16615","1":"product","2":"type-product","3":"status-publish","4":"has-post-thumbnail","6":"product_cat-avec-sv","7":"product_cat-premium-aged-sv","8":"product_cat-rom-sv","9":"pa_land-brasilien-sv","10":"pa_procent-40-sv-2","11":"pa_producent-santos-dumont-sv","12":"pa_volume-70-sv-2","14":"first","15":"instock","16":"sale","17":"taxable","18":"shipping-taxable","19":"purchasable","20":"product-type-simple"},"bundled_by":[],"bundle_stock_status":"instock","bundle_stock_quantity":null,"bundle_virtual":false,"bundle_layout":"","bundle_add_to_cart_form_location":"","bundle_editable_in_cart":false,"bundle_sold_individually_context":"","bundle_item_grouping":"","bundle_min_size":"","bundle_max_size":"","bundle_price":[],"bundled_items":[],"bundle_sell_ids":[],"acf":[],"_links":{"self":[{"href":"https:\/\/www.raschvin.com\/sv\/wp-json\/wp\/v2\/product\/16615","targetHints":{"allow":["GET"]}}],"collection":[{"href":"https:\/\/www.raschvin.com\/sv\/wp-json\/wp\/v2\/product"}],"about":[{"href":"https:\/\/www.raschvin.com\/sv\/wp-json\/wp\/v2\/types\/product"}],"wp:featuredmedia":[{"embeddable":true,"href":"https:\/\/www.raschvin.com\/sv\/wp-json\/wp\/v2\/media\/6831"}],"wp:attachment":[{"href":"https:\/\/www.raschvin.com\/sv\/wp-json\/wp\/v2\/media?parent=16615"}],"wp:term":[{"taxonomy":"product_brand","embeddable":true,"href":"https:\/\/www.raschvin.com\/sv\/wp-json\/wp\/v2\/product_brand?post=16615"},{"taxonomy":"product_cat","embeddable":true,"href":"https:\/\/www.raschvin.com\/sv\/wp-json\/wp\/v2\/product_cat?post=16615"},{"taxonomy":"product_tag","embeddable":true,"href":"https:\/\/www.raschvin.com\/sv\/wp-json\/wp\/v2\/product_tag?post=16615"}],"curies":[{"name":"wp","href":"https:\/\/api.w.org\/{rel}","templated":true}]}}