{"id":16614,"date":"2026-01-23T08:35:40","date_gmt":"2026-01-23T07:35:40","guid":{"rendered":"https:\/\/www.raschvin.com\/vare\/courvoisier-v-s-o-p-cognac\/"},"modified":"2023-03-17T18:48:10","modified_gmt":"2023-03-17T17:48:10","slug":"courvoisier-v-s-o-p-cognac","status":"publish","type":"product","link":"https:\/\/www.raschvin.com\/sv\/produkt\/courvoisier-v-s-o-p-cognac\/","title":{"rendered":"Courvoisier V.S.O.P Cognac 70 cl. 40%"},"content":{"rendered":"<p>B\u00e5de Grande som Petite Champagner bidrar med harmoni, medan FINS Bois ger Courvoisier\u00ae VSOP Cognac en blomstrande och fruktig karakt\u00e4r.<\/p>\n<p>\u00c4lskade kungliga, k\u00e4ndisar och konstn\u00e4rer genom \u00e5ren, det h\u00e4r \u00e4r ett varum\u00e4rke som har satt sitt m\u00e4rke p\u00e5 v\u00e4rlden sedan dess grundare och kommer att forts\u00e4tta att g\u00f6ra det i framtiden.<\/p>\n<p>Fins Bois, Grande och Petite Champagne druvor samlas fr\u00e5n konjakregionen och bearbetas till sin separata eau-de-vie. Dessa \u00e4r d\u00e5 skickligt blandade i ande som kallas courvoisier vsop. VSOP st\u00e5r f\u00f6r &#8221;mycket \u00f6verl\u00e4gsen gammal blek&#8221;, vilket inneb\u00e4r att den yngsta eau-de-vie som anv\u00e4nds f\u00f6r blandningen \u00e4r minst fyra \u00e5r gammal. Denna mjuka och eleganta konjak lyser med de vackra smakerna av persika, rostade mandel och jasmin och \u00e4r helt enkelt tidl\u00f6s.<\/p>\n<p>Doften av courvoisier vsop g\u00f6r den h\u00e4r fina utformade andan f\u00f6rtrollande. Men det \u00e4r den smak som f\u00e5r dig att \u00e5terv\u00e4nda till mer. Den vackra gula f\u00e4rgen som har uppn\u00e5tts genom \u00e5ldrande i m\u00e5nga \u00e5r, ger plats f\u00f6r en smak som \u00e4r b\u00e4st, oavsett hur du tycker \u00e4r l\u00e4mplig. Oavsett om det \u00e4r trevligt, p\u00e5 klipporna, med ett st\u00e4nk av vatten eller i en blandad drink, \u00e4r courvoisier vsop s\u00e4ker p\u00e5 att skina.<\/p>\n","protected":false},"excerpt":{"rendered":"<p>Cognac de France<\/p>\n","protected":false},"featured_media":113957,"template":"","meta":{"_acf_changed":false,"rs_blank_template":"","rs_page_bg_color":"","slide_template_v7":""},"product_brand":[],"product_cat":[2387,2389,4606],"product_tag":[],"class_list":{"0":"post-16614","1":"product","2":"type-product","3":"status-publish","4":"has-post-thumbnail","6":"product_cat-avec-sv","7":"product_cat-cognac-sv","8":"product_cat-v-s-o-p-sv","9":"pa_land-frankrike","10":"pa_procent-40-sv-2","11":"pa_producent-courvoisier-sv","12":"pa_region-cognac-sv","13":"pa_volume-70-sv-2","15":"first","16":"instock","17":"sale","18":"taxable","19":"shipping-taxable","20":"purchasable","21":"product-type-simple"},"bundled_by":[],"bundle_stock_status":"instock","bundle_stock_quantity":null,"bundle_virtual":false,"bundle_layout":"","bundle_add_to_cart_form_location":"","bundle_editable_in_cart":false,"bundle_sold_individually_context":"","bundle_item_grouping":"","bundle_min_size":"","bundle_max_size":"","bundle_price":[],"bundled_items":[],"bundle_sell_ids":[],"acf":[],"_links":{"self":[{"href":"https:\/\/www.raschvin.com\/sv\/wp-json\/wp\/v2\/product\/16614","targetHints":{"allow":["GET"]}}],"collection":[{"href":"https:\/\/www.raschvin.com\/sv\/wp-json\/wp\/v2\/product"}],"about":[{"href":"https:\/\/www.raschvin.com\/sv\/wp-json\/wp\/v2\/types\/product"}],"wp:featuredmedia":[{"embeddable":true,"href":"https:\/\/www.raschvin.com\/sv\/wp-json\/wp\/v2\/media\/113957"}],"wp:attachment":[{"href":"https:\/\/www.raschvin.com\/sv\/wp-json\/wp\/v2\/media?parent=16614"}],"wp:term":[{"taxonomy":"product_brand","embeddable":true,"href":"https:\/\/www.raschvin.com\/sv\/wp-json\/wp\/v2\/product_brand?post=16614"},{"taxonomy":"product_cat","embeddable":true,"href":"https:\/\/www.raschvin.com\/sv\/wp-json\/wp\/v2\/product_cat?post=16614"},{"taxonomy":"product_tag","embeddable":true,"href":"https:\/\/www.raschvin.com\/sv\/wp-json\/wp\/v2\/product_tag?post=16614"}],"curies":[{"name":"wp","href":"https:\/\/api.w.org\/{rel}","templated":true}]}}