{"id":16611,"date":"2022-05-30T10:17:17","date_gmt":"2022-05-30T08:17:17","guid":{"rendered":"https:\/\/www.raschvin.com\/vare\/glenfiddich-project-xx-47\/"},"modified":"2022-11-18T09:03:02","modified_gmt":"2022-11-18T08:03:02","slug":"glenfiddich-project-xx-47","status":"publish","type":"product","link":"https:\/\/www.raschvin.com\/sv\/produkt\/glenfiddich-project-xx-47\/","title":{"rendered":"Glenfiddich Project XX &#8211; Experimental Series 70 cl. 47%"},"content":{"rendered":"<p>Glenfiddich Project XX \u00e4r en del av Glenfiddichs experimentell linje, d\u00e4r experimenteras, konvention och brutna gr\u00e4nser \u00e4r expert. 20 av whiskyindustrins mest exceptionella personligheter fastnade huvudet tillsammans f\u00f6r att skapa detta unika, banbrytande singelmalt uttryck.<\/p>\n<p>Med sin djupa gyllene skugga som uttrycker projektet XX den varma, fruktiga karakt\u00e4ren hos en klassisk Glenfiddich whisky med tips av \u00e4ppelblommor, sommarfrukter och mogna l\u00f6kar. Dess m\u00e5nga personligheter avsl\u00f6jade med tips av s\u00f6t candyfloss, kanel, mandel och rik portlinser samt en ledtr\u00e5d av lakrits. Efter magan \u00e4r djup, mjuk och l\u00e5ng med l\u00e5ngvarig, s\u00f6t Eva.<\/p>\n<p>Glenfiddich Distillery.<br \/>\nP\u00e5 sommaren 1886 b\u00f6rjade William med sina sju s\u00f6ner och tv\u00e5 d\u00f6ttrar vid deras sida f\u00f6r att m\u00f6ta en livsl\u00e5ng ambition. Tillsammans byggde de destilleriet, sten f\u00f6r stenar. Efter ett enda \u00e5rs arbete var det klart och William kallade det Glenfiddich, Gaelic f\u00f6r &#8221;dalley of the deer&#8221;.<\/p>\n<p>Williams passion, beslutsamhet och banbrytande whisky leder fortfarande destilleriet idag. Glenfiddich \u00e4r en av de f\u00e5 enkla maltdestillerierna som fortfarande \u00e4r familje\u00e4gda, och det kan till och med skryta av titeln &#8221;v\u00e4rldens mest tilldelade single scotch whisky&#8221; &#8211; en sann reflektion av Williams innovativa natur, som vidarebefordras fr\u00e5n generation till generation. Alla single malt-whiskyer fr\u00e5n Glenfiddich \u00e4r tillverkade med extraordin\u00e4r v\u00e5rd och uppm\u00e4rksamhet. Var och en \u00e4r k\u00e4nd \u00f6ver hela v\u00e4rlden f\u00f6r sin kvalitet och implementering.<\/p>\n","protected":false},"excerpt":{"rendered":"<p>Single Malt Scotch Whisky<\/p>\n","protected":false},"featured_media":29932,"template":"","meta":{"_acf_changed":false,"rs_blank_template":"","rs_page_bg_color":"","slide_template_v7":""},"product_brand":[],"product_cat":[2387,2392,4651],"product_tag":[],"class_list":{"0":"post-16611","1":"product","2":"type-product","3":"status-publish","4":"has-post-thumbnail","6":"product_cat-avec-sv","7":"product_cat-whisky-sv","8":"product_cat-single-malt-sv","9":"pa_land-skottland","10":"pa_procent-47-sv","11":"pa_producent-distillery-bottling-sv","12":"pa_region-speyside-sv","13":"pa_volume-70-sv-2","15":"first","16":"outofstock","17":"taxable","18":"shipping-taxable","19":"purchasable","20":"product-type-simple"},"bundled_by":[],"bundle_stock_status":"outofstock","bundle_stock_quantity":null,"bundle_virtual":false,"bundle_layout":"","bundle_add_to_cart_form_location":"","bundle_editable_in_cart":false,"bundle_sold_individually_context":"","bundle_item_grouping":"","bundle_min_size":"","bundle_max_size":"","bundle_price":[],"bundled_items":[],"bundle_sell_ids":[],"acf":[],"_links":{"self":[{"href":"https:\/\/www.raschvin.com\/sv\/wp-json\/wp\/v2\/product\/16611","targetHints":{"allow":["GET"]}}],"collection":[{"href":"https:\/\/www.raschvin.com\/sv\/wp-json\/wp\/v2\/product"}],"about":[{"href":"https:\/\/www.raschvin.com\/sv\/wp-json\/wp\/v2\/types\/product"}],"wp:featuredmedia":[{"embeddable":true,"href":"https:\/\/www.raschvin.com\/sv\/wp-json\/wp\/v2\/media\/29932"}],"wp:attachment":[{"href":"https:\/\/www.raschvin.com\/sv\/wp-json\/wp\/v2\/media?parent=16611"}],"wp:term":[{"taxonomy":"product_brand","embeddable":true,"href":"https:\/\/www.raschvin.com\/sv\/wp-json\/wp\/v2\/product_brand?post=16611"},{"taxonomy":"product_cat","embeddable":true,"href":"https:\/\/www.raschvin.com\/sv\/wp-json\/wp\/v2\/product_cat?post=16611"},{"taxonomy":"product_tag","embeddable":true,"href":"https:\/\/www.raschvin.com\/sv\/wp-json\/wp\/v2\/product_tag?post=16611"}],"curies":[{"name":"wp","href":"https:\/\/api.w.org\/{rel}","templated":true}]}}