{"id":16605,"date":"2022-05-30T10:17:17","date_gmt":"2022-05-30T08:17:17","guid":{"rendered":"https:\/\/www.raschvin.com\/vare\/the-famous-grouse-ruby-cask-100-cl\/"},"modified":"2022-12-09T16:25:11","modified_gmt":"2022-12-09T15:25:11","slug":"the-famous-grouse-ruby-cask-100-cl","status":"publish","type":"product","link":"https:\/\/www.raschvin.com\/sv\/produkt\/the-famous-grouse-ruby-cask-100-cl\/","title":{"rendered":"The Famous Grouse &#8211; Ruby Cask 100 cl. 40%"},"content":{"rendered":"<p>Hela Skottlands FavoriteMhisky, den ber\u00f6mda grouse, \u00e4r en blandad whisky, skapad i en kombination av de finaste singelmalterna &#8211; inklusive Macallan och Highland Park &#8211; och exceptionell Kornwhisky.<br \/>\nDen h\u00e4r versionen av den ber\u00f6mda Grouse Whisky har lagrats p\u00e5 portens k\u00e4tter och har d\u00e4rmed f\u00e5tt en rikare och s\u00f6tare smak \u00e4n andra whisky.<\/p>\n<p>Ruby cask har det, f\u00f6r ber\u00f6mda grouse, typiskt mjuk profil &#8211; h\u00e4r lade ett lager av s\u00f6t, full fruktkaka-s\u00f6tma. Riktigt l\u00e4ckra och runda i smaken.<\/p>\n<p>Den ber\u00f6mda grouse grundades av Matthew Gloag 1800 och har s\u00e5ledes existerat i mer \u00e4n 200 \u00e5r. Deras whisky \u00e4r k\u00e4nda eftersom de \u00e4r l\u00e4ckra &#8211; ganska enkla. Framg\u00e5ngen \u00e4r baserad p\u00e5 en kombination av fyra grundl\u00e4ggande element; Det finaste kornet, klart vatten fr\u00e5n Skottlands k\u00e4llor, k\u00e4rleksfullt kryddig sherry och bourbonr\u00e4tter.<\/p>\n","protected":false},"excerpt":{"rendered":"<p>Cask Series &#8211; Blended Scotch Whisky<\/p>\n","protected":false},"featured_media":31156,"template":"","meta":{"_acf_changed":false,"rs_blank_template":"","rs_page_bg_color":"","slide_template_v7":""},"product_brand":[],"product_cat":[2387,4765,2392],"product_tag":[],"class_list":{"0":"post-16605","1":"product","2":"type-product","3":"status-publish","4":"has-post-thumbnail","6":"product_cat-avec-sv","7":"product_cat-blended-sv","8":"product_cat-whisky-sv","9":"pa_land-skottland","10":"pa_procent-40-sv-2","11":"pa_producent-edrington-sv","12":"pa_traefad-port-sv","13":"pa_volume-100-sv","15":"first","16":"instock","17":"sale","18":"taxable","19":"shipping-taxable","20":"purchasable","21":"product-type-simple"},"bundled_by":[],"bundle_stock_status":"instock","bundle_stock_quantity":null,"bundle_virtual":false,"bundle_layout":"","bundle_add_to_cart_form_location":"","bundle_editable_in_cart":false,"bundle_sold_individually_context":"","bundle_item_grouping":"","bundle_min_size":"","bundle_max_size":"","bundle_price":[],"bundled_items":[],"bundle_sell_ids":[],"acf":[],"_links":{"self":[{"href":"https:\/\/www.raschvin.com\/sv\/wp-json\/wp\/v2\/product\/16605","targetHints":{"allow":["GET"]}}],"collection":[{"href":"https:\/\/www.raschvin.com\/sv\/wp-json\/wp\/v2\/product"}],"about":[{"href":"https:\/\/www.raschvin.com\/sv\/wp-json\/wp\/v2\/types\/product"}],"wp:featuredmedia":[{"embeddable":true,"href":"https:\/\/www.raschvin.com\/sv\/wp-json\/wp\/v2\/media\/31156"}],"wp:attachment":[{"href":"https:\/\/www.raschvin.com\/sv\/wp-json\/wp\/v2\/media?parent=16605"}],"wp:term":[{"taxonomy":"product_brand","embeddable":true,"href":"https:\/\/www.raschvin.com\/sv\/wp-json\/wp\/v2\/product_brand?post=16605"},{"taxonomy":"product_cat","embeddable":true,"href":"https:\/\/www.raschvin.com\/sv\/wp-json\/wp\/v2\/product_cat?post=16605"},{"taxonomy":"product_tag","embeddable":true,"href":"https:\/\/www.raschvin.com\/sv\/wp-json\/wp\/v2\/product_tag?post=16605"}],"curies":[{"name":"wp","href":"https:\/\/api.w.org\/{rel}","templated":true}]}}