{"id":16601,"date":"2022-05-30T10:15:43","date_gmt":"2022-05-30T08:15:43","guid":{"rendered":"https:\/\/www.raschvin.com\/vare\/pisang-ambon-100-cl\/"},"modified":"2022-11-30T19:58:31","modified_gmt":"2022-11-30T18:58:31","slug":"pisang-ambon-100-cl","status":"publish","type":"product","link":"https:\/\/www.raschvin.com\/sv\/produkt\/pisang-ambon-100-cl\/","title":{"rendered":"Pisang Ambon 100 cl. 17%"},"content":{"rendered":"<p>Pisang Ambon \u00e4r en len, gr\u00f6n bananlik\u00f6r baserad p\u00e5 ett original indonesiskt recept. &#8217;Pisang&#8217; betyder banan p\u00e5 indonesiska, och lik\u00f6ren hyllar ytterligare sina indonesiska r\u00f6tter, eftersom &#8221;Ambon&#8221; \u00e4r namnet p\u00e5 en liten indonesisk \u00f6 n\u00e4ra Bali.<\/p>\n<p>Pisang Ambon \u00e4r en holl\u00e4ndsk lik\u00f6r fr\u00e5n de alltid beg\u00e5vade m\u00e4nniskorna p\u00e5 Bols, baserad p\u00e5 ett recept fr\u00e5n Indonesien. Med sin k\u00e4rna av banannoter, kompletterat med ett mix av \u00f6rter, blir detta en utm\u00e4rkt cocktailingrediens&#8230;<\/p>\n<p>N\u00e4sa: Kr\u00e4mig, tropisk n\u00e4sa med nyskalad \u00f6vermogen banan, kola och lite vanilj.<\/p>\n<p>Smak: Rik smak med kr\u00e4miga s\u00f6ta bananer, torkade bananchips, torkad kokos och guava. Tjock och gom bel\u00e4ggning.<\/p>\n<p>Avslut: L\u00e5ng, fruktig avslutning.<\/p>\n","protected":false},"excerpt":{"rendered":"<p>The Original &#8211; Banana Fruit Liqueur<\/p>\n","protected":false},"featured_media":31102,"template":"","meta":{"_acf_changed":false,"rs_blank_template":"","rs_page_bg_color":"","slide_template_v7":""},"product_brand":[],"product_cat":[2387,2390,4670],"product_tag":[],"class_list":{"0":"post-16601","1":"product","2":"type-product","3":"status-publish","4":"has-post-thumbnail","6":"product_cat-avec-sv","7":"product_cat-sprit","8":"product_cat-frukt","9":"pa_land-nederlaenderna","10":"pa_procent-17-sv","11":"pa_producent-lucas-bols-b-v-sv","12":"pa_region-amsterdam-sv","13":"pa_volume-100-sv","15":"first","16":"instock","17":"sale","18":"taxable","19":"shipping-taxable","20":"purchasable","21":"product-type-simple"},"bundled_by":[],"bundle_stock_status":"instock","bundle_stock_quantity":null,"bundle_virtual":false,"bundle_layout":"","bundle_add_to_cart_form_location":"","bundle_editable_in_cart":false,"bundle_sold_individually_context":"","bundle_item_grouping":"","bundle_min_size":"","bundle_max_size":"","bundle_price":[],"bundled_items":[],"bundle_sell_ids":[],"acf":[],"_links":{"self":[{"href":"https:\/\/www.raschvin.com\/sv\/wp-json\/wp\/v2\/product\/16601","targetHints":{"allow":["GET"]}}],"collection":[{"href":"https:\/\/www.raschvin.com\/sv\/wp-json\/wp\/v2\/product"}],"about":[{"href":"https:\/\/www.raschvin.com\/sv\/wp-json\/wp\/v2\/types\/product"}],"wp:featuredmedia":[{"embeddable":true,"href":"https:\/\/www.raschvin.com\/sv\/wp-json\/wp\/v2\/media\/31102"}],"wp:attachment":[{"href":"https:\/\/www.raschvin.com\/sv\/wp-json\/wp\/v2\/media?parent=16601"}],"wp:term":[{"taxonomy":"product_brand","embeddable":true,"href":"https:\/\/www.raschvin.com\/sv\/wp-json\/wp\/v2\/product_brand?post=16601"},{"taxonomy":"product_cat","embeddable":true,"href":"https:\/\/www.raschvin.com\/sv\/wp-json\/wp\/v2\/product_cat?post=16601"},{"taxonomy":"product_tag","embeddable":true,"href":"https:\/\/www.raschvin.com\/sv\/wp-json\/wp\/v2\/product_tag?post=16601"}],"curies":[{"name":"wp","href":"https:\/\/api.w.org\/{rel}","templated":true}]}}