{"id":16600,"date":"2022-05-30T10:15:43","date_gmt":"2022-05-30T08:15:43","guid":{"rendered":"https:\/\/www.raschvin.com\/vare\/passoa-100-cl\/"},"modified":"2022-11-30T10:06:58","modified_gmt":"2022-11-30T09:06:58","slug":"passoa-100-cl","status":"publish","type":"product","link":"https:\/\/www.raschvin.com\/sv\/produkt\/passoa-100-cl\/","title":{"rendered":"Passo\u00e3 &#8211; The Passion Drink 100 cl. 17%"},"content":{"rendered":"<p>Passo\u00e3 skapades 1985 och \u00e4r en viktig fruktrediens f\u00f6r cocktails. Tack vare sin ikoniska svarta flaska och den r\u00f6da f\u00e4rgen var lik\u00f6ren snabbt en framg\u00e5ng \u00f6ver hela v\u00e4rlden. Med sin passion frukt smak, passo\u00e3 \u00e4r en l\u00e4ttlommande alkohol som har unik f\u00f6rm\u00e5ga att blanda i drycker.<br \/>\nNjut av det enkla med tonic eller i en mer sofistikerad cocktail som Porn Star Martini:<\/p>\n<p>Ingredienser:<br \/>\n1 cl ros sockerr\u00f6r<br \/>\n5 cl vanilj vodka<br \/>\n2 cl passoa.<br \/>\n3 cl nypressad citronsaft<br \/>\nIsbitar<\/p>\n<p>F\u00f6rberedelse:<br \/>\nH\u00e4ll alla ingredienser i en shaker med glass och skaka p\u00e5 10 sekunder<br \/>\nSi \u00f6ver i ett kylt cocktailglas och l\u00e4gg till n\u00e5got. N\u00e5gra passionsfruktk\u00e4rnor. Och servera med ett skottglas med champagne bredvid.<\/p>\n","protected":false},"excerpt":{"rendered":"<p>Passion Fruit Liqueur<\/p>\n","protected":false},"featured_media":30618,"template":"","meta":{"_acf_changed":false,"rs_blank_template":"","rs_page_bg_color":"","slide_template_v7":""},"product_brand":[],"product_cat":[2387,2390,4670],"product_tag":[],"class_list":{"0":"post-16600","1":"product","2":"type-product","3":"status-publish","4":"has-post-thumbnail","6":"product_cat-avec-sv","7":"product_cat-sprit","8":"product_cat-frukt","9":"pa_land-frankrike","10":"pa_procent-17-sv","11":"pa_producent-remy-cointreau-group-sv","12":"pa_volume-100-sv","14":"first","15":"instock","16":"sale","17":"taxable","18":"shipping-taxable","19":"purchasable","20":"product-type-simple"},"bundled_by":[],"bundle_stock_status":"instock","bundle_stock_quantity":null,"bundle_virtual":false,"bundle_layout":"","bundle_add_to_cart_form_location":"","bundle_editable_in_cart":false,"bundle_sold_individually_context":"","bundle_item_grouping":"","bundle_min_size":"","bundle_max_size":"","bundle_price":[],"bundled_items":[],"bundle_sell_ids":[],"acf":[],"_links":{"self":[{"href":"https:\/\/www.raschvin.com\/sv\/wp-json\/wp\/v2\/product\/16600","targetHints":{"allow":["GET"]}}],"collection":[{"href":"https:\/\/www.raschvin.com\/sv\/wp-json\/wp\/v2\/product"}],"about":[{"href":"https:\/\/www.raschvin.com\/sv\/wp-json\/wp\/v2\/types\/product"}],"wp:featuredmedia":[{"embeddable":true,"href":"https:\/\/www.raschvin.com\/sv\/wp-json\/wp\/v2\/media\/30618"}],"wp:attachment":[{"href":"https:\/\/www.raschvin.com\/sv\/wp-json\/wp\/v2\/media?parent=16600"}],"wp:term":[{"taxonomy":"product_brand","embeddable":true,"href":"https:\/\/www.raschvin.com\/sv\/wp-json\/wp\/v2\/product_brand?post=16600"},{"taxonomy":"product_cat","embeddable":true,"href":"https:\/\/www.raschvin.com\/sv\/wp-json\/wp\/v2\/product_cat?post=16600"},{"taxonomy":"product_tag","embeddable":true,"href":"https:\/\/www.raschvin.com\/sv\/wp-json\/wp\/v2\/product_tag?post=16600"}],"curies":[{"name":"wp","href":"https:\/\/api.w.org\/{rel}","templated":true}]}}