{"id":16599,"date":"2022-05-30T10:15:43","date_gmt":"2022-05-30T08:15:43","guid":{"rendered":"https:\/\/www.raschvin.com\/vare\/the-rum-factory-olroso-cask-finish\/"},"modified":"2022-12-09T20:34:25","modified_gmt":"2022-12-09T19:34:25","slug":"the-rum-factory-olroso-cask-finish","status":"publish","type":"product","link":"https:\/\/www.raschvin.com\/sv\/produkt\/the-rum-factory-olroso-cask-finish\/","title":{"rendered":"The Rum Factory &#8211; Oloroso Cask 70 cl. 45%"},"content":{"rendered":"<p>Oloroso Cask \u00e4r en utvald blandning av Rom fr\u00e5n Barbados, som i genomsnitt \u00e4r lagrad i \u00e5tta \u00e5r p\u00e5 gamla bourbonr\u00e4tter. F\u00e4rgen \u00e4r n\u00e4stan rustik brons med sm\u00e5 gyllene sk\u00e4r, medan aromen, som stiger fr\u00e5n glaset, \u00e4r \u00f6verfl\u00f6diga med sm\u00e4lt socker, bittermandler och frukt. M\u00f6rk choklad, \u00f6rter, torkade russin och intensiva sherrynotes fyller hela munen innan eftersmaken tar \u00f6ver med en l\u00e5ng och uppv\u00e4rmningsfinish.<\/p>\n<p>Blandning av Rom fr\u00e5n Barbados, som i genomsnitt lagras \u00e5tta \u00e5r p\u00e5 gamla bourbonr\u00e4tter. D\u00e5 lagras det i Tjeckien i ytterligare 6-9 m\u00e5nader p\u00e5 Old Oloroso-Sherryfade.<\/p>\n<p>Space Factory \u00e4r en oberoende flaskor som har som m\u00e5l att visa v\u00e4rlden ett stort antal specialiteter inom Roms stora v\u00e4rld. Precis som det ofta \u00e4r fallet i whiskyv\u00e4rlden \u00e4r det en ambition att ta med en individuell och kreativ stil till varje flaska. F\u00f6r rymdfabriken \u00e4r m\u00e5let inte bara klassiska destilleringsenheter. Rumfabriken samarbetar med tjeckiska Albert Michler Distillery f\u00f6r att bara skapa unika blandningar och fadgings. Framtiden f\u00f6r rymdfabriken kommer i framtiden att fokusera p\u00e5 &#8221;kontinental lagring&#8221; av Rom, d\u00e4r meningen \u00e4r att leka med de fyra s\u00e4songerna, en l\u00e4gre &#8221;Angels andel&#8221; och st\u00f6rre klimatskillnader \u00e4n vad du hittar i troperna. Skillnaderna bleknar \u00f6ppnar fler alternativ: de kan avrunda en klassisk stil inom Rom eller tolkar de olika ROM-omr\u00e5dena. L\u00f6senorden \u00e4r nytt t\u00e4nkande, d\u00e4r du inte \u00e4r bunden av historia och att vara bunden till ett enda destilleri. Varje matr\u00e4tt och varje region har sina egna egenskaper. Master Blender p\u00e5 rymdfabriken h\u00e4mtar olika Rom fr\u00e5n destillorna och mixern unga Rom med mognad Rom f\u00f6r att ge struktur, en viss rundhet och en kryddig touch till varje Rom. Olika fadtyper anv\u00e4nds, d\u00e4r b\u00e5de \u00e5lder och tr\u00e4 typ varierar. M\u00e5let \u00e4r alltid ett unikt rum med ett mycket varierat spektrum av smak och arom.<\/p>\n","protected":false},"excerpt":{"rendered":"<p>Barbados Premium Aged Rum<\/p>\n","protected":false},"featured_media":6641,"template":"","meta":{"_acf_changed":false,"rs_blank_template":"","rs_page_bg_color":"","slide_template_v7":""},"product_brand":[],"product_cat":[2387,4634,2391],"product_tag":[],"class_list":{"0":"post-16599","1":"product","2":"type-product","3":"status-publish","4":"has-post-thumbnail","6":"product_cat-avec-sv","7":"product_cat-premium-aged-sv","8":"product_cat-rom-sv","9":"pa_land-barbados-sv","10":"pa_procent-45-sv","11":"pa_producent-the-rum-factory-sv","12":"pa_traefad-oloroso-sv","13":"pa_volume-70-sv-2","15":"first","16":"outofstock","17":"taxable","18":"shipping-taxable","19":"purchasable","20":"product-type-simple"},"bundled_by":[],"bundle_stock_status":"outofstock","bundle_stock_quantity":null,"bundle_virtual":false,"bundle_layout":"","bundle_add_to_cart_form_location":"","bundle_editable_in_cart":false,"bundle_sold_individually_context":"","bundle_item_grouping":"","bundle_min_size":"","bundle_max_size":"","bundle_price":[],"bundled_items":[],"bundle_sell_ids":[],"acf":[],"_links":{"self":[{"href":"https:\/\/www.raschvin.com\/sv\/wp-json\/wp\/v2\/product\/16599","targetHints":{"allow":["GET"]}}],"collection":[{"href":"https:\/\/www.raschvin.com\/sv\/wp-json\/wp\/v2\/product"}],"about":[{"href":"https:\/\/www.raschvin.com\/sv\/wp-json\/wp\/v2\/types\/product"}],"wp:featuredmedia":[{"embeddable":true,"href":"https:\/\/www.raschvin.com\/sv\/wp-json\/wp\/v2\/media\/6641"}],"wp:attachment":[{"href":"https:\/\/www.raschvin.com\/sv\/wp-json\/wp\/v2\/media?parent=16599"}],"wp:term":[{"taxonomy":"product_brand","embeddable":true,"href":"https:\/\/www.raschvin.com\/sv\/wp-json\/wp\/v2\/product_brand?post=16599"},{"taxonomy":"product_cat","embeddable":true,"href":"https:\/\/www.raschvin.com\/sv\/wp-json\/wp\/v2\/product_cat?post=16599"},{"taxonomy":"product_tag","embeddable":true,"href":"https:\/\/www.raschvin.com\/sv\/wp-json\/wp\/v2\/product_tag?post=16599"}],"curies":[{"name":"wp","href":"https:\/\/api.w.org\/{rel}","templated":true}]}}