{"id":16597,"date":"2022-05-30T10:15:43","date_gmt":"2022-05-30T08:15:43","guid":{"rendered":"https:\/\/www.raschvin.com\/vare\/the-rum-factory-panama-15-years\/"},"modified":"2022-12-09T20:43:13","modified_gmt":"2022-12-09T19:43:13","slug":"the-rum-factory-panama-15-years","status":"publish","type":"product","link":"https:\/\/www.raschvin.com\/sv\/produkt\/the-rum-factory-panama-15-years\/","title":{"rendered":"The Rum Factory &#8211; Panama 15 Years 70 cl. 43%"},"content":{"rendered":"<p>Vacker mahognyf\u00e4rgad Rom med massor av mjuk vanilj i aromen, karamelll, rostad ek och kanel. Du f\u00e5r en dj\u00e4rv och rik smaker d\u00e4r exotiska frukter, kokosn\u00f6t, ananas och plommon st\u00f6r sin tunga tillsammans med hint av brunt farin och kaffe. En l\u00e5ng och uts\u00f6kt eftersmak av karamelll, m\u00f6rk choklad och en ledtr\u00e5d av tobak l\u00e4mnar dig lycklig och n\u00f6jd.<\/p>\n<p>Lagras minst 15 \u00e5r p\u00e5 amerikanska ekfat.<\/p>\n<p>Space Factory \u00e4r en oberoende flaskor som har som m\u00e5l att visa v\u00e4rlden ett stort antal specialiteter inom Roms stora v\u00e4rld. Precis som det ofta \u00e4r fallet i whiskyv\u00e4rlden \u00e4r det en ambition att ta med en individuell och kreativ stil till varje flaska. F\u00f6r rymdfabriken \u00e4r m\u00e5let inte bara klassiska destilleringsenheter. Rumfabriken samarbetar med tjeckiska Albert Michler Distillery f\u00f6r att bara skapa unika blandningar och fadgings. Framtiden f\u00f6r rymdfabriken kommer i framtiden att fokusera p\u00e5 &#8221;kontinental lagring&#8221; av Rom, d\u00e4r meningen \u00e4r att leka med de fyra s\u00e4songerna, en l\u00e4gre &#8221;Angels andel&#8221; och st\u00f6rre klimatskillnader \u00e4n vad du hittar i troperna. Skillnaderna bleknar \u00f6ppnar fler alternativ: de kan avrunda en klassisk stil inom Rom eller tolkar de olika ROM-omr\u00e5dena. L\u00f6senorden \u00e4r nytt t\u00e4nkande, d\u00e4r du inte \u00e4r bunden av historia och att vara bunden till ett enda destilleri. Varje matr\u00e4tt och varje region har sina egna egenskaper. Master Blender p\u00e5 rymdfabriken h\u00e4mtar olika Rom fr\u00e5n destillorna och mixern unga Rom med mognad Rom f\u00f6r att ge struktur, en viss rundhet och en kryddig touch till varje Rom. Olika fadtyper anv\u00e4nds, d\u00e4r b\u00e5de \u00e5lder och tr\u00e4 typ varierar. M\u00e5let \u00e4r alltid ett unikt rum med ett mycket varierat spektrum av smak och arom.<\/p>\n","protected":false},"excerpt":{"rendered":"<p>Panama Premium Aged Rum<\/p>\n","protected":false},"featured_media":31100,"template":"","meta":{"_acf_changed":false,"rs_blank_template":"","rs_page_bg_color":"","slide_template_v7":""},"product_brand":[],"product_cat":[2387,4634,2391],"product_tag":[],"class_list":{"0":"post-16597","1":"product","2":"type-product","3":"status-publish","4":"has-post-thumbnail","6":"product_cat-avec-sv","7":"product_cat-premium-aged-sv","8":"product_cat-rom-sv","9":"pa_land-panama-sv","10":"pa_procent-43-sv","11":"pa_producent-the-rum-factory-sv","12":"pa_traefad-american-oak-sv","13":"pa_volume-70-sv-2","15":"first","16":"outofstock","17":"taxable","18":"shipping-taxable","19":"purchasable","20":"product-type-simple"},"bundled_by":[],"bundle_stock_status":"outofstock","bundle_stock_quantity":null,"bundle_virtual":false,"bundle_layout":"","bundle_add_to_cart_form_location":"","bundle_editable_in_cart":false,"bundle_sold_individually_context":"","bundle_item_grouping":"","bundle_min_size":"","bundle_max_size":"","bundle_price":[],"bundled_items":[],"bundle_sell_ids":[],"acf":[],"_links":{"self":[{"href":"https:\/\/www.raschvin.com\/sv\/wp-json\/wp\/v2\/product\/16597","targetHints":{"allow":["GET"]}}],"collection":[{"href":"https:\/\/www.raschvin.com\/sv\/wp-json\/wp\/v2\/product"}],"about":[{"href":"https:\/\/www.raschvin.com\/sv\/wp-json\/wp\/v2\/types\/product"}],"wp:featuredmedia":[{"embeddable":true,"href":"https:\/\/www.raschvin.com\/sv\/wp-json\/wp\/v2\/media\/31100"}],"wp:attachment":[{"href":"https:\/\/www.raschvin.com\/sv\/wp-json\/wp\/v2\/media?parent=16597"}],"wp:term":[{"taxonomy":"product_brand","embeddable":true,"href":"https:\/\/www.raschvin.com\/sv\/wp-json\/wp\/v2\/product_brand?post=16597"},{"taxonomy":"product_cat","embeddable":true,"href":"https:\/\/www.raschvin.com\/sv\/wp-json\/wp\/v2\/product_cat?post=16597"},{"taxonomy":"product_tag","embeddable":true,"href":"https:\/\/www.raschvin.com\/sv\/wp-json\/wp\/v2\/product_tag?post=16597"}],"curies":[{"name":"wp","href":"https:\/\/api.w.org\/{rel}","templated":true}]}}