{"id":16593,"date":"2022-05-30T10:14:22","date_gmt":"2022-05-30T08:14:22","guid":{"rendered":"https:\/\/www.raschvin.com\/vare\/ron-cristobal-pinta-6-8-years\/"},"modified":"2022-12-05T09:12:59","modified_gmt":"2022-12-05T08:12:59","slug":"ron-cristobal-pinta-6-8-years","status":"publish","type":"product","link":"https:\/\/www.raschvin.com\/sv\/produkt\/ron-cristobal-pinta-6-8-years\/","title":{"rendered":"Ron Cristobal Pinta 6-8 Years 70 cl. 40%"},"content":{"rendered":"<p>F\u00f6rst en mycket bekv\u00e4m och mild doft i n\u00e4san. Heta vaniljaromer kombineras med mjuka nyanser av ek f\u00f6ljt av en kryddig anteckning av f\u00e4rsk mint. Sockerr\u00f6rkv\u00e4llen l\u00e4gger till en ny gr\u00f6n och lite surt touch till den h\u00e4rliga buketten. En mild s\u00f6tma fyller munnen med en blandning av f\u00e4rsk mint och marcipan. Detta rum \u00e4r f\u00e4rskt och l\u00e4tt drickbart. Det \u00e4r mycket balanserat och har trevliga anteckningar fr\u00e5n ekkropparna.<\/p>\n<p>Alkoholer Finos Dominicanos blev en dr\u00f6m 2007: Producerar Dominikanska Alkohol av god kvalitet &#8211; d\u00e4rav namnet. Tv\u00e5 dominikanska familjer gick tillsammans med tv\u00e5 som Dominikanska Romproducenter, \u00f6vergripande all sin erfarenhet och b\u00f6rjade producera baserat p\u00e5 sockergr\u00f6dor. Sockerr\u00f6ret \u00e4r n\u00e4ra valt och saften extraheras fr\u00e5n kvarnar. Resultatet \u00e4r rikt, komplext och s\u00f6tt rum, som v\u00e4cker minne om Dominikanska republikens azurbl\u00e5 str\u00e4nder, palmer och vita sandstr\u00e4nder.<\/p>\n","protected":false},"excerpt":{"rendered":"<p>Premium Aged Rum \u2013 Dominican Republic<\/p>\n","protected":false},"featured_media":6587,"template":"","meta":{"_acf_changed":false,"rs_blank_template":"","rs_page_bg_color":"","slide_template_v7":""},"product_brand":[],"product_cat":[2387,4634,2391],"product_tag":[],"class_list":{"0":"post-16593","1":"product","2":"type-product","3":"status-publish","4":"has-post-thumbnail","6":"product_cat-avec-sv","7":"product_cat-premium-aged-sv","8":"product_cat-rom-sv","9":"pa_land-dominikanska-republiken","10":"pa_procent-40-sv-2","11":"pa_producent-ron-cristobal-sv","12":"pa_volume-70-sv-2","14":"first","15":"instock","16":"taxable","17":"shipping-taxable","18":"purchasable","19":"product-type-simple"},"bundled_by":[],"bundle_stock_status":"instock","bundle_stock_quantity":null,"bundle_virtual":false,"bundle_layout":"","bundle_add_to_cart_form_location":"","bundle_editable_in_cart":false,"bundle_sold_individually_context":"","bundle_item_grouping":"","bundle_min_size":"","bundle_max_size":"","bundle_price":[],"bundled_items":[],"bundle_sell_ids":[],"acf":[],"_links":{"self":[{"href":"https:\/\/www.raschvin.com\/sv\/wp-json\/wp\/v2\/product\/16593","targetHints":{"allow":["GET"]}}],"collection":[{"href":"https:\/\/www.raschvin.com\/sv\/wp-json\/wp\/v2\/product"}],"about":[{"href":"https:\/\/www.raschvin.com\/sv\/wp-json\/wp\/v2\/types\/product"}],"wp:featuredmedia":[{"embeddable":true,"href":"https:\/\/www.raschvin.com\/sv\/wp-json\/wp\/v2\/media\/6587"}],"wp:attachment":[{"href":"https:\/\/www.raschvin.com\/sv\/wp-json\/wp\/v2\/media?parent=16593"}],"wp:term":[{"taxonomy":"product_brand","embeddable":true,"href":"https:\/\/www.raschvin.com\/sv\/wp-json\/wp\/v2\/product_brand?post=16593"},{"taxonomy":"product_cat","embeddable":true,"href":"https:\/\/www.raschvin.com\/sv\/wp-json\/wp\/v2\/product_cat?post=16593"},{"taxonomy":"product_tag","embeddable":true,"href":"https:\/\/www.raschvin.com\/sv\/wp-json\/wp\/v2\/product_tag?post=16593"}],"curies":[{"name":"wp","href":"https:\/\/api.w.org\/{rel}","templated":true}]}}