{"id":16592,"date":"2022-05-30T10:14:22","date_gmt":"2022-05-30T08:14:22","guid":{"rendered":"https:\/\/www.raschvin.com\/vare\/ron-cristobal-nina-8-12-years\/"},"modified":"2022-12-05T09:06:07","modified_gmt":"2022-12-05T08:06:07","slug":"ron-cristobal-nina-8-12-years","status":"publish","type":"product","link":"https:\/\/www.raschvin.com\/sv\/produkt\/ron-cristobal-nina-8-12-years\/","title":{"rendered":"Ron Cristobal Ni\u00f1a 8-12 Years 70 cl. 40%"},"content":{"rendered":"<p>Denna Rom \u00e4r otroligt komplext och balanserat i n\u00e4san. Buketten inneh\u00e5ller doften av gr\u00f6na jordgubbar och blommor avrundade med tips av f\u00e4rsk ek och kr\u00e4m brul\u00e9e med karamellliserad socker topp. Full smak av mintchoklad och marshmallows. Finalen \u00e4r mild och mjuk med anteckningar av vanilj som l\u00e4mnar en silkeslen mjuk k\u00e4nsla i munnen.<\/p>\n<p>Alkoholer Finos Dominicanos blev en dr\u00f6m 2007: Producerar Dominikanska Alkohol av god kvalitet &#8211; d\u00e4rav namnet. Tv\u00e5 dominikanska familjer gick tillsammans med tv\u00e5 som Dominikanska Romproducenter, \u00f6vergripande all sin erfarenhet och b\u00f6rjade producera baserat p\u00e5 sockergr\u00f6dor. Sockerr\u00f6ret \u00e4r n\u00e4ra valt och saften extraheras fr\u00e5n kvarnar. Resultatet \u00e4r rikt, komplext och s\u00f6tt rum, som v\u00e4cker minne om Dominikanska republikens azurbl\u00e5 str\u00e4nder, palmer och vita sandstr\u00e4nder.<\/p>\n","protected":false},"excerpt":{"rendered":"<p>Premium Aged Rum &#8211; Dominican Republic <\/p>\n","protected":false},"featured_media":32607,"template":"","meta":{"_acf_changed":false,"rs_blank_template":"","rs_page_bg_color":"","slide_template_v7":""},"product_brand":[],"product_cat":[2387,4634,2391],"product_tag":[],"class_list":{"0":"post-16592","1":"product","2":"type-product","3":"status-publish","4":"has-post-thumbnail","6":"product_cat-avec-sv","7":"product_cat-premium-aged-sv","8":"product_cat-rom-sv","9":"pa_land-dominikanska-republiken","10":"pa_procent-40-sv-2","11":"pa_producent-ron-cristobal-sv","12":"pa_volume-70-sv-2","14":"first","15":"instock","16":"sale","17":"taxable","18":"shipping-taxable","19":"purchasable","20":"product-type-simple"},"bundled_by":[],"bundle_stock_status":"instock","bundle_stock_quantity":null,"bundle_virtual":false,"bundle_layout":"","bundle_add_to_cart_form_location":"","bundle_editable_in_cart":false,"bundle_sold_individually_context":"","bundle_item_grouping":"","bundle_min_size":"","bundle_max_size":"","bundle_price":[],"bundled_items":[],"bundle_sell_ids":[],"acf":[],"_links":{"self":[{"href":"https:\/\/www.raschvin.com\/sv\/wp-json\/wp\/v2\/product\/16592","targetHints":{"allow":["GET"]}}],"collection":[{"href":"https:\/\/www.raschvin.com\/sv\/wp-json\/wp\/v2\/product"}],"about":[{"href":"https:\/\/www.raschvin.com\/sv\/wp-json\/wp\/v2\/types\/product"}],"wp:featuredmedia":[{"embeddable":true,"href":"https:\/\/www.raschvin.com\/sv\/wp-json\/wp\/v2\/media\/32607"}],"wp:attachment":[{"href":"https:\/\/www.raschvin.com\/sv\/wp-json\/wp\/v2\/media?parent=16592"}],"wp:term":[{"taxonomy":"product_brand","embeddable":true,"href":"https:\/\/www.raschvin.com\/sv\/wp-json\/wp\/v2\/product_brand?post=16592"},{"taxonomy":"product_cat","embeddable":true,"href":"https:\/\/www.raschvin.com\/sv\/wp-json\/wp\/v2\/product_cat?post=16592"},{"taxonomy":"product_tag","embeddable":true,"href":"https:\/\/www.raschvin.com\/sv\/wp-json\/wp\/v2\/product_tag?post=16592"}],"curies":[{"name":"wp","href":"https:\/\/api.w.org\/{rel}","templated":true}]}}