{"id":16580,"date":"2022-05-30T10:13:01","date_gmt":"2022-05-30T08:13:01","guid":{"rendered":"https:\/\/www.raschvin.com\/vare\/riga-black-balsam-cherry\/"},"modified":"2022-12-02T19:49:37","modified_gmt":"2022-12-02T18:49:37","slug":"riga-black-balsam-cherry","status":"publish","type":"product","link":"https:\/\/www.raschvin.com\/sv\/produkt\/riga-black-balsam-cherry\/","title":{"rendered":"Riga Black Balsam Cherry 70 cl. 30%"},"content":{"rendered":"<p>1000 mil norr om Berlin, mellan blommande tr\u00e4sk i Litauen och de estniska \u00f6arna, \u00e4r East Baltic Crown Juel: Riga.<\/p>\n<p>Riga har alltid varit k\u00e4nt f\u00f6r att skapa rebeller &#8230; fr\u00e5n reformationen, till historiens olika revolutioner och \u00e4r ocks\u00e5 ett hem till Anakister.<br \/>\nDenna ber\u00e4ttelse har inte bara skapat upproriska m\u00e4nniskor, men ocks\u00e5 \u00e4lskling upproriska sorters sprit.<\/p>\n<p>Det f\u00f6rsta vi har k\u00e4nt i m\u00e5nga \u00e5r \u00e4r Classike Riga Black Balsam fr\u00e5n 1752.<\/p>\n<p>Riga Black Balsam Cherry \u00e4r en ny modell som g\u00f6rs med hj\u00e4lp av sin s\u00e5 kallade &#8221;single-barrel infusionsteknik&#8221;.<\/p>\n<p>Efter denna &#8221;infusion&#8221; \u00e4r ingredienser som honung, karamelll och naturlig juicer, blandad i de klassiska lerflaskorna, vet vi fr\u00e5n den svart svart balsam.<\/p>\n<p>Tillverkarens smaknummer:<\/p>\n<p>Halfbitter &#8211; Naturlig k\u00f6rsb\u00e4rsjuice &#8211; harmonisk balans mellan s\u00f6tma och bitterhet, med starka underliggande k\u00f6rsb\u00e4r<\/p>\n<p>Kommentar<\/p>\n<p>\u00c5tnj\u00f6t p\u00e5 berget, eller med mixer som cola eller danskvatten. Kan ocks\u00e5 anv\u00e4ndas som en bas i moderna cocktails.<\/p>\n","protected":false},"excerpt":{"rendered":"<p>Herbal Bitter From Latvia<\/p>\n","protected":false},"featured_media":6472,"template":"","meta":{"_acf_changed":false,"rs_blank_template":"","rs_page_bg_color":"","slide_template_v7":""},"product_brand":[],"product_cat":[2394,2743,2407,2402],"product_tag":[],"class_list":{"0":"post-16580","1":"product","2":"type-product","3":"status-publish","4":"has-post-thumbnail","6":"product_cat-bitter-sv","7":"product_cat-brannvin-sv","8":"product_cat-shots-sv","9":"product_cat-sprit-sv","10":"pa_land-lettland","11":"pa_procent-30-sv","12":"pa_producent-jsc-latvijas-balzams-sv","13":"pa_volume-70-sv-2","15":"first","16":"instock","17":"taxable","18":"shipping-taxable","19":"purchasable","20":"product-type-simple"},"bundled_by":[],"bundle_stock_status":"instock","bundle_stock_quantity":null,"bundle_virtual":false,"bundle_layout":"","bundle_add_to_cart_form_location":"","bundle_editable_in_cart":false,"bundle_sold_individually_context":"","bundle_item_grouping":"","bundle_min_size":"","bundle_max_size":"","bundle_price":[],"bundled_items":[],"bundle_sell_ids":[],"acf":[],"_links":{"self":[{"href":"https:\/\/www.raschvin.com\/sv\/wp-json\/wp\/v2\/product\/16580","targetHints":{"allow":["GET"]}}],"collection":[{"href":"https:\/\/www.raschvin.com\/sv\/wp-json\/wp\/v2\/product"}],"about":[{"href":"https:\/\/www.raschvin.com\/sv\/wp-json\/wp\/v2\/types\/product"}],"wp:featuredmedia":[{"embeddable":true,"href":"https:\/\/www.raschvin.com\/sv\/wp-json\/wp\/v2\/media\/6472"}],"wp:attachment":[{"href":"https:\/\/www.raschvin.com\/sv\/wp-json\/wp\/v2\/media?parent=16580"}],"wp:term":[{"taxonomy":"product_brand","embeddable":true,"href":"https:\/\/www.raschvin.com\/sv\/wp-json\/wp\/v2\/product_brand?post=16580"},{"taxonomy":"product_cat","embeddable":true,"href":"https:\/\/www.raschvin.com\/sv\/wp-json\/wp\/v2\/product_cat?post=16580"},{"taxonomy":"product_tag","embeddable":true,"href":"https:\/\/www.raschvin.com\/sv\/wp-json\/wp\/v2\/product_tag?post=16580"}],"curies":[{"name":"wp","href":"https:\/\/api.w.org\/{rel}","templated":true}]}}