{"id":16578,"date":"2022-05-30T10:13:01","date_gmt":"2022-05-30T08:13:01","guid":{"rendered":"https:\/\/www.raschvin.com\/vare\/le-dicotto-lune-grappa-stravecchia\/"},"modified":"2023-03-21T13:44:41","modified_gmt":"2023-03-21T12:44:41","slug":"le-dicotto-lune-grappa-stravecchia","status":"publish","type":"product","link":"https:\/\/www.raschvin.com\/sv\/produkt\/le-dicotto-lune-grappa-stravecchia\/","title":{"rendered":"Dicotto Lune Grappa Stravecchia 50 cl. 41%"},"content":{"rendered":"<p>Producerad i Italien av Marzadro Ett familje\u00e4gt destilleri, fr\u00e5n 1949. P\u00e5 Marzadro \u00e4r det nu tredje generation som fungerar.<\/p>\n<p>Grappa \u00e4r ett fokus som produceras av resterna av vinproduktion, druva quass eller &#8221;Vinaccia&#8221; som det kallas p\u00e5 italienska.<\/p>\n<p>DIC Otto Lune betyder de 18 m\u00e5narna. DIC Otto Lune \u00e4r lagrad p\u00e5 4 olika FAD-typer i 18 m\u00e5nader akacia, t.ex. aska och k\u00f6rsb\u00e4rsr\u00e4tter. Efter lagring lagrade grafen.<\/p>\n<p>Smaken \u00e4r mjuk och kr\u00e4mig med massor av kryddor fr\u00e5n disken. Denna grappa kan anv\u00e4ndas i m\u00e5nga sammanhang.<\/p>\n","protected":false},"excerpt":{"rendered":"<p>Distileria Marzadro &#8211; Italy<\/p>\n","protected":false},"featured_media":6452,"template":"","meta":{"_acf_changed":false,"rs_blank_template":"","rs_page_bg_color":"","slide_template_v7":""},"product_brand":[],"product_cat":[2743,2397],"product_tag":[],"class_list":{"0":"post-16578","1":"product","2":"type-product","3":"status-publish","4":"has-post-thumbnail","6":"product_cat-brannvin-sv","7":"product_cat-grappa-sv","8":"pa_land-italien-sv","9":"pa_procent-41-sv","10":"pa_producent-marzado-sv","11":"pa_volume-50-sv","13":"first","14":"instock","15":"taxable","16":"shipping-taxable","17":"purchasable","18":"product-type-simple"},"bundled_by":[],"bundle_stock_status":"instock","bundle_stock_quantity":null,"bundle_virtual":false,"bundle_layout":"","bundle_add_to_cart_form_location":"","bundle_editable_in_cart":false,"bundle_sold_individually_context":"","bundle_item_grouping":"","bundle_min_size":"","bundle_max_size":"","bundle_price":[],"bundled_items":[],"bundle_sell_ids":[],"acf":[],"_links":{"self":[{"href":"https:\/\/www.raschvin.com\/sv\/wp-json\/wp\/v2\/product\/16578","targetHints":{"allow":["GET"]}}],"collection":[{"href":"https:\/\/www.raschvin.com\/sv\/wp-json\/wp\/v2\/product"}],"about":[{"href":"https:\/\/www.raschvin.com\/sv\/wp-json\/wp\/v2\/types\/product"}],"wp:featuredmedia":[{"embeddable":true,"href":"https:\/\/www.raschvin.com\/sv\/wp-json\/wp\/v2\/media\/6452"}],"wp:attachment":[{"href":"https:\/\/www.raschvin.com\/sv\/wp-json\/wp\/v2\/media?parent=16578"}],"wp:term":[{"taxonomy":"product_brand","embeddable":true,"href":"https:\/\/www.raschvin.com\/sv\/wp-json\/wp\/v2\/product_brand?post=16578"},{"taxonomy":"product_cat","embeddable":true,"href":"https:\/\/www.raschvin.com\/sv\/wp-json\/wp\/v2\/product_cat?post=16578"},{"taxonomy":"product_tag","embeddable":true,"href":"https:\/\/www.raschvin.com\/sv\/wp-json\/wp\/v2\/product_tag?post=16578"}],"curies":[{"name":"wp","href":"https:\/\/api.w.org\/{rel}","templated":true}]}}