{"id":16577,"date":"2022-05-30T10:13:01","date_gmt":"2022-05-30T08:13:01","guid":{"rendered":"https:\/\/www.raschvin.com\/vare\/grappa-castello-barricata-zanin\/"},"modified":"2022-11-18T13:02:43","modified_gmt":"2022-11-18T12:02:43","slug":"grappa-castello-barricata-zanin","status":"publish","type":"product","link":"https:\/\/www.raschvin.com\/sv\/produkt\/grappa-castello-barricata-zanin\/","title":{"rendered":"Grappa Castello Barricata 70 cl. 40%"},"content":{"rendered":"<p>Grappa Affinata Castello 40% Zanin \u00e4r en grappa som mognar i flera m\u00e5nader p\u00e5 slovenska ekr\u00e4tter, gult med gyllene reflektioner, k\u00e4nsliga och tydliga arom samtidigt, v\u00e4l m\u00e4rkbar frukt, lika k\u00e4nslig i smak, harmonisk med anteckningar av r\u00f6d frukt, l\u00e4mnar en k\u00e4nslig krydda i slutet.<\/p>\n","protected":false},"excerpt":{"rendered":"<p>Grappa di Vinacce &#8211; Zanin<\/p>\n","protected":false},"featured_media":29990,"template":"","meta":{"_acf_changed":false,"rs_blank_template":"","rs_page_bg_color":"","slide_template_v7":""},"product_brand":[],"product_cat":[2397],"product_tag":[],"class_list":{"0":"post-16577","1":"product","2":"type-product","3":"status-publish","4":"has-post-thumbnail","6":"product_cat-grappa-sv","7":"pa_champagne-type-affinata-gold-sv","8":"pa_land-italien-sv","9":"pa_procent-40-sv-2","10":"pa_producent-castello-co-sv","11":"pa_volume-70-sv-2","13":"first","14":"instock","15":"taxable","16":"shipping-taxable","17":"purchasable","18":"product-type-simple"},"bundled_by":[],"bundle_stock_status":"instock","bundle_stock_quantity":null,"bundle_virtual":false,"bundle_layout":"","bundle_add_to_cart_form_location":"","bundle_editable_in_cart":false,"bundle_sold_individually_context":"","bundle_item_grouping":"","bundle_min_size":"","bundle_max_size":"","bundle_price":[],"bundled_items":[],"bundle_sell_ids":[],"acf":[],"_links":{"self":[{"href":"https:\/\/www.raschvin.com\/sv\/wp-json\/wp\/v2\/product\/16577","targetHints":{"allow":["GET"]}}],"collection":[{"href":"https:\/\/www.raschvin.com\/sv\/wp-json\/wp\/v2\/product"}],"about":[{"href":"https:\/\/www.raschvin.com\/sv\/wp-json\/wp\/v2\/types\/product"}],"wp:featuredmedia":[{"embeddable":true,"href":"https:\/\/www.raschvin.com\/sv\/wp-json\/wp\/v2\/media\/29990"}],"wp:attachment":[{"href":"https:\/\/www.raschvin.com\/sv\/wp-json\/wp\/v2\/media?parent=16577"}],"wp:term":[{"taxonomy":"product_brand","embeddable":true,"href":"https:\/\/www.raschvin.com\/sv\/wp-json\/wp\/v2\/product_brand?post=16577"},{"taxonomy":"product_cat","embeddable":true,"href":"https:\/\/www.raschvin.com\/sv\/wp-json\/wp\/v2\/product_cat?post=16577"},{"taxonomy":"product_tag","embeddable":true,"href":"https:\/\/www.raschvin.com\/sv\/wp-json\/wp\/v2\/product_tag?post=16577"}],"curies":[{"name":"wp","href":"https:\/\/api.w.org\/{rel}","templated":true}]}}