{"id":16576,"date":"2022-05-30T10:13:01","date_gmt":"2022-05-30T08:13:01","guid":{"rendered":"https:\/\/www.raschvin.com\/vare\/grappa-castello-bianca\/"},"modified":"2022-11-18T13:05:35","modified_gmt":"2022-11-18T12:05:35","slug":"grappa-castello-bianca","status":"publish","type":"product","link":"https:\/\/www.raschvin.com\/sv\/produkt\/grappa-castello-bianca\/","title":{"rendered":"Grappa Castello Bianca 70 cl. 40%"},"content":{"rendered":"<p>En utm\u00e4rkt grappa fr\u00e5n det varma Italien, en grappa med ett namn som har varit k\u00e4nt i \u00e5rhundraden f\u00f6r sin rena och tydliga smak. En g\u00e5ng skapad f\u00f6r att trotsa f\u00f6rkylningen i norra Italien, och sedan dess har den alltmer profilerat sig till ett A-varum\u00e4rke med en best\u00e5ende konsekvens. Smaken \u00e4r sv\u00e5ra att beskriva och ange bara att m\u00e5nga smaker p\u00e5 grund av mognad av ekar har dr\u00f6jer i grafen. S\u00e5 tr\u00e4, k\u00f6rsb\u00e4r och aromer av olika \u00f6rter.<\/p>\n<p>Denna flaska har en kapacitet p\u00e5 70 cl och inneh\u00e5ller en alkoholprocent av 40%<\/p>\n","protected":false},"excerpt":{"rendered":"<p>Grappa di Vinacce &#8211; Zanin<\/p>\n","protected":false},"featured_media":30038,"template":"","meta":{"_acf_changed":false,"rs_blank_template":"","rs_page_bg_color":"","slide_template_v7":""},"product_brand":[],"product_cat":[2743,2397],"product_tag":[],"class_list":{"0":"post-16576","1":"product","2":"type-product","3":"status-publish","4":"has-post-thumbnail","6":"product_cat-brannvin-sv","7":"product_cat-grappa-sv","8":"pa_champagne-type-giovane-white-sv","9":"pa_land-italien-sv","10":"pa_procent-40-sv-2","11":"pa_producent-castello-co-sv","12":"pa_volume-70-sv-2","14":"first","15":"instock","16":"taxable","17":"shipping-taxable","18":"purchasable","19":"product-type-simple"},"bundled_by":[],"bundle_stock_status":"instock","bundle_stock_quantity":null,"bundle_virtual":false,"bundle_layout":"","bundle_add_to_cart_form_location":"","bundle_editable_in_cart":false,"bundle_sold_individually_context":"","bundle_item_grouping":"","bundle_min_size":"","bundle_max_size":"","bundle_price":[],"bundled_items":[],"bundle_sell_ids":[],"acf":[],"_links":{"self":[{"href":"https:\/\/www.raschvin.com\/sv\/wp-json\/wp\/v2\/product\/16576","targetHints":{"allow":["GET"]}}],"collection":[{"href":"https:\/\/www.raschvin.com\/sv\/wp-json\/wp\/v2\/product"}],"about":[{"href":"https:\/\/www.raschvin.com\/sv\/wp-json\/wp\/v2\/types\/product"}],"wp:featuredmedia":[{"embeddable":true,"href":"https:\/\/www.raschvin.com\/sv\/wp-json\/wp\/v2\/media\/30038"}],"wp:attachment":[{"href":"https:\/\/www.raschvin.com\/sv\/wp-json\/wp\/v2\/media?parent=16576"}],"wp:term":[{"taxonomy":"product_brand","embeddable":true,"href":"https:\/\/www.raschvin.com\/sv\/wp-json\/wp\/v2\/product_brand?post=16576"},{"taxonomy":"product_cat","embeddable":true,"href":"https:\/\/www.raschvin.com\/sv\/wp-json\/wp\/v2\/product_cat?post=16576"},{"taxonomy":"product_tag","embeddable":true,"href":"https:\/\/www.raschvin.com\/sv\/wp-json\/wp\/v2\/product_tag?post=16576"}],"curies":[{"name":"wp","href":"https:\/\/api.w.org\/{rel}","templated":true}]}}