{"id":16574,"date":"2022-05-30T10:13:01","date_gmt":"2022-05-30T08:13:01","guid":{"rendered":"https:\/\/www.raschvin.com\/vare\/grappa-nardini-riserva\/"},"modified":"2022-11-18T13:11:00","modified_gmt":"2022-11-18T12:11:00","slug":"grappa-nardini-riserva","status":"publish","type":"product","link":"https:\/\/www.raschvin.com\/sv\/produkt\/grappa-nardini-riserva\/","title":{"rendered":"Nardini Grappa Riserva 70 cl. 50%"},"content":{"rendered":"<p>Runda, rik och intensiv. Ett dyrbart destillat med en harmonisk, balanserad smak; En unik smak uppn\u00e5dd genom m\u00e5nga \u00e5r av \u00e5ldrande i slaviska ekar. Grappa Riserva erbjuder dig en v\u00e4rld av intensivt n\u00f6je som gl\u00e4djer \u00e4ven de mest kr\u00e4sna gommen<\/p>\n<p>PROFIL<br \/>\nIngredienser: Kryddor av druvor sk\u00f6rdas vid foten av Veneto och Friuli-regionerna i Italien.<\/p>\n<p>Destillationstyp: Traditionell, vakuumf\u00f6rseglad \u00e5nga som fortfarande \u00e4r dubbelriktling; \u00e5ldras i minst 3 \u00e5r p\u00e5 slaviska ekar.<\/p>\n<p>Utseende: Genomskinlig med gula toner.<\/p>\n<p>Aromatisk profil: doftande, delikat och harmonisk doft.<\/p>\n<p>Gom: Mjuk men intensiv. Rik p\u00e5 komplexa smaker som skapats av den l\u00e5nga \u00e5ldrande processen.<\/p>\n<p>Servicef\u00f6rslag<br \/>\nPerfekt efter en viktig m\u00e5ltid serveras b\u00e4st vid rumstemperatur.<\/p>\n","protected":false},"excerpt":{"rendered":"<p>Bassano &#8211; Italy<\/p>\n","protected":false},"featured_media":29988,"template":"","meta":{"_acf_changed":false,"rs_blank_template":"","rs_page_bg_color":"","slide_template_v7":""},"product_brand":[],"product_cat":[2397],"product_tag":[],"class_list":{"0":"post-16574","1":"product","2":"type-product","3":"status-publish","4":"has-post-thumbnail","6":"product_cat-grappa-sv","7":"pa_champagne-type-stravecchia-sv","8":"pa_land-italien-sv","9":"pa_procent-50-sv","10":"pa_producent-nardini-bortolo-sv","11":"pa_region-veneto-sv","12":"pa_volume-70-sv-2","14":"first","15":"instock","16":"taxable","17":"shipping-taxable","18":"purchasable","19":"product-type-simple"},"bundled_by":[],"bundle_stock_status":"instock","bundle_stock_quantity":null,"bundle_virtual":false,"bundle_layout":"","bundle_add_to_cart_form_location":"","bundle_editable_in_cart":false,"bundle_sold_individually_context":"","bundle_item_grouping":"","bundle_min_size":"","bundle_max_size":"","bundle_price":[],"bundled_items":[],"bundle_sell_ids":[],"acf":[],"_links":{"self":[{"href":"https:\/\/www.raschvin.com\/sv\/wp-json\/wp\/v2\/product\/16574","targetHints":{"allow":["GET"]}}],"collection":[{"href":"https:\/\/www.raschvin.com\/sv\/wp-json\/wp\/v2\/product"}],"about":[{"href":"https:\/\/www.raschvin.com\/sv\/wp-json\/wp\/v2\/types\/product"}],"wp:featuredmedia":[{"embeddable":true,"href":"https:\/\/www.raschvin.com\/sv\/wp-json\/wp\/v2\/media\/29988"}],"wp:attachment":[{"href":"https:\/\/www.raschvin.com\/sv\/wp-json\/wp\/v2\/media?parent=16574"}],"wp:term":[{"taxonomy":"product_brand","embeddable":true,"href":"https:\/\/www.raschvin.com\/sv\/wp-json\/wp\/v2\/product_brand?post=16574"},{"taxonomy":"product_cat","embeddable":true,"href":"https:\/\/www.raschvin.com\/sv\/wp-json\/wp\/v2\/product_cat?post=16574"},{"taxonomy":"product_tag","embeddable":true,"href":"https:\/\/www.raschvin.com\/sv\/wp-json\/wp\/v2\/product_tag?post=16574"}],"curies":[{"name":"wp","href":"https:\/\/api.w.org\/{rel}","templated":true}]}}