{"id":16572,"date":"2023-06-07T08:25:31","date_gmt":"2023-06-07T06:25:31","guid":{"rendered":"https:\/\/www.raschvin.com\/vare\/pallini-limoncello\/"},"modified":"2022-11-30T09:28:05","modified_gmt":"2022-11-30T08:28:05","slug":"pallini-limoncello","status":"publish","type":"product","link":"https:\/\/www.raschvin.com\/sv\/produkt\/pallini-limoncello\/","title":{"rendered":"Pallini Limoncello 50 cl. 26%"},"content":{"rendered":"<p>Bakom Pallini Limoncello \u00e4r ett mer \u00e4n 100 \u00e5r gammalt familjrecept. Faktum \u00e4r att familjen har gjort den traditionella italienska lik\u00f6ren sedan 1875! De anv\u00e4nder helt f\u00e4rska citroner, av typen av Sfusato Amalfitano, som sk\u00f6rdas f\u00f6r hand. Skal infuserna i neutrala sprit (gjorda p\u00e5 melass fr\u00e5n sockerbetor) inom 24 timmar efter sk\u00f6rd. Att arbeta snabbt om aromen m\u00e5ste bevaras perfekt! Lik\u00f6ren smakas med socker och tappas p\u00e5 26% alkohol.<\/p>\n<p>F\u00e4rg: Ljus, gr\u00f6ngul.<br \/>\nDoft: R\u00e4tt doft av f\u00e4rsk citronskal och juice.<br \/>\nSmak Anm\u00e4rkningar: Smaken \u00e4r p\u00e5 en g\u00e5ng rik och fr\u00e4sch. P\u00e5minner n\u00e4stan om citronmeringue paj, med en mintliknande friskhet och balanserad s\u00f6tma.<\/p>\n<p>Serveringsf\u00f6rslag: kan avnjutas ren eller i cocktails.<\/p>\n","protected":false},"excerpt":{"rendered":"<p>Italian Lemon Liqueur<\/p>\n","protected":false},"featured_media":6401,"template":"","meta":{"_acf_changed":false,"rs_blank_template":"","rs_page_bg_color":"","slide_template_v7":""},"product_brand":[],"product_cat":[2387,2390,4670],"product_tag":[],"class_list":{"0":"post-16572","1":"product","2":"type-product","3":"status-publish","4":"has-post-thumbnail","6":"product_cat-avec-sv","7":"product_cat-sprit","8":"product_cat-frukt","9":"pa_land-italien-sv","10":"pa_procent-26-sv","11":"pa_producent-pallini-sv","12":"pa_region-amalfi-sv","13":"pa_volume-50-sv","15":"first","16":"instock","17":"sale","18":"taxable","19":"shipping-taxable","20":"purchasable","21":"product-type-simple"},"bundled_by":["57943"],"bundle_stock_status":"instock","bundle_stock_quantity":null,"bundle_virtual":false,"bundle_layout":"","bundle_add_to_cart_form_location":"","bundle_editable_in_cart":false,"bundle_sold_individually_context":"","bundle_item_grouping":"","bundle_min_size":"","bundle_max_size":"","bundle_price":[],"bundled_items":[],"bundle_sell_ids":[],"acf":[],"_links":{"self":[{"href":"https:\/\/www.raschvin.com\/sv\/wp-json\/wp\/v2\/product\/16572","targetHints":{"allow":["GET"]}}],"collection":[{"href":"https:\/\/www.raschvin.com\/sv\/wp-json\/wp\/v2\/product"}],"about":[{"href":"https:\/\/www.raschvin.com\/sv\/wp-json\/wp\/v2\/types\/product"}],"wp:featuredmedia":[{"embeddable":true,"href":"https:\/\/www.raschvin.com\/sv\/wp-json\/wp\/v2\/media\/6401"}],"wp:attachment":[{"href":"https:\/\/www.raschvin.com\/sv\/wp-json\/wp\/v2\/media?parent=16572"}],"wp:term":[{"taxonomy":"product_brand","embeddable":true,"href":"https:\/\/www.raschvin.com\/sv\/wp-json\/wp\/v2\/product_brand?post=16572"},{"taxonomy":"product_cat","embeddable":true,"href":"https:\/\/www.raschvin.com\/sv\/wp-json\/wp\/v2\/product_cat?post=16572"},{"taxonomy":"product_tag","embeddable":true,"href":"https:\/\/www.raschvin.com\/sv\/wp-json\/wp\/v2\/product_tag?post=16572"}],"curies":[{"name":"wp","href":"https:\/\/api.w.org\/{rel}","templated":true}]}}