{"id":16568,"date":"2022-05-30T10:11:31","date_gmt":"2022-05-30T08:11:31","guid":{"rendered":"https:\/\/www.raschvin.com\/vare\/ichiros-malt-double-distilleries-66\/"},"modified":"2022-11-21T09:08:31","modified_gmt":"2022-11-21T08:08:31","slug":"ichiros-malt-double-distilleries-66","status":"publish","type":"product","link":"https:\/\/www.raschvin.com\/sv\/produkt\/ichiros-malt-double-distilleries-66\/","title":{"rendered":"Ichiro\u00b4s Malt Double Distilleries 70 cl. 46%"},"content":{"rendered":"<p>Fr\u00e5n det sprickande Ichiros maltomr\u00e5de \u00e4r detta en blandning av whisky fr\u00e5n b\u00e5de Hanyu och Chichibu Distilleries. Ichiros malt dubbla destillerier Whisky mognad i japansk ek och v\u00e5t och flaska p\u00e5 Chichibu 2010. Chichibu \u00e4r framtiden, och Hanyu \u00e4r i det f\u00f6rflutna. Smaka p\u00e5 allt i denna speciella utg\u00e5va av Great Ichiro Acuto.<\/p>\n<p>N\u00e4sa: honungsful s\u00f6tma i samband med en korg med blandade frukter &#8211; apelsiner, \u00e4pplen och p\u00e4ron &#8211; del F\u00e4rsk och frukt teliknande, del reducerad till konserver och mamalader. Det finns n\u00e5gra mjuka sherry noter h\u00e4r &#8211; choklad och sockerbelagda frukter &#8211; men p\u00e5verkan \u00e4r i allm\u00e4nhet v\u00e4ldigt l\u00e4tt. Vitpeppar och aromatiska r\u00f6kelse kryddor sitter med maltkakor. I bakgrunden \u00e4r en svag styvhet. Tillsatsen var vattenhaltiga m\u00e5nga av topnote aromer, vilket minskade den \u00f6vergripande definitionen, men lade till en mild n\u00f6dsituation.<\/p>\n<p>Smak: En solid ankomst som levererar kryddor och frukt &#8211; Stalk Ginger och Light Chili Pepper tillsammans med persikor och apelsiner. Malette \u00e4r igen ganska n\u00e4rvarande och st\u00f6ds av vattenkikar, jord och tr\u00e4f\u00e4lt (cedertr\u00e4). Att lyfta saker \u00e4r orange sherbet, honung och k\u00e4nsligt tr\u00e4 &#8211; lite ek, men igen med den mer aromatiska cedern. P\u00e5 baksidan, mynt och mentol. Vatten hade en mer positiv effekt \u00e4n p\u00e5 n\u00e4san, \u00f6kad peppar, tillsatte en sn\u00e4lla salt och producerade lite st\u00e5lmineralism.<\/p>\n<p>Avsluta: Medium i l\u00e4ngd och relativt woody &#8211; ek, tanniner och bakning.<\/p>\n","protected":false},"excerpt":{"rendered":"<p>Chichibu Distillery &#8211; Japanese Pure Mal\u021b Whisky<\/p>\n","protected":false},"featured_media":6370,"template":"","meta":{"_acf_changed":false,"rs_blank_template":"","rs_page_bg_color":"","slide_template_v7":""},"product_brand":[],"product_cat":[2387,2392,4648],"product_tag":[],"class_list":{"0":"post-16568","1":"product","2":"type-product","3":"status-publish","4":"has-post-thumbnail","6":"product_cat-avec-sv","7":"product_cat-whisky-sv","8":"product_cat-blended-malt","9":"pa_land-japan-sv","10":"pa_procent-46-sv","11":"pa_producent-chichibu-distillery-sv","12":"pa_volume-70-sv-2","14":"first","15":"instock","16":"taxable","17":"shipping-taxable","18":"purchasable","19":"product-type-simple"},"bundled_by":[],"bundle_stock_status":"instock","bundle_stock_quantity":null,"bundle_virtual":false,"bundle_layout":"","bundle_add_to_cart_form_location":"","bundle_editable_in_cart":false,"bundle_sold_individually_context":"","bundle_item_grouping":"","bundle_min_size":"","bundle_max_size":"","bundle_price":[],"bundled_items":[],"bundle_sell_ids":[],"acf":[],"_links":{"self":[{"href":"https:\/\/www.raschvin.com\/sv\/wp-json\/wp\/v2\/product\/16568","targetHints":{"allow":["GET"]}}],"collection":[{"href":"https:\/\/www.raschvin.com\/sv\/wp-json\/wp\/v2\/product"}],"about":[{"href":"https:\/\/www.raschvin.com\/sv\/wp-json\/wp\/v2\/types\/product"}],"wp:featuredmedia":[{"embeddable":true,"href":"https:\/\/www.raschvin.com\/sv\/wp-json\/wp\/v2\/media\/6370"}],"wp:attachment":[{"href":"https:\/\/www.raschvin.com\/sv\/wp-json\/wp\/v2\/media?parent=16568"}],"wp:term":[{"taxonomy":"product_brand","embeddable":true,"href":"https:\/\/www.raschvin.com\/sv\/wp-json\/wp\/v2\/product_brand?post=16568"},{"taxonomy":"product_cat","embeddable":true,"href":"https:\/\/www.raschvin.com\/sv\/wp-json\/wp\/v2\/product_cat?post=16568"},{"taxonomy":"product_tag","embeddable":true,"href":"https:\/\/www.raschvin.com\/sv\/wp-json\/wp\/v2\/product_tag?post=16568"}],"curies":[{"name":"wp","href":"https:\/\/api.w.org\/{rel}","templated":true}]}}