{"id":16561,"date":"2022-05-30T10:10:11","date_gmt":"2022-05-30T08:10:11","guid":{"rendered":"https:\/\/www.raschvin.com\/vare\/bacardi-razz\/"},"modified":"2023-04-17T09:09:02","modified_gmt":"2023-04-17T07:09:02","slug":"bacardi-razz","status":"publish","type":"product","link":"https:\/\/www.raschvin.com\/sv\/produkt\/bacardi-razz\/","title":{"rendered":"Bacardi Razz 70 cl. 32%"},"content":{"rendered":"<p>Bacardi Razz \u00e4r ett ultra popul\u00e4rt ljust rum med smak av s\u00f6ta hallon. Rummet kan anv\u00e4ndas i ett hav av l\u00e4ckra drycker. En liten atypisk och sp\u00e4nnande variant kan vara s\u00f8nderjdenden:<\/p>\n<p>2Cl Bacardi Razz.<br \/>\n2 cl rom, m\u00f6rk<br \/>\n2 cl vodka.<br \/>\n330 ml sportsoda<br \/>\n3 cl grenadin.<\/p>\n<p>I februari 1862, Bacard\u00ed-familjen, ledd av Don Facardo Bacardi Masso, ett destilleri i Santiago de Kuba. H\u00e4r gjorde de sina egna, unika blandningar och utvecklat en revolutionerande ROM-tillverkningsmetod, som f\u00f6r alltid \u00e4ndrade hur Rom gjordes.<\/p>\n<p>Batet anses, p\u00e5 Kuba, vara en symbol f\u00f6r lycka och man tror fortfarande p\u00e5 den lilla lycka figuren p\u00e5 var och en av flaskorna, hj\u00e4lper destilleriets framg\u00e5ng och Ligdan hj\u00e4lper dem genom sv\u00e5ra tider.<\/p>\n<p>P\u00e5 1960-talet kom revolutionen till Kuba och Bacardis tillg\u00e5ngar beslagtagna. Familjen gick till F\u00f6renta staterna, d\u00e4r varum\u00e4rket uppstod och den dagen idag trivs.<\/p>\n","protected":false},"excerpt":{"rendered":"<p>Raspberry Flavour Spirit Drink<\/p>\n","protected":false},"featured_media":6294,"template":"","meta":{"_acf_changed":false,"rs_blank_template":"","rs_page_bg_color":"","slide_template_v7":""},"product_brand":[],"product_cat":[2387,4642,2391],"product_tag":[],"class_list":{"0":"post-16561","1":"product","2":"type-product","3":"status-publish","4":"has-post-thumbnail","6":"product_cat-avec-sv","7":"product_cat-flavoured-rom-sv","8":"product_cat-rom-sv","9":"pa_land-puerto-rico-sv","10":"pa_procent-32-sv","11":"pa_producent-bacardi-martini-production-sv","12":"pa_volume-70-sv-2","14":"first","15":"instock","16":"sale","17":"taxable","18":"shipping-taxable","19":"purchasable","20":"product-type-simple"},"bundled_by":[],"bundle_stock_status":"instock","bundle_stock_quantity":null,"bundle_virtual":false,"bundle_layout":"","bundle_add_to_cart_form_location":"","bundle_editable_in_cart":false,"bundle_sold_individually_context":"","bundle_item_grouping":"","bundle_min_size":"","bundle_max_size":"","bundle_price":[],"bundled_items":[],"bundle_sell_ids":[],"acf":[],"_links":{"self":[{"href":"https:\/\/www.raschvin.com\/sv\/wp-json\/wp\/v2\/product\/16561","targetHints":{"allow":["GET"]}}],"collection":[{"href":"https:\/\/www.raschvin.com\/sv\/wp-json\/wp\/v2\/product"}],"about":[{"href":"https:\/\/www.raschvin.com\/sv\/wp-json\/wp\/v2\/types\/product"}],"wp:featuredmedia":[{"embeddable":true,"href":"https:\/\/www.raschvin.com\/sv\/wp-json\/wp\/v2\/media\/6294"}],"wp:attachment":[{"href":"https:\/\/www.raschvin.com\/sv\/wp-json\/wp\/v2\/media?parent=16561"}],"wp:term":[{"taxonomy":"product_brand","embeddable":true,"href":"https:\/\/www.raschvin.com\/sv\/wp-json\/wp\/v2\/product_brand?post=16561"},{"taxonomy":"product_cat","embeddable":true,"href":"https:\/\/www.raschvin.com\/sv\/wp-json\/wp\/v2\/product_cat?post=16561"},{"taxonomy":"product_tag","embeddable":true,"href":"https:\/\/www.raschvin.com\/sv\/wp-json\/wp\/v2\/product_tag?post=16561"}],"curies":[{"name":"wp","href":"https:\/\/api.w.org\/{rel}","templated":true}]}}