{"id":16558,"date":"2022-05-30T10:10:11","date_gmt":"2022-05-30T08:10:11","guid":{"rendered":"https:\/\/www.raschvin.com\/vare\/vat-69\/"},"modified":"2024-07-11T07:28:15","modified_gmt":"2024-07-11T05:28:15","slug":"vat-69","status":"publish","type":"product","link":"https:\/\/www.raschvin.com\/sv\/produkt\/vat-69\/","title":{"rendered":"VAT 69 70 cl. 40%"},"content":{"rendered":"<p>Vat 69 \u00e4r en ber\u00f6md och mycket popul\u00e4r blandad whisky med en hel del historia. Den gjordes f\u00f6rsta g\u00e5ngen 1882 av William Sanderson &#8211; en sprittillverkare fr\u00e5n Leith, Skottland. F\u00f6r att skapa den perfekta blandningen, skapade Sanderson 100 olika insikter av whisky och anlitade en panel av experter p\u00e5 whiskyprovare f\u00f6r att v\u00e4lja den finaste. De valde den 69:e vattingen, allts\u00e5 namnet Vat 69. Blandad med fyrtio olika malt- och grainwhisky \u00e4r detta en j\u00e4mn, balanserad sprit och en fler\u00e5rig favorit bland blanddrickare.<\/p>\n<p>N\u00e4sa: Inslag av krydda och karamell, toner av kornmalt, med en mjuk vetekarakt\u00e4r. En touch av p\u00e4ronjuice.<\/p>\n<p>Smak: Mald mandel och kornmalt. Lite kexig, mer av de d\u00e4r p\u00e4rontonerna, lite peppar. S\u00f6t, rundad.<\/p>\n<p>Finish: Tr\u00e4aktig, kryddad finish. Kola.<\/p>\n<p>\u00d6verlag: Enkla, l\u00e4ttsamma grejer. Om du letar efter en p\u00e5litlig blandning \u00e4r detta ett utm\u00e4rkt val.<\/p>\n","protected":false},"excerpt":{"rendered":"<p>Blended Scotch Whisky<\/p>\n","protected":false},"featured_media":6273,"template":"","meta":{"_acf_changed":false,"rs_blank_template":"","rs_page_bg_color":"","slide_template_v7":""},"product_brand":[],"product_cat":[2387,4765,2392],"product_tag":[],"class_list":{"0":"post-16558","1":"product","2":"type-product","3":"status-publish","4":"has-post-thumbnail","6":"product_cat-avec-sv","7":"product_cat-blended-sv","8":"product_cat-whisky-sv","9":"pa_land-skottland","10":"pa_procent-40-sv-2","11":"pa_producent-vat-69-sv","12":"pa_volume-70-sv-2","14":"first","15":"instock","16":"taxable","17":"shipping-taxable","18":"purchasable","19":"product-type-simple"},"bundled_by":[],"bundle_stock_status":"instock","bundle_stock_quantity":null,"bundle_virtual":false,"bundle_layout":"","bundle_add_to_cart_form_location":"","bundle_editable_in_cart":false,"bundle_sold_individually_context":"","bundle_item_grouping":"","bundle_min_size":"","bundle_max_size":"","bundle_price":[],"bundled_items":[],"bundle_sell_ids":[],"acf":[],"_links":{"self":[{"href":"https:\/\/www.raschvin.com\/sv\/wp-json\/wp\/v2\/product\/16558","targetHints":{"allow":["GET"]}}],"collection":[{"href":"https:\/\/www.raschvin.com\/sv\/wp-json\/wp\/v2\/product"}],"about":[{"href":"https:\/\/www.raschvin.com\/sv\/wp-json\/wp\/v2\/types\/product"}],"wp:featuredmedia":[{"embeddable":true,"href":"https:\/\/www.raschvin.com\/sv\/wp-json\/wp\/v2\/media\/6273"}],"wp:attachment":[{"href":"https:\/\/www.raschvin.com\/sv\/wp-json\/wp\/v2\/media?parent=16558"}],"wp:term":[{"taxonomy":"product_brand","embeddable":true,"href":"https:\/\/www.raschvin.com\/sv\/wp-json\/wp\/v2\/product_brand?post=16558"},{"taxonomy":"product_cat","embeddable":true,"href":"https:\/\/www.raschvin.com\/sv\/wp-json\/wp\/v2\/product_cat?post=16558"},{"taxonomy":"product_tag","embeddable":true,"href":"https:\/\/www.raschvin.com\/sv\/wp-json\/wp\/v2\/product_tag?post=16558"}],"curies":[{"name":"wp","href":"https:\/\/api.w.org\/{rel}","templated":true}]}}