{"id":16557,"date":"2022-05-30T10:10:11","date_gmt":"2022-05-30T08:10:11","guid":{"rendered":"https:\/\/www.raschvin.com\/vare\/jagermeister-70-cl\/"},"modified":"2022-11-21T10:58:06","modified_gmt":"2022-11-21T09:58:06","slug":"jaegermeister-70-cl","status":"publish","type":"product","link":"https:\/\/www.raschvin.com\/sv\/produkt\/jaegermeister-70-cl\/","title":{"rendered":"J\u00e4germeister 70 cl. 35%"},"content":{"rendered":"<p>Termen J\u00e4germeister introducerades i Tyskland 1934 i den nya jaktlagen, som namnet p\u00e5 en ledande skogsanv\u00e4ndare eller skytt i offentlig service. N\u00e4r den f\u00f6rsta J\u00e4germeisteren kom p\u00e5 marknaden 1935, var namnet redan medveten om tyskarna. Det var en curmast som ocks\u00e5 var en entusiastisk j\u00e4gare som destillerade och kryddat den ursprungliga J\u00e4germeisterna, och sedan designades designen logotypen, som visar huvudet p\u00e5 en Hjort med ett gl\u00f6dande kristen kors mellan sina vingar, som en gest av j\u00e4garnas Patron Saint of Saint Hubertus. J\u00e4germeister \u00e4r en s\u00e5 kallad Kr\u00e4uterl\u00f6r i familj med gammal dansk fr\u00e5n Danmark, Unicum fr\u00e5n Ungern och Bechherovka fr\u00e5n Tjeckien, men i motsats till dessa \u00e4r J\u00e4germeister mycket s\u00f6tare i profilen. Ingredienserna inkluderar 56 \u00f6rter, frukter, r\u00f6tter och kryddor, inklusive citrusskal, lakrits, anis, vallmofr\u00f6, saffran, ingef\u00e4ra, juniper och ginseng. Aromerna extraheras i alkohol och vatten, och sedan \u00e4r \u00f6rten mogen i 12 m\u00e5nader p\u00e5 begagnade Oakefade. D\u00e4refter har socker, alkohol och vatten tillsatts tills alkoholprocenten tr\u00e4ffas 35%, varefter lik\u00f6ren filtreras och dr\u00e4neras p\u00e5 en flaska.<\/p>\n","protected":false},"excerpt":{"rendered":"<p>German Herbal Liqueur-Shot<\/p>\n","protected":false},"featured_media":30078,"template":"","meta":{"_acf_changed":false,"rs_blank_template":"","rs_page_bg_color":"","slide_template_v7":""},"product_brand":[],"product_cat":[2387,4714,2407,2390,2402],"product_tag":[],"class_list":{"0":"post-16557","1":"product","2":"type-product","3":"status-publish","4":"has-post-thumbnail","6":"product_cat-avec-sv","7":"product_cat-ort","8":"product_cat-shots-sv","9":"product_cat-sprit","10":"product_cat-sprit-sv","11":"pa_land-tyskland-sv","12":"pa_procent-35-sv","13":"pa_producent-jaegermeister-sv","14":"pa_volume-70-sv-2","16":"first","17":"instock","18":"taxable","19":"shipping-taxable","20":"purchasable","21":"product-type-simple"},"bundled_by":[],"bundle_stock_status":"instock","bundle_stock_quantity":null,"bundle_virtual":false,"bundle_layout":"","bundle_add_to_cart_form_location":"","bundle_editable_in_cart":false,"bundle_sold_individually_context":"","bundle_item_grouping":"","bundle_min_size":"","bundle_max_size":"","bundle_price":[],"bundled_items":[],"bundle_sell_ids":[],"acf":[],"_links":{"self":[{"href":"https:\/\/www.raschvin.com\/sv\/wp-json\/wp\/v2\/product\/16557","targetHints":{"allow":["GET"]}}],"collection":[{"href":"https:\/\/www.raschvin.com\/sv\/wp-json\/wp\/v2\/product"}],"about":[{"href":"https:\/\/www.raschvin.com\/sv\/wp-json\/wp\/v2\/types\/product"}],"wp:featuredmedia":[{"embeddable":true,"href":"https:\/\/www.raschvin.com\/sv\/wp-json\/wp\/v2\/media\/30078"}],"wp:attachment":[{"href":"https:\/\/www.raschvin.com\/sv\/wp-json\/wp\/v2\/media?parent=16557"}],"wp:term":[{"taxonomy":"product_brand","embeddable":true,"href":"https:\/\/www.raschvin.com\/sv\/wp-json\/wp\/v2\/product_brand?post=16557"},{"taxonomy":"product_cat","embeddable":true,"href":"https:\/\/www.raschvin.com\/sv\/wp-json\/wp\/v2\/product_cat?post=16557"},{"taxonomy":"product_tag","embeddable":true,"href":"https:\/\/www.raschvin.com\/sv\/wp-json\/wp\/v2\/product_tag?post=16557"}],"curies":[{"name":"wp","href":"https:\/\/api.w.org\/{rel}","templated":true}]}}