{"id":16553,"date":"2022-05-30T10:08:42","date_gmt":"2022-05-30T08:08:42","guid":{"rendered":"https:\/\/www.raschvin.com\/vare\/tullamore-dew-xo-caribbean-rum-cask-finish\/"},"modified":"2024-09-09T10:16:18","modified_gmt":"2024-09-09T08:16:18","slug":"tullamore-dew-xo-caribbean-rum-cask-finish","status":"publish","type":"product","link":"https:\/\/www.raschvin.com\/sv\/produkt\/tullamore-dew-xo-caribbean-rum-cask-finish\/","title":{"rendered":"Tullamore Dew Rum Cask Finish 70 cl. 43%"},"content":{"rendered":"<p>Smak<\/p>\n<p>F\u00e4rg: Hot Amber.<\/p>\n<p>Arom: Aromer av vanilj och ek med citrus, mogna och k\u00e4nsliga sporer, k\u00f6rsb\u00e4rsker, banan och tropisk mango blandad med sm\u00f6riga karamelllmalt s\u00f6ta rum och kryddor.<\/p>\n<p>Smak: kr\u00e4mig och mjuka k\u00e4nslor som markerar de l\u00e4ckra djupa tonerna av karamelll och banan med tips av datum och russin, citron, ananas och brunt sockerkaramellliserad kryddig ek och massor av torkad frukt. Dess finish \u00e4r l\u00e5ng och l\u00e5ngvarig s\u00f6ta bananer och karamelll, cool orange med en touch av kryddor.<\/p>\n<p>Produktionsdetaljer: Whiskyen \u00e4r tillverkad med en trippel destillerad blandning, inklusive whisky singel malt, enkelkorn och en enda kruka i kompositionen. Dessa whisky \u00e4r mogna i bourbonr\u00e4tter och ex-ex-sherry. D\u00e4refter mognad i T\u00f8nder Caribbean Rom, som f\u00f6rst fylldes innan de inneh\u00f6ll Demerara-RROM, som fick en finish.<\/p>\n","protected":false},"excerpt":{"rendered":"<p>Blended Irish Whiskey<\/p>\n","protected":false},"featured_media":65681,"template":"","meta":{"_acf_changed":false,"rs_blank_template":"","rs_page_bg_color":"","slide_template_v7":""},"product_brand":[],"product_cat":[2387,4765,2392],"product_tag":[],"class_list":{"0":"post-16553","1":"product","2":"type-product","3":"status-publish","4":"has-post-thumbnail","6":"product_cat-avec-sv","7":"product_cat-blended-sv","8":"product_cat-whisky-sv","9":"pa_land-irland-sv","10":"pa_procent-43-sv","11":"pa_producent-tullamore-dew-sv","12":"pa_region-county-offaly-sv","13":"pa_volume-70-sv-2","15":"first","16":"instock","17":"sale","18":"taxable","19":"shipping-taxable","20":"purchasable","21":"product-type-simple"},"bundled_by":[],"bundle_stock_status":"instock","bundle_stock_quantity":null,"bundle_virtual":false,"bundle_layout":"","bundle_add_to_cart_form_location":"","bundle_editable_in_cart":false,"bundle_sold_individually_context":"","bundle_item_grouping":"","bundle_min_size":"","bundle_max_size":"","bundle_price":[],"bundled_items":[],"bundle_sell_ids":[],"acf":[],"_links":{"self":[{"href":"https:\/\/www.raschvin.com\/sv\/wp-json\/wp\/v2\/product\/16553","targetHints":{"allow":["GET"]}}],"collection":[{"href":"https:\/\/www.raschvin.com\/sv\/wp-json\/wp\/v2\/product"}],"about":[{"href":"https:\/\/www.raschvin.com\/sv\/wp-json\/wp\/v2\/types\/product"}],"wp:featuredmedia":[{"embeddable":true,"href":"https:\/\/www.raschvin.com\/sv\/wp-json\/wp\/v2\/media\/65681"}],"wp:attachment":[{"href":"https:\/\/www.raschvin.com\/sv\/wp-json\/wp\/v2\/media?parent=16553"}],"wp:term":[{"taxonomy":"product_brand","embeddable":true,"href":"https:\/\/www.raschvin.com\/sv\/wp-json\/wp\/v2\/product_brand?post=16553"},{"taxonomy":"product_cat","embeddable":true,"href":"https:\/\/www.raschvin.com\/sv\/wp-json\/wp\/v2\/product_cat?post=16553"},{"taxonomy":"product_tag","embeddable":true,"href":"https:\/\/www.raschvin.com\/sv\/wp-json\/wp\/v2\/product_tag?post=16553"}],"curies":[{"name":"wp","href":"https:\/\/api.w.org\/{rel}","templated":true}]}}