{"id":16552,"date":"2022-05-30T10:08:42","date_gmt":"2022-05-30T08:08:42","guid":{"rendered":"https:\/\/www.raschvin.com\/vare\/tullamore-dew-100-cl\/"},"modified":"2022-11-18T13:56:47","modified_gmt":"2022-11-18T12:56:47","slug":"tullamore-dew-100-cl","status":"publish","type":"product","link":"https:\/\/www.raschvin.com\/sv\/produkt\/tullamore-dew-100-cl\/","title":{"rendered":"Tullamore Dew 100 cl. 40%"},"content":{"rendered":"<p>Tullamore Dew Irish Whisky kommer fr\u00e5n staden Tullamore i Irland och lanserades 1829. Tullamore Dew \u00e4r den mest s\u00e5lda whiskyen i Danmark och den n\u00e4st mest s\u00e5lda whiskyen i v\u00e4rlden. Tullamore Dew Irish Whisky \u00e4r lagrad 4 \u00e5r p\u00e5 gamla ekfat och g\u00e5r sedan igenom en unik tillverkning med 3 destillationer och torkning i slutna ugnar. Denna process g\u00f6r whiskys naturliga, rena smak tr\u00e4nger in i den f\u00e4rdiga whiskyen. Tullamore Dew Irish Whisky \u00e4r k\u00e4nd f\u00f6r sin mjuka och runda smak, utan r\u00f6kt undertoner. Smaken kan beskrivas som sofistikerad med en bekv\u00e4m maltisk med underwoods av br\u00e4nt tr\u00e4, liksom den naturliga smaken av gyllene korn. Tullamore Dew Irish Whisky \u00e4r en super bra whisky till irl\u00e4ndsk kaffe, eftersom den har sin naturliga mjuk whisky smak som inte \u00e4r r\u00f6kt. Tullamore Dew kan annars avnjutas med lite glass eller vatten, eller i drycker, som whisky och cola.<\/p>\n<p>Tullamore Dew \u00e4r en extremt k\u00e4nd irl\u00e4ndsk whisky. Det \u00e4r mest k\u00e4nt i Danmark f\u00f6r hans prestanda i den popul\u00e4ra drink irl\u00e4ndska kaffe. Men Tullamore dagg kan ocks\u00e5 l\u00e4tt avnjutas ren. Det \u00e4r en bra b\u00f6rjan att introduceras till whisky-v\u00e4rlden som det \u00e4r mildt och inte alls r\u00f6kt. Tullamore Dew \u00e4r gjord av en blandning av malt whisky och korn whisky som har en kort flotta ring. Whiskyen \u00e4r trippel destillerad, vilket ger en extra mjuk finess.<\/p>\n<p>Skillnaden mellan irl\u00e4ndsk whisky och skotsk whisky, f\u00f6rutom stavning, irl\u00e4ndsk whisky som en grundl\u00e4ggande regel destilleras 3 g\u00e5nger, d\u00e4r skotsk whisky bara destilleras tv\u00e5 g\u00e5nger. Irl\u00e4ndsk whisky \u00e4r inte destillerad \u00f6ver torv som skotsk whisky g\u00f6r, vilket resulterar i att det inte \u00e4r r\u00f6kt alls. Det finns naturligtvis typer som sticker ut fr\u00e5n regeln, men det n\u00e4mns alltid p\u00e5 flaskan.<\/p>\n","protected":false},"excerpt":{"rendered":"<p>Triple Distilled Irish Whiskey<\/p>\n","protected":false},"featured_media":65321,"template":"","meta":{"_acf_changed":false,"rs_blank_template":"","rs_page_bg_color":"","slide_template_v7":""},"product_brand":[],"product_cat":[2387,2392,4765,4768],"product_tag":[],"class_list":{"0":"post-16552","1":"product","2":"type-product","3":"status-publish","4":"has-post-thumbnail","6":"product_cat-avec-sv","7":"product_cat-whisky-sv","8":"product_cat-blended-sv","9":"product_cat-irish-whiskey","10":"pa_land-irland-sv","11":"pa_procent-40-sv-2","12":"pa_producent-tullamore-dew-sv","13":"pa_region-county-offaly-sv","14":"pa_volume-100-sv","16":"first","17":"instock","18":"sale","19":"taxable","20":"shipping-taxable","21":"purchasable","22":"product-type-simple"},"bundled_by":[],"bundle_stock_status":"instock","bundle_stock_quantity":null,"bundle_virtual":false,"bundle_layout":"","bundle_add_to_cart_form_location":"","bundle_editable_in_cart":false,"bundle_sold_individually_context":"","bundle_item_grouping":"","bundle_min_size":"","bundle_max_size":"","bundle_price":[],"bundled_items":[],"bundle_sell_ids":[],"acf":[],"_links":{"self":[{"href":"https:\/\/www.raschvin.com\/sv\/wp-json\/wp\/v2\/product\/16552","targetHints":{"allow":["GET"]}}],"collection":[{"href":"https:\/\/www.raschvin.com\/sv\/wp-json\/wp\/v2\/product"}],"about":[{"href":"https:\/\/www.raschvin.com\/sv\/wp-json\/wp\/v2\/types\/product"}],"wp:featuredmedia":[{"embeddable":true,"href":"https:\/\/www.raschvin.com\/sv\/wp-json\/wp\/v2\/media\/65321"}],"wp:attachment":[{"href":"https:\/\/www.raschvin.com\/sv\/wp-json\/wp\/v2\/media?parent=16552"}],"wp:term":[{"taxonomy":"product_brand","embeddable":true,"href":"https:\/\/www.raschvin.com\/sv\/wp-json\/wp\/v2\/product_brand?post=16552"},{"taxonomy":"product_cat","embeddable":true,"href":"https:\/\/www.raschvin.com\/sv\/wp-json\/wp\/v2\/product_cat?post=16552"},{"taxonomy":"product_tag","embeddable":true,"href":"https:\/\/www.raschvin.com\/sv\/wp-json\/wp\/v2\/product_tag?post=16552"}],"curies":[{"name":"wp","href":"https:\/\/api.w.org\/{rel}","templated":true}]}}