{"id":16551,"date":"2022-05-30T10:08:42","date_gmt":"2022-05-30T08:08:42","guid":{"rendered":"https:\/\/www.raschvin.com\/vare\/monin-coffee-syrup-cafe\/"},"modified":"2022-11-28T08:38:13","modified_gmt":"2022-11-28T07:38:13","slug":"monin-coffee-syrup-cafe","status":"publish","type":"product","link":"https:\/\/www.raschvin.com\/sv\/produkt\/monin-coffee-syrup-cafe\/","title":{"rendered":"Monin Coffee Syrup (Caf\u00e9) 70 cl."},"content":{"rendered":"<p>Den b\u00e4sts\u00e4ljande drycken i v\u00e4rlden, kaffe \u00e4r favoritkristallen, som f\u00e5r dagen och bildar v\u00e5r dagliga rytm med &#8221;Kaffepausen&#8221; och &#8221;kaffe efter middagen&#8221;.<br \/>\nDen \u00e4r gjord av rostade kaffeb\u00f6nor, fr\u00e5n kaffefabriken. Det tidigaste trov\u00e4rdiga beviset p\u00e5 kaffekonsumtionen visas i mitten av 15-talet i Arabien i Mokha, Jemen, som kaffeb\u00f6nor br\u00e4ndes och bryggdes. Sedan spred det sig i hela Mellan\u00f6stern och senare till Europa via Italien.<br \/>\nKaffe kan konsumeras p\u00e5 m\u00e5nga olika s\u00e4tt fr\u00e5n &#8221;espresso&#8221; till &#8221;cappuccino&#8221;, och det anv\u00e4nds som smak i kakor och pudding. Kaffe- och valn\u00f6tkaka och tiramisu \u00e4r lagerfav\u00f6rer, och kaffe \u00e4r i allm\u00e4nhet underbart gift med choklad, n\u00f6tter och vanilj.<br \/>\nMonin Coffee Sirap \u00e4r utformad f\u00f6r att skapa caf\u00e9 frapp\u00e9 drycker och ger smaken av bryggt kaffe med eftermotor av colombianska kaffe till efterr\u00e4tt drycker, latte och cocktails.<\/p>\n<p>F\u00e4rg<br \/>\nM\u00f6rkbrun med guldglitter.<\/p>\n<p>Smak<br \/>\nIntense bitter filter kaffe n\u00e4sa. Smak av bryggt kaffe med n\u00e5gra efter anteckningar av typiskt colombianskt kaffe.<\/p>\n<p>Tips f\u00f6r Drinking Inn instrukt\u00f6rer<br \/>\nF\u00f6rs\u00f6k att kombinera denna unika espresso-smak med mj\u00f6lk och karamells\u00e5s. Blanda blandningen tills den \u00e4r j\u00e4mn och du f\u00e5r det perfekta kaffet.<\/p>\n<p>Efterr\u00e4ttdrycker<br \/>\nCocktails<br \/>\nLattes.<br \/>\nFrysta<\/p>\n","protected":false},"excerpt":{"rendered":"<p>French Premium Syrup<\/p>\n","protected":false},"featured_media":6185,"template":"","meta":{"_acf_changed":false,"rs_blank_template":"","rs_page_bg_color":"","slide_template_v7":""},"product_brand":[],"product_cat":[2405],"product_tag":[],"class_list":{"0":"post-16551","1":"product","2":"type-product","3":"status-publish","4":"has-post-thumbnail","6":"product_cat-mixers-sv","7":"pa_land-frankrike","8":"pa_procent-0-sv","9":"pa_producent-monin-sv","10":"pa_volume-70-sv-2","12":"first","13":"instock","14":"taxable","15":"shipping-taxable","16":"purchasable","17":"product-type-simple"},"bundled_by":[],"bundle_stock_status":"instock","bundle_stock_quantity":null,"bundle_virtual":false,"bundle_layout":"","bundle_add_to_cart_form_location":"","bundle_editable_in_cart":false,"bundle_sold_individually_context":"","bundle_item_grouping":"","bundle_min_size":"","bundle_max_size":"","bundle_price":[],"bundled_items":[],"bundle_sell_ids":[],"acf":[],"_links":{"self":[{"href":"https:\/\/www.raschvin.com\/sv\/wp-json\/wp\/v2\/product\/16551","targetHints":{"allow":["GET"]}}],"collection":[{"href":"https:\/\/www.raschvin.com\/sv\/wp-json\/wp\/v2\/product"}],"about":[{"href":"https:\/\/www.raschvin.com\/sv\/wp-json\/wp\/v2\/types\/product"}],"wp:featuredmedia":[{"embeddable":true,"href":"https:\/\/www.raschvin.com\/sv\/wp-json\/wp\/v2\/media\/6185"}],"wp:attachment":[{"href":"https:\/\/www.raschvin.com\/sv\/wp-json\/wp\/v2\/media?parent=16551"}],"wp:term":[{"taxonomy":"product_brand","embeddable":true,"href":"https:\/\/www.raschvin.com\/sv\/wp-json\/wp\/v2\/product_brand?post=16551"},{"taxonomy":"product_cat","embeddable":true,"href":"https:\/\/www.raschvin.com\/sv\/wp-json\/wp\/v2\/product_cat?post=16551"},{"taxonomy":"product_tag","embeddable":true,"href":"https:\/\/www.raschvin.com\/sv\/wp-json\/wp\/v2\/product_tag?post=16551"}],"curies":[{"name":"wp","href":"https:\/\/api.w.org\/{rel}","templated":true}]}}