{"id":16549,"date":"2022-05-30T10:08:42","date_gmt":"2022-05-30T08:08:42","guid":{"rendered":"https:\/\/www.raschvin.com\/vare\/monin-chocolate-syrup-saveur-chocolat\/"},"modified":"2022-11-28T08:40:15","modified_gmt":"2022-11-28T07:40:15","slug":"monin-chocolate-syrup-saveur-chocolat","status":"publish","type":"product","link":"https:\/\/www.raschvin.com\/sv\/produkt\/monin-chocolate-syrup-saveur-chocolat\/","title":{"rendered":"Monin Chocolate Syrup (Saveur Chocolat) 70 cl."},"content":{"rendered":"<p>En klassisk cocktailsmak, monin choklad sirap levererar den tr\u00f6stande, lyxiga smaken av choklad, som civilisationen har haft i tusentals \u00e5r.<\/p>\n<p>Platsen av choklad kan sp\u00e5ras tillbaka i \u00f6ver fyra tusen \u00e5r sedan till 1900 f.Kr. Det finns bevis p\u00e5 chokladdrycker som representerar visdom och fertilitet, gjord av fermenterade, rostade och m\u00e5lade kakaob\u00f6nor i Centralamerika. Civilisationerna av Maya och Aztec h\u00f6ll choklad h\u00f6g, serveras chokladdrycker vid ceremoniella tillf\u00e4llen och anv\u00e4nde den som en slags skatt. Endast nyligen satte europ\u00e9erna socker, mj\u00f6lk och kakaosm\u00f6r f\u00f6r att skapa chokladst\u00e4ngerna och s\u00f6tsaker som vi k\u00e4nner till idag.<\/p>\n<p>Under hela historien har choklad betraktats som en lyx som \u00e4r l\u00e4mplig f\u00f6r cocktails och speciella varma drycker. Bes\u00f6k klassiska cocktails med monin-choklad sirap och skapa eftergiven chokladofficer och negronis samt lugnande varma drycker.<\/p>\n<p>F\u00e4rg<br \/>\nKlar brun f\u00e4rg med guldglitter.<\/p>\n<p>Smak<br \/>\nKakao b\u00f6nor luktar, kakao lik\u00f6r smak.<\/p>\n<p>Dricks<br \/>\nMonin Chocolate Sirap har en stark kokosamag. Det f\u00f6rb\u00e4ttrar l\u00e4tt den m\u00f6rka chokladk\u00e4nslan i ditt kaffe och Mocha. Du kan prova det med m\u00f6rk choklads\u00e5s f\u00f6r att skapa ett premium kaffe eller mocha-dryck.<\/p>\n<p>Kaffe<br \/>\nEfterr\u00e4ttdrycker<br \/>\nMilkshakes.<br \/>\nAromatiserad mj\u00f6lk<br \/>\nMochas.<\/p>\n","protected":false},"excerpt":{"rendered":"<p>French Premium Syrup<\/p>\n","protected":false},"featured_media":6162,"template":"","meta":{"_acf_changed":false,"rs_blank_template":"","rs_page_bg_color":"","slide_template_v7":""},"product_brand":[],"product_cat":[2405],"product_tag":[],"class_list":{"0":"post-16549","1":"product","2":"type-product","3":"status-publish","4":"has-post-thumbnail","6":"product_cat-mixers-sv","7":"pa_land-frankrike","8":"pa_procent-0-sv","9":"pa_producent-monin-sv","10":"pa_volume-70-sv-2","12":"first","13":"instock","14":"taxable","15":"shipping-taxable","16":"purchasable","17":"product-type-simple"},"bundled_by":[],"bundle_stock_status":"instock","bundle_stock_quantity":null,"bundle_virtual":false,"bundle_layout":"","bundle_add_to_cart_form_location":"","bundle_editable_in_cart":false,"bundle_sold_individually_context":"","bundle_item_grouping":"","bundle_min_size":"","bundle_max_size":"","bundle_price":[],"bundled_items":[],"bundle_sell_ids":[],"acf":[],"_links":{"self":[{"href":"https:\/\/www.raschvin.com\/sv\/wp-json\/wp\/v2\/product\/16549","targetHints":{"allow":["GET"]}}],"collection":[{"href":"https:\/\/www.raschvin.com\/sv\/wp-json\/wp\/v2\/product"}],"about":[{"href":"https:\/\/www.raschvin.com\/sv\/wp-json\/wp\/v2\/types\/product"}],"wp:featuredmedia":[{"embeddable":true,"href":"https:\/\/www.raschvin.com\/sv\/wp-json\/wp\/v2\/media\/6162"}],"wp:attachment":[{"href":"https:\/\/www.raschvin.com\/sv\/wp-json\/wp\/v2\/media?parent=16549"}],"wp:term":[{"taxonomy":"product_brand","embeddable":true,"href":"https:\/\/www.raschvin.com\/sv\/wp-json\/wp\/v2\/product_brand?post=16549"},{"taxonomy":"product_cat","embeddable":true,"href":"https:\/\/www.raschvin.com\/sv\/wp-json\/wp\/v2\/product_cat?post=16549"},{"taxonomy":"product_tag","embeddable":true,"href":"https:\/\/www.raschvin.com\/sv\/wp-json\/wp\/v2\/product_tag?post=16549"}],"curies":[{"name":"wp","href":"https:\/\/api.w.org\/{rel}","templated":true}]}}