{"id":16547,"date":"2022-05-30T10:08:42","date_gmt":"2022-05-30T08:08:42","guid":{"rendered":"https:\/\/www.raschvin.com\/vare\/monin-blue-curacao-syrup-saveur-curacao-blue\/"},"modified":"2022-11-28T08:28:21","modified_gmt":"2022-11-28T07:28:21","slug":"monin-blue-curacao-syrup-saveur-curacao-blue","status":"publish","type":"product","link":"https:\/\/www.raschvin.com\/sv\/produkt\/monin-blue-curacao-syrup-saveur-curacao-blue\/","title":{"rendered":"Monin Blue Curacao Syrup (Saveur Curacao Blue) 70 cl."},"content":{"rendered":"<p>Det finns inte m\u00e5nga saker i en bar som lyser som Blue Curacao. Detta g\u00e4ller ocks\u00e5 n\u00e4r det \u00e4r som sirap. Djup, bl\u00e5 och klar f\u00e4rg, arom av sura apelsiner och tropisk frukt. Producerad med torkad apelsinskal fr\u00e5n den v\u00e4stra indiska \u00f6n Curacao. Ger dina cocktails en mycket exotisk pift med sin f\u00e4rg och smak och arom av apelsin.<\/p>\n<p>Franska Monin har varit familje\u00e4gt sedan 1912 och \u00e4r nu k\u00e4nt p\u00e5 det mesta av v\u00e4rlden. Idag, den tredje generationen som driver arbetet &#8211; fortfarande med f\u00f6retagets franska arv i bagaget. Franska \u00e4r en viktig akt\u00f6r p\u00e5 v\u00e4rldsmarknaden f\u00f6r sirap, fruktblandningar, s\u00e5ser och lik\u00f6rer i \u00f6ver 150 smaker och finns i kaf\u00e9er, barer och restauranger \u00f6ver hela v\u00e4rlden. Det \u00e4r ingen slump. Med fokus p\u00e5 kvalitet och produceras p\u00e5 naturliga ingredienser f\u00f6redras Monins produkter av m\u00e5nga.<\/p>\n","protected":false},"excerpt":{"rendered":"<p>French Premium Syrup<\/p>\n","protected":false},"featured_media":6136,"template":"","meta":{"_acf_changed":false,"rs_blank_template":"","rs_page_bg_color":"","slide_template_v7":""},"product_brand":[],"product_cat":[2405],"product_tag":[],"class_list":{"0":"post-16547","1":"product","2":"type-product","3":"status-publish","4":"has-post-thumbnail","6":"product_cat-mixers-sv","7":"pa_land-frankrike","8":"pa_procent-0-sv","9":"pa_producent-monin-sv","10":"pa_volume-70-sv-2","12":"first","13":"instock","14":"taxable","15":"shipping-taxable","16":"purchasable","17":"product-type-simple"},"bundled_by":[],"bundle_stock_status":"instock","bundle_stock_quantity":null,"bundle_virtual":false,"bundle_layout":"","bundle_add_to_cart_form_location":"","bundle_editable_in_cart":false,"bundle_sold_individually_context":"","bundle_item_grouping":"","bundle_min_size":"","bundle_max_size":"","bundle_price":[],"bundled_items":[],"bundle_sell_ids":[],"acf":[],"_links":{"self":[{"href":"https:\/\/www.raschvin.com\/sv\/wp-json\/wp\/v2\/product\/16547","targetHints":{"allow":["GET"]}}],"collection":[{"href":"https:\/\/www.raschvin.com\/sv\/wp-json\/wp\/v2\/product"}],"about":[{"href":"https:\/\/www.raschvin.com\/sv\/wp-json\/wp\/v2\/types\/product"}],"wp:featuredmedia":[{"embeddable":true,"href":"https:\/\/www.raschvin.com\/sv\/wp-json\/wp\/v2\/media\/6136"}],"wp:attachment":[{"href":"https:\/\/www.raschvin.com\/sv\/wp-json\/wp\/v2\/media?parent=16547"}],"wp:term":[{"taxonomy":"product_brand","embeddable":true,"href":"https:\/\/www.raschvin.com\/sv\/wp-json\/wp\/v2\/product_brand?post=16547"},{"taxonomy":"product_cat","embeddable":true,"href":"https:\/\/www.raschvin.com\/sv\/wp-json\/wp\/v2\/product_cat?post=16547"},{"taxonomy":"product_tag","embeddable":true,"href":"https:\/\/www.raschvin.com\/sv\/wp-json\/wp\/v2\/product_tag?post=16547"}],"curies":[{"name":"wp","href":"https:\/\/api.w.org\/{rel}","templated":true}]}}