{"id":16545,"date":"2022-05-30T10:08:42","date_gmt":"2022-05-30T08:08:42","guid":{"rendered":"https:\/\/www.raschvin.com\/vare\/monin-grenadine-syrup\/"},"modified":"2022-11-28T08:43:24","modified_gmt":"2022-11-28T07:43:24","slug":"monin-grenadine-syrup","status":"publish","type":"product","link":"https:\/\/www.raschvin.com\/sv\/produkt\/monin-grenadine-syrup\/","title":{"rendered":"Monin Grenadine Syrup 70 cl."},"content":{"rendered":"<p>Grenadin \u00e4r den vanligaste och allm\u00e4nt anv\u00e4nda smaken i barer \u00f6ver hela v\u00e4rlden. Med andra ord \u00e4r Grenadin n\u00e5got du borde ha st\u00e5ende. Monins Grenadin ger en lite fruktig s\u00f6tma med en touch av vanilj, som \u00e4r en present till en myriad av cocktails &#8211; fr\u00e5n ett Shirley-templet till en klassisk tequila soluppg\u00e5ng.<\/p>\n<p>Franska Monin har varit familje\u00e4gt sedan 1912 och \u00e4r nu k\u00e4nt p\u00e5 det mesta av v\u00e4rlden. Idag, den tredje generationen som driver arbetet &#8211; fortfarande med f\u00f6retagets franska arv i bagaget. Franska \u00e4r en viktig akt\u00f6r p\u00e5 v\u00e4rldsmarknaden f\u00f6r sirap, fruktblandningar, s\u00e5ser och lik\u00f6rer i \u00f6ver 150 smaker och finns i kaf\u00e9er, barer och restauranger \u00f6ver hela v\u00e4rlden. Det \u00e4r ingen slump. Med fokus p\u00e5 kvalitet och produceras p\u00e5 naturliga ingredienser f\u00f6redras Monins produkter av m\u00e5nga.<\/p>\n","protected":false},"excerpt":{"rendered":"<p>French Premium Syrup<\/p>\n","protected":false},"featured_media":6110,"template":"","meta":{"_acf_changed":false,"rs_blank_template":"","rs_page_bg_color":"","slide_template_v7":""},"product_brand":[],"product_cat":[2405],"product_tag":[],"class_list":{"0":"post-16545","1":"product","2":"type-product","3":"status-publish","4":"has-post-thumbnail","6":"product_cat-mixers-sv","7":"pa_land-frankrike","8":"pa_procent-0-sv","9":"pa_producent-monin-sv","10":"pa_volume-70-sv-2","12":"first","13":"instock","14":"taxable","15":"shipping-taxable","16":"purchasable","17":"product-type-simple"},"bundled_by":[],"bundle_stock_status":"instock","bundle_stock_quantity":null,"bundle_virtual":false,"bundle_layout":"","bundle_add_to_cart_form_location":"","bundle_editable_in_cart":false,"bundle_sold_individually_context":"","bundle_item_grouping":"","bundle_min_size":"","bundle_max_size":"","bundle_price":[],"bundled_items":[],"bundle_sell_ids":[],"acf":[],"_links":{"self":[{"href":"https:\/\/www.raschvin.com\/sv\/wp-json\/wp\/v2\/product\/16545","targetHints":{"allow":["GET"]}}],"collection":[{"href":"https:\/\/www.raschvin.com\/sv\/wp-json\/wp\/v2\/product"}],"about":[{"href":"https:\/\/www.raschvin.com\/sv\/wp-json\/wp\/v2\/types\/product"}],"wp:featuredmedia":[{"embeddable":true,"href":"https:\/\/www.raschvin.com\/sv\/wp-json\/wp\/v2\/media\/6110"}],"wp:attachment":[{"href":"https:\/\/www.raschvin.com\/sv\/wp-json\/wp\/v2\/media?parent=16545"}],"wp:term":[{"taxonomy":"product_brand","embeddable":true,"href":"https:\/\/www.raschvin.com\/sv\/wp-json\/wp\/v2\/product_brand?post=16545"},{"taxonomy":"product_cat","embeddable":true,"href":"https:\/\/www.raschvin.com\/sv\/wp-json\/wp\/v2\/product_cat?post=16545"},{"taxonomy":"product_tag","embeddable":true,"href":"https:\/\/www.raschvin.com\/sv\/wp-json\/wp\/v2\/product_tag?post=16545"}],"curies":[{"name":"wp","href":"https:\/\/api.w.org\/{rel}","templated":true}]}}