{"id":16541,"date":"2022-05-30T10:07:05","date_gmt":"2022-05-30T08:07:05","guid":{"rendered":"https:\/\/www.raschvin.com\/vare\/monin-vanilla-from-madagascar-syrup\/"},"modified":"2022-11-28T08:58:49","modified_gmt":"2022-11-28T07:58:49","slug":"monin-vanilla-from-madagascar-syrup","status":"publish","type":"product","link":"https:\/\/www.raschvin.com\/sv\/produkt\/monin-vanilla-from-madagascar-syrup\/","title":{"rendered":"Monin Vanilla from Madagascar Syrup 70 cl."},"content":{"rendered":"<p>Baserat p\u00e5 endast det finaste rena vaniljtraktet fr\u00e5n Madagaskar, har Monin Vaniljsirap en uts\u00f6kt, premium smak, f\u00f6rmodligen anledningen till att det \u00e4r en av de tre b\u00e4sta kaffeflaken.<br \/>\nEn klassisk ingrediens som h\u00e4rr\u00f6r fr\u00e5n orkid\u00e9er, vanilj anv\u00e4nds allm\u00e4nt f\u00f6r bakning och desserter f\u00f6r sin rena, delikata smak.<\/p>\n<p>Monin Vanilla \u00e4r en av de mest m\u00e5ngsidiga siraupmag, vilket f\u00f6rb\u00e4ttrar n\u00e4stan vilken dryck som helst och skapar gott kaffe, varm choklad, efterr\u00e4ttdrycker och cocktails.<\/p>\n<p>F\u00e4rg<br \/>\nLite rav.<\/p>\n<p>Smak<br \/>\nVanilla smak sublimerar i kombination med exotiska smaker. Pulvermak och liten brandy lukt.<\/p>\n<p>Tips f\u00f6r Drinking Inn instrukt\u00f6rer<br \/>\nMonin Vaniljsirap \u00e4r ett bra komplement till n\u00f6tter i Latte-applikationer. Det passar ocks\u00e5 perfekt i en teberedning f\u00f6rutom Berry Tomb. Jag gillar det mycket efter middagsdrinkar byggda r\u00e4tt i ett glas fyllt med m\u00f6rkt rom eller brandy.<\/p>\n<p>Ans\u00f6kan<br \/>\nKaffe<br \/>\nEfterr\u00e4ttdrycker<br \/>\nMilkshakes.<br \/>\nMocktails<br \/>\nCocktails<\/p>\n","protected":false},"excerpt":{"rendered":"<p>French Premium Syrup<\/p>\n","protected":false},"featured_media":6064,"template":"","meta":{"_acf_changed":false,"rs_blank_template":"","rs_page_bg_color":"","slide_template_v7":""},"product_brand":[],"product_cat":[2405],"product_tag":[],"class_list":{"0":"post-16541","1":"product","2":"type-product","3":"status-publish","4":"has-post-thumbnail","6":"product_cat-mixers-sv","7":"pa_land-frankrike","8":"pa_procent-0-sv","9":"pa_producent-monin-sv","10":"pa_volume-70-sv-2","12":"first","13":"instock","14":"taxable","15":"shipping-taxable","16":"purchasable","17":"product-type-simple"},"bundled_by":[],"bundle_stock_status":"instock","bundle_stock_quantity":null,"bundle_virtual":false,"bundle_layout":"","bundle_add_to_cart_form_location":"","bundle_editable_in_cart":false,"bundle_sold_individually_context":"","bundle_item_grouping":"","bundle_min_size":"","bundle_max_size":"","bundle_price":[],"bundled_items":[],"bundle_sell_ids":[],"acf":[],"_links":{"self":[{"href":"https:\/\/www.raschvin.com\/sv\/wp-json\/wp\/v2\/product\/16541","targetHints":{"allow":["GET"]}}],"collection":[{"href":"https:\/\/www.raschvin.com\/sv\/wp-json\/wp\/v2\/product"}],"about":[{"href":"https:\/\/www.raschvin.com\/sv\/wp-json\/wp\/v2\/types\/product"}],"wp:featuredmedia":[{"embeddable":true,"href":"https:\/\/www.raschvin.com\/sv\/wp-json\/wp\/v2\/media\/6064"}],"wp:attachment":[{"href":"https:\/\/www.raschvin.com\/sv\/wp-json\/wp\/v2\/media?parent=16541"}],"wp:term":[{"taxonomy":"product_brand","embeddable":true,"href":"https:\/\/www.raschvin.com\/sv\/wp-json\/wp\/v2\/product_brand?post=16541"},{"taxonomy":"product_cat","embeddable":true,"href":"https:\/\/www.raschvin.com\/sv\/wp-json\/wp\/v2\/product_cat?post=16541"},{"taxonomy":"product_tag","embeddable":true,"href":"https:\/\/www.raschvin.com\/sv\/wp-json\/wp\/v2\/product_tag?post=16541"}],"curies":[{"name":"wp","href":"https:\/\/api.w.org\/{rel}","templated":true}]}}