{"id":16539,"date":"2022-05-30T10:07:05","date_gmt":"2022-05-30T08:07:05","guid":{"rendered":"https:\/\/www.raschvin.com\/vare\/monin-raspberry-syrup-framboise\/"},"modified":"2022-11-28T08:55:36","modified_gmt":"2022-11-28T07:55:36","slug":"monin-raspberry-syrup-framboise","status":"publish","type":"product","link":"https:\/\/www.raschvin.com\/sv\/produkt\/monin-raspberry-syrup-framboise\/","title":{"rendered":"Monin Raspberry Syrup (Framboise) 70 cl."},"content":{"rendered":"<p>Monins hallon sirap kommer att vakna glada minnen av de flesta barnsliga sj\u00e4lar. Med smaken av sommaren som en av ingredienserna \u00e4r den idealisk i m\u00e5nga, m\u00e5nga drycker och cocktails, liksom desserter och milkshakes. Med en fruktig s\u00f6tma och ljussyra kommer den uppvaknande gl\u00e4djen de flesta platser.<\/p>\n<p>Franska Monin har varit familje\u00e4gt sedan 1912 och \u00e4r nu k\u00e4nt p\u00e5 det mesta av v\u00e4rlden. Idag, den tredje generationen som driver arbetet &#8211; fortfarande med f\u00f6retagets franska arv i bagaget. Franska \u00e4r en viktig akt\u00f6r p\u00e5 v\u00e4rldsmarknaden f\u00f6r sirap, fruktblandningar, s\u00e5ser och lik\u00f6rer i \u00f6ver 150 smaker och finns i kaf\u00e9er, barer och restauranger \u00f6ver hela v\u00e4rlden. Det \u00e4r ingen slump. Med fokus p\u00e5 kvalitet och produceras p\u00e5 naturliga ingredienser f\u00f6redras Monins produkter av m\u00e5nga.<\/p>\n","protected":false},"excerpt":{"rendered":"<p>French Premium Syrup<\/p>\n","protected":false},"featured_media":6038,"template":"","meta":{"_acf_changed":false,"rs_blank_template":"","rs_page_bg_color":"","slide_template_v7":""},"product_brand":[],"product_cat":[2405],"product_tag":[],"class_list":{"0":"post-16539","1":"product","2":"type-product","3":"status-publish","4":"has-post-thumbnail","6":"product_cat-mixers-sv","7":"pa_land-frankrike","8":"pa_procent-0-sv","9":"pa_producent-monin-sv","10":"pa_volume-70-sv-2","12":"first","13":"outofstock","14":"taxable","15":"shipping-taxable","16":"purchasable","17":"product-type-simple"},"bundled_by":[],"bundle_stock_status":"outofstock","bundle_stock_quantity":null,"bundle_virtual":false,"bundle_layout":"","bundle_add_to_cart_form_location":"","bundle_editable_in_cart":false,"bundle_sold_individually_context":"","bundle_item_grouping":"","bundle_min_size":"","bundle_max_size":"","bundle_price":[],"bundled_items":[],"bundle_sell_ids":[],"acf":[],"_links":{"self":[{"href":"https:\/\/www.raschvin.com\/sv\/wp-json\/wp\/v2\/product\/16539","targetHints":{"allow":["GET"]}}],"collection":[{"href":"https:\/\/www.raschvin.com\/sv\/wp-json\/wp\/v2\/product"}],"about":[{"href":"https:\/\/www.raschvin.com\/sv\/wp-json\/wp\/v2\/types\/product"}],"wp:featuredmedia":[{"embeddable":true,"href":"https:\/\/www.raschvin.com\/sv\/wp-json\/wp\/v2\/media\/6038"}],"wp:attachment":[{"href":"https:\/\/www.raschvin.com\/sv\/wp-json\/wp\/v2\/media?parent=16539"}],"wp:term":[{"taxonomy":"product_brand","embeddable":true,"href":"https:\/\/www.raschvin.com\/sv\/wp-json\/wp\/v2\/product_brand?post=16539"},{"taxonomy":"product_cat","embeddable":true,"href":"https:\/\/www.raschvin.com\/sv\/wp-json\/wp\/v2\/product_cat?post=16539"},{"taxonomy":"product_tag","embeddable":true,"href":"https:\/\/www.raschvin.com\/sv\/wp-json\/wp\/v2\/product_tag?post=16539"}],"curies":[{"name":"wp","href":"https:\/\/api.w.org\/{rel}","templated":true}]}}