{"id":16538,"date":"2022-05-30T10:07:05","date_gmt":"2022-05-30T08:07:05","guid":{"rendered":"https:\/\/www.raschvin.com\/vare\/monin-caramel-syrup-saveur-caramel\/"},"modified":"2022-11-28T08:33:21","modified_gmt":"2022-11-28T07:33:21","slug":"monin-caramel-syrup-saveur-caramel","status":"publish","type":"product","link":"https:\/\/www.raschvin.com\/sv\/produkt\/monin-caramel-syrup-saveur-caramel\/","title":{"rendered":"Monin Caramel Syrup (Saveur Caramel) 70 cl."},"content":{"rendered":"<p>karamelll \u00e4r gjord av sm\u00e4ltande socker i vatten f\u00f6r att g\u00f6ra en rik, s\u00f6t, limv\u00e4tska som varierar i f\u00e4rg fr\u00e5n beige till gult till m\u00f6rkbrun. karamelll anv\u00e4nds oftast som en smak i s\u00f6tsaker eller i pudding, desserter, kakor och kex, Caramel kombinerar bra med andra smakvarianter som frukter.<\/p>\n<p>Monin sirap karamelll presenterar en m\u00f6rk gula f\u00e4rg med koppargula glimmar och en kraftfull, liksom djup karamelllarom, \u00e5tf\u00f6ljd av en mycket specifik br\u00e4nd karamelllsmak.<br \/>\nMonin sirap karamelll kan anv\u00e4ndas f\u00f6r att g\u00f6ra s\u00f6t kaffe, te och chokladdrycker, bekv\u00e4ma efterr\u00e4tt cocktails, vodkashots eller helt enkelt h\u00e4llt \u00f6ver isglass.<\/p>\n","protected":false},"excerpt":{"rendered":"<p>French Premium Syrup<\/p>\n","protected":false},"featured_media":6028,"template":"","meta":{"_acf_changed":false,"rs_blank_template":"","rs_page_bg_color":"","slide_template_v7":""},"product_brand":[],"product_cat":[2405],"product_tag":[],"class_list":{"0":"post-16538","1":"product","2":"type-product","3":"status-publish","4":"has-post-thumbnail","6":"product_cat-mixers-sv","7":"pa_land-frankrike","8":"pa_procent-0-sv","9":"pa_producent-monin-sv","10":"pa_volume-70-sv-2","12":"first","13":"instock","14":"taxable","15":"shipping-taxable","16":"purchasable","17":"product-type-simple"},"bundled_by":[],"bundle_stock_status":"instock","bundle_stock_quantity":null,"bundle_virtual":false,"bundle_layout":"","bundle_add_to_cart_form_location":"","bundle_editable_in_cart":false,"bundle_sold_individually_context":"","bundle_item_grouping":"","bundle_min_size":"","bundle_max_size":"","bundle_price":[],"bundled_items":[],"bundle_sell_ids":[],"acf":[],"_links":{"self":[{"href":"https:\/\/www.raschvin.com\/sv\/wp-json\/wp\/v2\/product\/16538","targetHints":{"allow":["GET"]}}],"collection":[{"href":"https:\/\/www.raschvin.com\/sv\/wp-json\/wp\/v2\/product"}],"about":[{"href":"https:\/\/www.raschvin.com\/sv\/wp-json\/wp\/v2\/types\/product"}],"wp:featuredmedia":[{"embeddable":true,"href":"https:\/\/www.raschvin.com\/sv\/wp-json\/wp\/v2\/media\/6028"}],"wp:attachment":[{"href":"https:\/\/www.raschvin.com\/sv\/wp-json\/wp\/v2\/media?parent=16538"}],"wp:term":[{"taxonomy":"product_brand","embeddable":true,"href":"https:\/\/www.raschvin.com\/sv\/wp-json\/wp\/v2\/product_brand?post=16538"},{"taxonomy":"product_cat","embeddable":true,"href":"https:\/\/www.raschvin.com\/sv\/wp-json\/wp\/v2\/product_cat?post=16538"},{"taxonomy":"product_tag","embeddable":true,"href":"https:\/\/www.raschvin.com\/sv\/wp-json\/wp\/v2\/product_tag?post=16538"}],"curies":[{"name":"wp","href":"https:\/\/api.w.org\/{rel}","templated":true}]}}