{"id":16535,"date":"2022-05-30T10:07:05","date_gmt":"2022-05-30T08:07:05","guid":{"rendered":"https:\/\/www.raschvin.com\/vare\/pure-shots-org-lakrids-minipack-12x5cl\/"},"modified":"2022-12-02T12:41:02","modified_gmt":"2022-12-02T11:41:02","slug":"pure-shots-org-lakrids-minipack-12x5cl","status":"publish","type":"product","link":"https:\/\/www.raschvin.com\/sv\/produkt\/pure-shots-org-lakrids-minipack-12x5cl\/","title":{"rendered":"Pure Lakrids Minipack 12&#215;5 cl. 16,4%"},"content":{"rendered":"<p>En l\u00e5da med de nya rena mini-skotten med lakrits. Mindre storlek, samma god smak. De passar r\u00e4tt i fickan och \u00e4r perfekt f\u00f6r att g\u00f6ra n\u00e5gon erfarenhet lite b\u00e4ttre.<\/p>\n<p>Lakritsen \u00e4r speciellt annied p\u00e5 grund av sin rena, djupa smak. Roten torkas, rostad och pulveriseras f\u00f6r att f\u00e5 den mest smakade fr\u00e5n den. Det \u00e4r den h\u00e4r processen som ger den intensiva smaken av en ren och \u00e4kta lakrits.<\/p>\n<p>Ren lakrits g\u00f6rs p\u00e5 \u00e4kta lakrits, speciellt irriterad p\u00e5 grund av sin rena och djupa smak. Till lakritsen l\u00e4ggs Salmiax f\u00f6r att bryta den s\u00f6ta smaken av lakrits. Tillsammans producerar de en harmoniskt balanserad smak av saltlack, som \u00e4r mjuk och bekv\u00e4m att njuta av.<\/p>\n<p>Kan b\u00e5da avnjutas som ett skott, eller blandas i en drink.<\/p>\n<p>B\u00f6r h\u00e5llas cool och skaka innan du dricker.<\/p>\n<p>Alla rena produkter skapas och bryggs enligt samma princip: h\u00f6g kvalitet och god smak gjord p\u00e5 de b\u00e4sta r\u00e5varorna. Ingredienserna v\u00e4ljs noggrant f\u00f6r att ge den b\u00e4sta och renaste smaken i varje variant.<\/p>\n<p>12 x 5 cl<\/p>\n<p>Pure Shots produceras i \u00c5rhus och har blivit om\u00e5ttligt popul\u00e4rt i Danmark p\u00e5 bara n\u00e5gra \u00e5r. Pure Shots kallar sj\u00e4lva sina egna produkter f\u00f6r f\u00f6ljande: &#8221;M\u00f6jligen Danmarks b\u00e4sta shot&#8221;. Alla Pure Shots produkter \u00e4r skapade och bryggda enligt samma princip: h\u00f6g kvalitet och god smak gjorda av de b\u00e4sta r\u00e5varorna. Ingredienserna \u00e4r noga utvalda f\u00f6r att ge den b\u00e4sta och renaste smaken i varje variant.<\/p>\n","protected":false},"excerpt":{"rendered":"<p>Spiritus Made In Aarhus (DK) \u2013 Mixxed By Hand<\/p>\n","protected":false},"featured_media":5989,"template":"","meta":{"_acf_changed":false,"rs_blank_template":"","rs_page_bg_color":"","slide_template_v7":""},"product_brand":[],"product_cat":[2387,4666,2407,2390,2402],"product_tag":[],"class_list":{"0":"post-16535","1":"product","2":"type-product","3":"status-publish","4":"has-post-thumbnail","6":"product_cat-avec-sv","7":"product_cat-lakrits-sprit","8":"product_cat-shots-sv","9":"product_cat-sprit","10":"product_cat-sprit-sv","11":"pa_land-danmark-sv","12":"pa_procent-16-4-sv","13":"pa_producent-pure-shots-sv","14":"pa_region-aarhus-sv","15":"pa_volume-60-sv","17":"first","18":"instock","19":"sale","20":"taxable","21":"shipping-taxable","22":"purchasable","23":"product-type-simple"},"bundled_by":[],"bundle_stock_status":"instock","bundle_stock_quantity":null,"bundle_virtual":false,"bundle_layout":"","bundle_add_to_cart_form_location":"","bundle_editable_in_cart":false,"bundle_sold_individually_context":"","bundle_item_grouping":"","bundle_min_size":"","bundle_max_size":"","bundle_price":[],"bundled_items":[],"bundle_sell_ids":[],"acf":[],"_links":{"self":[{"href":"https:\/\/www.raschvin.com\/sv\/wp-json\/wp\/v2\/product\/16535","targetHints":{"allow":["GET"]}}],"collection":[{"href":"https:\/\/www.raschvin.com\/sv\/wp-json\/wp\/v2\/product"}],"about":[{"href":"https:\/\/www.raschvin.com\/sv\/wp-json\/wp\/v2\/types\/product"}],"wp:featuredmedia":[{"embeddable":true,"href":"https:\/\/www.raschvin.com\/sv\/wp-json\/wp\/v2\/media\/5989"}],"wp:attachment":[{"href":"https:\/\/www.raschvin.com\/sv\/wp-json\/wp\/v2\/media?parent=16535"}],"wp:term":[{"taxonomy":"product_brand","embeddable":true,"href":"https:\/\/www.raschvin.com\/sv\/wp-json\/wp\/v2\/product_brand?post=16535"},{"taxonomy":"product_cat","embeddable":true,"href":"https:\/\/www.raschvin.com\/sv\/wp-json\/wp\/v2\/product_cat?post=16535"},{"taxonomy":"product_tag","embeddable":true,"href":"https:\/\/www.raschvin.com\/sv\/wp-json\/wp\/v2\/product_tag?post=16535"}],"curies":[{"name":"wp","href":"https:\/\/api.w.org\/{rel}","templated":true}]}}