{"id":16531,"date":"2022-05-30T10:05:30","date_gmt":"2022-05-30T08:05:30","guid":{"rendered":"https:\/\/www.raschvin.com\/vare\/pure-shots-org-lakrids\/"},"modified":"2022-12-02T10:21:24","modified_gmt":"2022-12-02T09:21:24","slug":"pure-shots-org-lakrids","status":"publish","type":"product","link":"https:\/\/www.raschvin.com\/sv\/produkt\/pure-shots-org-lakrids\/","title":{"rendered":"Pure Lakrids 70 cl. 16,4%"},"content":{"rendered":"<p>Danmarks mest ber\u00f6mda skott! Pure Lakrids Shots \u00e4r tillverkade p\u00e5 \u00c6GTE LAKRIDS, och det kan smakas. Lakridsen \u00e4r specialutvald grundet dens rene, dybe smak. Roden t\u00f8rres, ristes og pulveriseres for at f\u00e5 mest mulig smag ud af den. Det \u00e4r denna process, det ger den intensiva smaken av en ren och \u00e4kta lakrids.<br \/>\nTil lakridsen till\u00e4ggs salmiaksalt for at bryde den s\u00f8de smag af lakrids. Kombinera frambringer de en harmonisk och afbalanceret smak af saltlakrids, som \u00e4r mjuk och trevlig att njuta. Detta \u00e4r den riktiga smaken av lakrids, som vi k\u00e4nner den, n\u00e4r den \u00e4r b\u00e4st.<br \/>\nVodkaen \u00e4r tillverkad p\u00e5 96% ren alkohol och blandet med aarhusiansk vand och dansk socker. Denna rene form f\u00f6r sprit \u00e4r gjort p\u00e5 korn och rug fram f\u00f6r melass. Det betyder, att spritt inte \u00f6verdrivna ingredienser, men \u00e4r i harmoni med dem och bidrager till shottets rene smag.<br \/>\nKan b\u00e5de njutas som et shot eller mikset i en drink.<br \/>\nB\u00f8r lagras k\u00f8ligt och omrystes, innan den dricker.<\/p>\n<p>RENA SKUTTER<br \/>\nPure Shots producerar i \u00c5rhus och har blivit popul\u00e4ra i Danmark p\u00e5 f\u00e5 \u00e5r. Sj\u00e4lv kallar Pure Shots deras egna produkter f\u00f6r \u201cmuligvis Danmarks bedste shot\u201d.<br \/>\nAlla Pure Shots-produkter \u00e4r skapade och brygget efter samma princip: h\u00f6g kvalitet och god smak tillverkad p\u00e5 de b\u00e4sta r\u00e5varorna. Ingredienserna \u00e4r noggrant utvalda f\u00f6r att ge den b\u00e4sta och renaste smak i varje variant.<br \/>\nI alle produkterna anv\u00e4nds en ren vodka, som laves med mineralholdigt aarhusiansk vand. Vodkaen \u00e4r tillverkad p\u00e5 korn och matta, som ger en mjuk och rund smak. Det betyder, att den \u00e4r i harmoni med ingredienserna och inte \u00f6verdriven dem, vilket \u00e4r s\u00e4ttet p\u00e5 vilket s\u00e4tt shottets rene smag skapas.<\/p>\n","protected":false},"excerpt":{"rendered":"<p>Spiritus Made In Aarhus (DK) \u2013 Mixxed By Hand<\/p>\n","protected":false},"featured_media":30678,"template":"","meta":{"_acf_changed":false,"rs_blank_template":"","rs_page_bg_color":"","slide_template_v7":""},"product_brand":[],"product_cat":[2387,4666,2407,2390,2402],"product_tag":[],"class_list":{"0":"post-16531","1":"product","2":"type-product","3":"status-publish","4":"has-post-thumbnail","6":"product_cat-avec-sv","7":"product_cat-lakrits-sprit","8":"product_cat-shots-sv","9":"product_cat-sprit","10":"product_cat-sprit-sv","11":"pa_land-danmark-sv","12":"pa_procent-16-4-sv","13":"pa_producent-pure-shots-sv","14":"pa_region-aarhus-sv","15":"pa_volume-70-sv-2","17":"first","18":"instock","19":"taxable","20":"shipping-taxable","21":"purchasable","22":"product-type-simple"},"bundled_by":[],"bundle_stock_status":"instock","bundle_stock_quantity":null,"bundle_virtual":false,"bundle_layout":"","bundle_add_to_cart_form_location":"","bundle_editable_in_cart":false,"bundle_sold_individually_context":"","bundle_item_grouping":"","bundle_min_size":"","bundle_max_size":"","bundle_price":[],"bundled_items":[],"bundle_sell_ids":[],"acf":[],"_links":{"self":[{"href":"https:\/\/www.raschvin.com\/sv\/wp-json\/wp\/v2\/product\/16531","targetHints":{"allow":["GET"]}}],"collection":[{"href":"https:\/\/www.raschvin.com\/sv\/wp-json\/wp\/v2\/product"}],"about":[{"href":"https:\/\/www.raschvin.com\/sv\/wp-json\/wp\/v2\/types\/product"}],"wp:featuredmedia":[{"embeddable":true,"href":"https:\/\/www.raschvin.com\/sv\/wp-json\/wp\/v2\/media\/30678"}],"wp:attachment":[{"href":"https:\/\/www.raschvin.com\/sv\/wp-json\/wp\/v2\/media?parent=16531"}],"wp:term":[{"taxonomy":"product_brand","embeddable":true,"href":"https:\/\/www.raschvin.com\/sv\/wp-json\/wp\/v2\/product_brand?post=16531"},{"taxonomy":"product_cat","embeddable":true,"href":"https:\/\/www.raschvin.com\/sv\/wp-json\/wp\/v2\/product_cat?post=16531"},{"taxonomy":"product_tag","embeddable":true,"href":"https:\/\/www.raschvin.com\/sv\/wp-json\/wp\/v2\/product_tag?post=16531"}],"curies":[{"name":"wp","href":"https:\/\/api.w.org\/{rel}","templated":true}]}}